{"id":11,"date":"2023-06-30T23:05:25","date_gmt":"2023-06-30T21:05:25","guid":{"rendered":"http:\/\/skrav.fr\/angenea-wp\/?page_id=11"},"modified":"2023-07-03T17:41:49","modified_gmt":"2023-07-03T15:41:49","slug":"accueil","status":"publish","type":"page","link":"http:\/\/skrav.fr\/angenea-wp\/accueil\/","title":{"rendered":"Accueil"},"content":{"rendered":"\n<div class=\"wp-block-columns is-layout-flex wp-container-core-columns-is-layout-28f84493 wp-block-columns-is-layout-flex\">\n<div class=\"wp-block-column is-layout-flow wp-block-column-is-layout-flow\" style=\"flex-basis:33.33%\">\n<figure class=\"wp-block-image size-full is-resized\"><img loading=\"lazy\" decoding=\"async\" src=\"http:\/\/skrav.fr\/angenea-wp\/wp-content\/uploads\/2023\/07\/depositphotos_29312797-stock-photo-family-therapy_tn.jpg\" alt=\"\" class=\"wp-image-142\" width=\"358\" height=\"358\" srcset=\"http:\/\/skrav.fr\/angenea-wp\/wp-content\/uploads\/2023\/07\/depositphotos_29312797-stock-photo-family-therapy_tn.jpg 680w, http:\/\/skrav.fr\/angenea-wp\/wp-content\/uploads\/2023\/07\/depositphotos_29312797-stock-photo-family-therapy_tn-300x300.jpg 300w, http:\/\/skrav.fr\/angenea-wp\/wp-content\/uploads\/2023\/07\/depositphotos_29312797-stock-photo-family-therapy_tn-150x150.jpg 150w\" sizes=\"auto, (max-width: 358px) 100vw, 358px\" \/><\/figure>\n<\/div>\n\n\n\n<div class=\"wp-block-column is-layout-flow wp-block-column-is-layout-flow\" style=\"flex-basis:66.66%\">\n<p class=\"has-black-color has-text-color has-medium-font-size\">Dans cette page nous pourrons placer tr\u00e8s facilement les derni\u00e8res nouvelles avec des images comme ici, des vid\u00e9os et toutes sortes d\u2019\u00e9l\u00e9ments.<\/p>\n\n\n\n<figure class=\"wp-block-image size-full\"><img loading=\"lazy\" decoding=\"async\" width=\"537\" height=\"380\" src=\"http:\/\/skrav.fr\/angenea-wp\/wp-content\/uploads\/2023\/07\/MathurinMeheut-.webp\" alt=\"\" class=\"wp-image-123\"\/><\/figure>\n<\/div>\n<\/div>\n","protected":false},"excerpt":{"rendered":"<p>Dans cette page nous pourrons placer tr\u00e8s facilement les derni\u00e8res nouvelles avec des images comme ici, des vid\u00e9os et toutes sortes d\u2019\u00e9l\u00e9ments.<\/p>\n","protected":false},"author":1,"featured_media":0,"parent":0,"menu_order":0,"comment_status":"closed","ping_status":"closed","template":"","meta":{"_uag_custom_page_level_css":"","site-sidebar-layout":"default","site-content-layout":"","ast-site-content-layout":"","site-content-style":"default","site-sidebar-style":"default","ast-global-header-display":"","ast-banner-title-visibility":"","ast-main-header-display":"","ast-hfb-above-header-display":"","ast-hfb-below-header-display":"","ast-hfb-mobile-header-display":"","site-post-title":"disabled","ast-breadcrumbs-content":"","ast-featured-img":"","footer-sml-layout":"","theme-transparent-header-meta":"","adv-header-id-meta":"","stick-header-meta":"","header-above-stick-meta":"","header-main-stick-meta":"","header-below-stick-meta":"","astra-migrate-meta-layouts":"default","ast-page-background-enabled":"default","ast-page-background-meta":{"desktop":{"background-color":"var(--ast-global-color-4)","background-image":"","background-repeat":"repeat","background-position":"center center","background-size":"auto","background-attachment":"scroll","background-type":"","background-media":"","overlay-type":"","overlay-color":"","overlay-gradient":""},"tablet":{"background-color":"","background-image":"","background-repeat":"repeat","background-position":"center center","background-size":"auto","background-attachment":"scroll","background-type":"","background-media":"","overlay-type":"","overlay-color":"","overlay-gradient":""},"mobile":{"background-color":"","background-image":"","background-repeat":"repeat","background-position":"center center","background-size":"auto","background-attachment":"scroll","background-type":"","background-media":"","overlay-type":"","overlay-color":"","overlay-gradient":""}},"ast-content-background-meta":{"desktop":{"background-color":"var(--ast-global-color-5)","background-image":"","background-repeat":"repeat","background-position":"center center","background-size":"auto","background-attachment":"scroll","background-type":"","background-media":"","overlay-type":"","overlay-color":"","overlay-gradient":""},"tablet":{"background-color":"var(--ast-global-color-5)","background-image":"","background-repeat":"repeat","background-position":"center center","background-size":"auto","background-attachment":"scroll","background-type":"","background-media":"","overlay-type":"","overlay-color":"","overlay-gradient":""},"mobile":{"background-color":"var(--ast-global-color-5)","background-image":"","background-repeat":"repeat","background-position":"center center","background-size":"auto","background-attachment":"scroll","background-type":"","background-media":"","overlay-type":"","overlay-color":"","overlay-gradient":""}},"footnotes":""},"class_list":["post-11","page","type-page","status-publish","hentry"],"uagb_featured_image_src":{"full":false,"thumbnail":false,"medium":false,"medium_large":false,"large":false,"1536x1536":false,"2048x2048":false},"uagb_author_info":{"display_name":"angenea","author_link":"http:\/\/skrav.fr\/angenea-wp\/author\/angenea\/"},"uagb_comment_info":0,"uagb_excerpt":"Dans cette page nous pourrons placer tr\u00e8s facilement les derni\u00e8res nouvelles avec des images comme ici, des vid\u00e9os et toutes sortes d\u2019\u00e9l\u00e9ments.","_links":{"self":[{"href":"http:\/\/skrav.fr\/angenea-wp\/wp-json\/wp\/v2\/pages\/11","targetHints":{"allow":["GET"]}}],"collection":[{"href":"http:\/\/skrav.fr\/angenea-wp\/wp-json\/wp\/v2\/pages"}],"about":[{"href":"http:\/\/skrav.fr\/angenea-wp\/wp-json\/wp\/v2\/types\/page"}],"author":[{"embeddable":true,"href":"http:\/\/skrav.fr\/angenea-wp\/wp-json\/wp\/v2\/users\/1"}],"replies":[{"embeddable":true,"href":"http:\/\/skrav.fr\/angenea-wp\/wp-json\/wp\/v2\/comments?post=11"}],"version-history":[{"count":16,"href":"http:\/\/skrav.fr\/angenea-wp\/wp-json\/wp\/v2\/pages\/11\/revisions"}],"predecessor-version":[{"id":525,"href":"http:\/\/skrav.fr\/angenea-wp\/wp-json\/wp\/v2\/pages\/11\/revisions\/525"}],"wp:attachment":[{"href":"http:\/\/skrav.fr\/angenea-wp\/wp-json\/wp\/v2\/media?parent=11"}],"curies":[{"name":"wp","href":"https:\/\/api.w.org\/{rel}","templated":true}]}}