{"id":144,"date":"2023-07-03T19:07:33","date_gmt":"2023-07-03T17:07:33","guid":{"rendered":"http:\/\/skrav.fr\/angenea-wp\/?p=144"},"modified":"2024-02-03T12:21:09","modified_gmt":"2024-02-03T11:21:09","slug":"contact","status":"publish","type":"page","link":"http:\/\/skrav.fr\/angenea-wp\/contact\/","title":{"rendered":"Contact"},"content":{"rendered":"\n<div class=\"wp-block-uagb-forms uagb-forms__outer-wrap uagb-block-e2b3e97c uagb-forms__medium-btn\"><form class=\"uagb-forms-main-form\" method=\"post\" autocomplete=\"on\" name=\"uagb-form-e2b3e97c\">\n<div class=\"wp-block-uagb-forms-name uagb-forms-name-wrap uagb-forms-field-set uagb-block-ce87c2e5\"><div class=\"uagb-forms-name-label obligatoire uagb-forms-input-label\" id=\"ce87c2e5\">Pr\u00e9nom<\/div><input type=\"text\" placeholder=\"John\" required class=\"uagb-forms-name-input uagb-forms-input\" name=\"ce87c2e5\" autocomplete=\"given-name\"\/><\/div>\n\n\n\n<div class=\"wp-block-uagb-forms-name uagb-forms-name-wrap uagb-forms-field-set uagb-block-f98afe45\"><div class=\"uagb-forms-name-label obligatoire uagb-forms-input-label\" id=\"f98afe45\">Nom de Famille<\/div><input type=\"text\" placeholder=\"Doe\" required class=\"uagb-forms-name-input uagb-forms-input\" name=\"f98afe45\" autocomplete=\"family-name\"\/><\/div>\n\n\n\n<div class=\"wp-block-uagb-forms-email uagb-forms-email-wrap uagb-forms-field-set uagb-block-2a1a4b72\"><div class=\"uagb-forms-email-label  uagb-forms-input-label\" id=\"2a1a4b72\">Courriel<\/div><input type=\"email\" class=\"uagb-forms-email-input uagb-forms-input\" placeholder=\"exemple@mail.com\" name=\"2a1a4b72\" autocomplete=\"email\"\/><\/div>\n\n\n\n<div class=\"wp-block-uagb-forms-textarea uagb-forms-textarea-wrap uagb-forms-field-set uagb-block-4bdc7a05\"><div class=\"uagb-forms-textarea-label obligatoire uagb-forms-input-label\" id=\"4bdc7a05\">Message<\/div><textarea required class=\"uagb-forms-textarea-input uagb-forms-input\" rows=\"4\" placeholder=\"Saisissez votre message\" name=\"4bdc7a05\" autocomplete=\"off\"><\/textarea><\/div>\n<div class=\"uagb-forms-form-hidden-data\"><input type=\"hidden\" class=\"uagb_forms_form_label\" value=\"Formulaire Spectra\"\/><input type=\"hidden\" class=\"uagb_forms_form_id\" value=\"uagb-form-e2b3e97c\"\/><\/div><div class=\"uagb-form-reacaptcha-error-e2b3e97c\"><\/div><div class=\"uagb-forms-main-submit-button-wrap wp-block-button\"><button class=\"uagb-forms-main-submit-button wp-block-button__link\"><div class=\"uagb-forms-main-submit-button-text\">Envoyer<\/div><\/button><\/div><\/form><div class=\"uagb-forms-success-message-e2b3e97c uagb-forms-submit-message-hide\"><span>Le formulaire a bien \u00e9t\u00e9 envoy\u00e9\u00a0!<\/span><\/div><div class=\"uagb-forms-failed-message-e2b3e97c uagb-forms-submit-message-hide\"><span>Une erreur s\u2019est produite lors de l\u2019envoi du formulaire. Veuillez v\u00e9rifier \u00e0 nouveau tous les champs du formulaire.<\/span><\/div><\/div>\n","protected":false},"excerpt":{"rendered":"","protected":false},"author":1,"featured_media":0,"parent":0,"menu_order":0,"comment_status":"closed","ping_status":"open","template":"","meta":{"_uag_custom_page_level_css":"","site-sidebar-layout":"default","site-content-layout":"","ast-site-content-layout":"default","site-content-style":"default","site-sidebar-style":"default","ast-global-header-display":"","ast-banner-title-visibility":"","ast-main-header-display":"","ast-hfb-above-header-display":"","ast-hfb-below-header-display":"","ast-hfb-mobile-header-display":"","site-post-title":"","ast-breadcrumbs-content":"","ast-featured-img":"","footer-sml-layout":"","theme-transparent-header-meta":"","adv-header-id-meta":"","stick-header-meta":"","header-above-stick-meta":"","header-main-stick-meta":"","header-below-stick-meta":"","astra-migrate-meta-layouts":"set","ast-page-background-enabled":"default","ast-page-background-meta":{"desktop":{"background-color":"var(--ast-global-color-4)","background-image":"","background-repeat":"repeat","background-position":"center center","background-size":"auto","background-attachment":"scroll","background-type":"","background-media":"","overlay-type":"","overlay-color":"","overlay-gradient":""},"tablet":{"background-color":"","background-image":"","background-repeat":"repeat","background-position":"center center","background-size":"auto","background-attachment":"scroll","background-type":"","background-media":"","overlay-type":"","overlay-color":"","overlay-gradient":""},"mobile":{"background-color":"","background-image":"","background-repeat":"repeat","background-position":"center center","background-size":"auto","background-attachment":"scroll","background-type":"","background-media":"","overlay-type":"","overlay-color":"","overlay-gradient":""}},"ast-content-background-meta":{"desktop":{"background-color":"var(--ast-global-color-5)","background-image":"","background-repeat":"repeat","background-position":"center center","background-size":"auto","background-attachment":"scroll","background-type":"","background-media":"","overlay-type":"","overlay-color":"","overlay-gradient":""},"tablet":{"background-color":"var(--ast-global-color-5)","background-image":"","background-repeat":"repeat","background-position":"center center","background-size":"auto","background-attachment":"scroll","background-type":"","background-media":"","overlay-type":"","overlay-color":"","overlay-gradient":""},"mobile":{"background-color":"var(--ast-global-color-5)","background-image":"","background-repeat":"repeat","background-position":"center center","background-size":"auto","background-attachment":"scroll","background-type":"","background-media":"","overlay-type":"","overlay-color":"","overlay-gradient":""}},"footnotes":""},"class_list":["post-144","page","type-page","status-publish","hentry"],"uagb_featured_image_src":{"full":false,"thumbnail":false,"medium":false,"medium_large":false,"large":false,"1536x1536":false,"2048x2048":false},"uagb_author_info":{"display_name":"angenea","author_link":"http:\/\/skrav.fr\/angenea-wp\/author\/angenea\/"},"uagb_comment_info":0,"uagb_excerpt":null,"_links":{"self":[{"href":"http:\/\/skrav.fr\/angenea-wp\/wp-json\/wp\/v2\/pages\/144","targetHints":{"allow":["GET"]}}],"collection":[{"href":"http:\/\/skrav.fr\/angenea-wp\/wp-json\/wp\/v2\/pages"}],"about":[{"href":"http:\/\/skrav.fr\/angenea-wp\/wp-json\/wp\/v2\/types\/page"}],"author":[{"embeddable":true,"href":"http:\/\/skrav.fr\/angenea-wp\/wp-json\/wp\/v2\/users\/1"}],"replies":[{"embeddable":true,"href":"http:\/\/skrav.fr\/angenea-wp\/wp-json\/wp\/v2\/comments?post=144"}],"version-history":[{"count":12,"href":"http:\/\/skrav.fr\/angenea-wp\/wp-json\/wp\/v2\/pages\/144\/revisions"}],"predecessor-version":[{"id":503,"href":"http:\/\/skrav.fr\/angenea-wp\/wp-json\/wp\/v2\/pages\/144\/revisions\/503"}],"wp:attachment":[{"href":"http:\/\/skrav.fr\/angenea-wp\/wp-json\/wp\/v2\/media?parent=144"}],"curies":[{"name":"wp","href":"https:\/\/api.w.org\/{rel}","templated":true}]}}