{"id":171,"date":"2023-07-03T23:40:38","date_gmt":"2023-07-03T21:40:38","guid":{"rendered":"http:\/\/skrav.fr\/angenea-wp\/?page_id=171"},"modified":"2024-02-03T12:03:21","modified_gmt":"2024-02-03T11:03:21","slug":"permanences","status":"publish","type":"page","link":"http:\/\/skrav.fr\/angenea-wp\/permanences\/","title":{"rendered":"Permanences"},"content":{"rendered":"\n<p class=\"has-text-align-center has-ast-global-color-2-color has-text-color has-link-color wp-elements-fec62eb4c7a64ad733eda41f59482a29\"><b><span style=\"color: black;\">L&rsquo;association A.N.GENEA est ouverte: <\/span><\/b><\/p>\n\n\n\n<p class=\"has-text-align-center has-ast-global-color-2-color has-text-color has-link-color wp-elements-4647e8bedbc9de26314a6a002719b65f\"><b><span style=\"color: black;\">tous les jeudis de 14h \u00e0 19h<\/span><\/b><\/p>\n\n\n\n<p class=\"has-text-align-center has-ast-global-color-2-color has-text-color has-link-color wp-elements-0d940b7fc0364bf7a98f05c2af5559f1\"><span style=\"color: black;\">L&rsquo;Association Nazairienne de G\u00e9n\u00e9alogie<br>M<\/span><b><span style=\"color: black;\">aison des Associations AGORA<br>2 bis, Avenue Albert De Mun<br>44600 ST NAZAIRE<\/span><\/b><b> <\/b><\/p>\n\n\n\n<p class=\"has-text-align-center\"><b><span style=\"color: #ff0000; font-family: Arial;\">Pendant les vacances scolaires la maison des associations est ferm\u00e9e le samedi.<\/span><\/b><\/p>\n\n\n\n<p class=\"has-text-align-center\"><b><span style=\"color: #ff0000; font-family: Arial;\">Fermeture juillet et ao\u00fbt ainsi que la semaine 52.<\/span><\/b><\/p>\n\n\n\n<p class=\"has-text-align-center has-ast-global-color-2-color has-text-color has-link-color wp-elements-273e899101fb5ede7349ca61b621dd0e\"><b><\/b><b><span style=\"color: black;\">Vous pouvez nous joindre&nbsp; par : <br>Courrier classique \u00e0 l&rsquo;adresse ci-dessus <br><\/span><\/b><\/p>\n\n\n\n<p class=\"has-text-align-center\"><b><span style=\"color: black;\">Par e-mail en cliquant sur l&rsquo;image ci-dessous <\/span><\/b><\/p>\n\n\n\n<p class=\"has-text-align-center\"><b><span style=\"color: black;\">\u00c0 bient\u00f4t. <\/span><\/b><\/p>\n\n\n\n<div class=\"wp-block-columns is-layout-flex wp-container-core-columns-is-layout-28f84493 wp-block-columns-is-layout-flex\">\n<div class=\"wp-block-column is-layout-constrained wp-block-column-is-layout-constrained\"><\/div>\n\n\n\n<div class=\"wp-block-column is-layout-flow wp-block-column-is-layout-flow\" style=\"flex-basis:120px\">\n<figure class=\"wp-block-image size-full is-resized\"><a href=\"http:\/\/skrav.fr\/angenea-wp\/2023\/07\/03\/contact\/\" target=\"_blank\" rel=\"noreferrer noopener\"><img loading=\"lazy\" decoding=\"async\" width=\"115\" height=\"101\" src=\"http:\/\/skrav.fr\/angenea-wp\/wp-content\/uploads\/2023\/07\/email_anime.gif\" alt=\"\" class=\"wp-image-165\" style=\"aspect-ratio:1.1372549019607843;width:122px;height:auto\"\/><\/a><\/figure>\n<\/div>\n\n\n\n<div class=\"wp-block-column is-layout-flow wp-block-column-is-layout-flow\"><\/div>\n<\/div>\n","protected":false},"excerpt":{"rendered":"<p>L&rsquo;association A.N.GENEA est ouverte: tous les jeudis de 14h \u00e0 19h L&rsquo;Association Nazairienne de G\u00e9n\u00e9alogieMaison des Associations AGORA2 bis, Avenue Albert De Mun44600 ST NAZAIRE Pendant les vacances scolaires la maison des associations est ferm\u00e9e le samedi. Fermeture juillet et ao\u00fbt ainsi que la semaine 52. Vous pouvez nous joindre&nbsp; par : Courrier classique \u00e0 &hellip;<\/p>\n<p class=\"read-more\"> <a class=\"\" href=\"http:\/\/skrav.fr\/angenea-wp\/permanences\/\"> <span class=\"screen-reader-text\">Permanences<\/span> Lire la suite\u00a0\u00bb<\/a><\/p>\n","protected":false},"author":1,"featured_media":0,"parent":0,"menu_order":0,"comment_status":"closed","ping_status":"closed","template":"","meta":{"_uag_custom_page_level_css":"","site-sidebar-layout":"default","site-content-layout":"","ast-site-content-layout":"default","site-content-style":"default","site-sidebar-style":"default","ast-global-header-display":"","ast-banner-title-visibility":"","ast-main-header-display":"","ast-hfb-above-header-display":"","ast-hfb-below-header-display":"","ast-hfb-mobile-header-display":"","site-post-title":"","ast-breadcrumbs-content":"","ast-featured-img":"","footer-sml-layout":"","theme-transparent-header-meta":"","adv-header-id-meta":"","stick-header-meta":"","header-above-stick-meta":"","header-main-stick-meta":"","header-below-stick-meta":"","astra-migrate-meta-layouts":"set","ast-page-background-enabled":"default","ast-page-background-meta":{"desktop":{"background-color":"var(--ast-global-color-4)","background-image":"","background-repeat":"repeat","background-position":"center center","background-size":"auto","background-attachment":"scroll","background-type":"","background-media":"","overlay-type":"","overlay-color":"","overlay-gradient":""},"tablet":{"background-color":"","background-image":"","background-repeat":"repeat","background-position":"center center","background-size":"auto","background-attachment":"scroll","background-type":"","background-media":"","overlay-type":"","overlay-color":"","overlay-gradient":""},"mobile":{"background-color":"","background-image":"","background-repeat":"repeat","background-position":"center center","background-size":"auto","background-attachment":"scroll","background-type":"","background-media":"","overlay-type":"","overlay-color":"","overlay-gradient":""}},"ast-content-background-meta":{"desktop":{"background-color":"var(--ast-global-color-5)","background-image":"","background-repeat":"repeat","background-position":"center center","background-size":"auto","background-attachment":"scroll","background-type":"","background-media":"","overlay-type":"","overlay-color":"","overlay-gradient":""},"tablet":{"background-color":"var(--ast-global-color-5)","background-image":"","background-repeat":"repeat","background-position":"center center","background-size":"auto","background-attachment":"scroll","background-type":"","background-media":"","overlay-type":"","overlay-color":"","overlay-gradient":""},"mobile":{"background-color":"var(--ast-global-color-5)","background-image":"","background-repeat":"repeat","background-position":"center center","background-size":"auto","background-attachment":"scroll","background-type":"","background-media":"","overlay-type":"","overlay-color":"","overlay-gradient":""}},"footnotes":""},"class_list":["post-171","page","type-page","status-publish","hentry"],"uagb_featured_image_src":{"full":false,"thumbnail":false,"medium":false,"medium_large":false,"large":false,"1536x1536":false,"2048x2048":false},"uagb_author_info":{"display_name":"angenea","author_link":"http:\/\/skrav.fr\/angenea-wp\/author\/angenea\/"},"uagb_comment_info":0,"uagb_excerpt":"L&rsquo;association A.N.GENEA est ouverte: tous les jeudis de 14h \u00e0 19h L&rsquo;Association Nazairienne de G\u00e9n\u00e9alogieMaison des Associations AGORA2 bis, Avenue Albert De Mun44600 ST NAZAIRE Pendant les vacances scolaires la maison des associations est ferm\u00e9e le samedi. Fermeture juillet et ao\u00fbt ainsi que la semaine 52. Vous pouvez nous joindre&nbsp; par : Courrier classique \u00e0\u2026","_links":{"self":[{"href":"http:\/\/skrav.fr\/angenea-wp\/wp-json\/wp\/v2\/pages\/171","targetHints":{"allow":["GET"]}}],"collection":[{"href":"http:\/\/skrav.fr\/angenea-wp\/wp-json\/wp\/v2\/pages"}],"about":[{"href":"http:\/\/skrav.fr\/angenea-wp\/wp-json\/wp\/v2\/types\/page"}],"author":[{"embeddable":true,"href":"http:\/\/skrav.fr\/angenea-wp\/wp-json\/wp\/v2\/users\/1"}],"replies":[{"embeddable":true,"href":"http:\/\/skrav.fr\/angenea-wp\/wp-json\/wp\/v2\/comments?post=171"}],"version-history":[{"count":10,"href":"http:\/\/skrav.fr\/angenea-wp\/wp-json\/wp\/v2\/pages\/171\/revisions"}],"predecessor-version":[{"id":500,"href":"http:\/\/skrav.fr\/angenea-wp\/wp-json\/wp\/v2\/pages\/171\/revisions\/500"}],"wp:attachment":[{"href":"http:\/\/skrav.fr\/angenea-wp\/wp-json\/wp\/v2\/media?parent=171"}],"curies":[{"name":"wp","href":"https:\/\/api.w.org\/{rel}","templated":true}]}}