{"id":344,"date":"2023-09-21T17:04:57","date_gmt":"2023-09-21T15:04:57","guid":{"rendered":"http:\/\/skrav.fr\/angenea-wp\/?page_id=344"},"modified":"2024-03-04T19:41:43","modified_gmt":"2024-03-04T18:41:43","slug":"table-a-vendre","status":"publish","type":"page","link":"http:\/\/skrav.fr\/angenea-wp\/table-a-vendre\/","title":{"rendered":"Table \u00e0 vendre"},"content":{"rendered":"\n<h1 class=\"wp-block-heading\">Tables \u00e0 vendre ou \u00e0 consulter \u00e0 Ang\u00e9n\u00e9a<\/h1>\n\n\n\n<p><a href=\"http:\/\/angenea.fr\/Site%20IziSpot%20en%20HTML%5b3%5d\/bon_de_commande_425.htm\" target=\"_blank\" rel=\"noreferrer noopener\">Bon de commande<\/a><\/p>\n\n\n\n<p><strong>Cliquez sur le d\u00e9partement de votre choix<\/strong><\/p>\n\n\n\n<div class=\"wp-block-columns is-layout-flex wp-container-core-columns-is-layout-28f84493 wp-block-columns-is-layout-flex\">\n<div class=\"wp-block-column is-layout-flow wp-block-column-is-layout-flow\">\n<p class=\"has-text-align-center has-ast-global-color-1-color has-text-color has-link-color has-medium-font-size wp-elements-607ab74623ce893eaadf61a2618b7015\"><a href=\"http:\/\/angenea.fr\/Tables\/departement_44_280.htm\" target=\"_blank\" rel=\"noreferrer noopener\">Loire Atlantique (44)<\/a><\/p>\n<\/div>\n<\/div>\n\n\n\n<div class=\"wp-block-columns is-layout-flex wp-container-core-columns-is-layout-28f84493 wp-block-columns-is-layout-flex\">\n<div class=\"wp-block-column is-layout-flow wp-block-column-is-layout-flow\">\n<p class=\"has-ast-global-color-1-color has-text-color has-link-color has-medium-font-size wp-elements-5268e3c4a5335c80cd4717ba5fecc891\"><a href=\"http:\/\/angenea.fr\/Site%20IziSpot%20en%20HTML%5b3%5d\/departement_56_292.htm\" target=\"_blank\" rel=\"noreferrer noopener\">Morbihan (56)<\/a><\/p>\n<\/div>\n\n\n\n<div class=\"wp-block-column is-layout-flow wp-block-column-is-layout-flow\">\n<p class=\"has-ast-global-color-1-color has-text-color has-link-color has-medium-font-size wp-elements-d81f07dcce16d97d3b354e1cc0577e05\"><a href=\"http:\/\/angenea.fr\/Site%20IziSpot%20en%20HTML%5b3%5d\/departements_21_et_22_293.htm\" target=\"_blank\" rel=\"noreferrer noopener\">C\u00f4tes d\u2019armor (22)<\/a><\/p>\n<\/div>\n\n\n\n<div class=\"wp-block-column is-layout-flow wp-block-column-is-layout-flow\">\n<p class=\"has-ast-global-color-1-color has-text-color has-link-color has-medium-font-size wp-elements-803e6a9e8168f8ac375cd33a45e4a834\"><a href=\"http:\/\/angenea.fr\/Site%20IziSpot%20en%20HTML%5b3%5d\/departements_35_et_49_294.htm\" target=\"_blank\" rel=\"noreferrer noopener\">Ille et Vilaine (35)<\/a><\/p>\n<\/div>\n<\/div>\n\n\n\n<div class=\"wp-block-columns is-layout-flex wp-container-core-columns-is-layout-28f84493 wp-block-columns-is-layout-flex\">\n<div class=\"wp-block-column is-layout-flow wp-block-column-is-layout-flow\">\n<p class=\"has-ast-global-color-1-color has-text-color has-link-color has-medium-font-size wp-elements-4e51685b67c04e03f38c8b16a88ba21d\"><a href=\"http:\/\/angenea.fr\/Site%20IziSpot%20en%20HTML%5b3%5d\/departements_21_et_22_293.htm\" target=\"_blank\" rel=\"noreferrer noopener\">C\u00f4te d\u2019Or (21)<\/a><\/p>\n<\/div>\n\n\n\n<div class=\"wp-block-column is-layout-flow wp-block-column-is-layout-flow\">\n<p class=\"has-ast-global-color-1-color has-text-color has-link-color has-medium-font-size wp-elements-bac367e62b1d99420c7c9db153c8bda7\"><a href=\"http:\/\/angenea.fr\/Site%20IziSpot%20en%20HTML%5b3%5d\/departements_35_et_49_294.htm\" target=\"_blank\" rel=\"noreferrer noopener\">Maine et Loire (49<\/a><strong><u>)<\/u><\/strong><\/p>\n<\/div>\n\n\n\n<div class=\"wp-block-column is-layout-flow wp-block-column-is-layout-flow\">\n<p class=\"has-ast-global-color-1-color has-text-color has-link-color has-medium-font-size wp-elements-eba572015675535cc84a3dede048cce8\"><a href=\"http:\/\/angenea.fr\/Site%20IziSpot%20en%20HTML%5b3%5d\/departement_41_295.htm\" target=\"_blank\" rel=\"noreferrer noopener\">Loir et Cher (41)<\/a><\/p>\n<\/div>\n<\/div>\n\n\n\n<div class=\"wp-block-columns is-layout-flex wp-container-core-columns-is-layout-28f84493 wp-block-columns-is-layout-flex\">\n<div class=\"wp-block-column is-layout-flow wp-block-column-is-layout-flow\">\n<p class=\"has-ast-global-color-1-color has-text-color has-link-color has-medium-font-size wp-elements-feb6af3dc5affb7d2c9b429b2fedc2ea\"><a href=\"http:\/\/angenea.fr\/Site%20IziSpot%20en%20HTML%5b3%5d\/departement_61_296.htm\" target=\"_blank\" rel=\"noreferrer noopener\">Orne (61)<\/a><\/p>\n<\/div>\n\n\n\n<div class=\"wp-block-column is-layout-flow wp-block-column-is-layout-flow\">\n<p class=\"has-ast-global-color-1-color has-text-color has-link-color has-medium-font-size wp-elements-c0efe02fd33834cae2765a2c77fb6da1\"><a href=\"http:\/\/angenea.fr\/Site%20IziSpot%20en%20HTML%5b3%5d\/departements_70__71_et_76_297.htm\" target=\"_blank\" rel=\"noreferrer noopener\">Haute Sa\u00f4ne (70)<\/a><\/p>\n<\/div>\n\n\n\n<div class=\"wp-block-column is-layout-flow wp-block-column-is-layout-flow\">\n<p class=\"has-ast-global-color-1-color has-text-color has-link-color has-medium-font-size wp-elements-5242d15da30cd2c344eca78f393a5708\"><a href=\"http:\/\/angenea.fr\/Site%20IziSpot%20en%20HTML%5b3%5d\/departements_70__71_et_76_297.htm\" target=\"_blank\" rel=\"noreferrer noopener\">Sa\u00f4ne et Loire (71)<\/a><\/p>\n<\/div>\n<\/div>\n","protected":false},"excerpt":{"rendered":"<p>Tables \u00e0 vendre ou \u00e0 consulter \u00e0 Ang\u00e9n\u00e9a Bon de commande Cliquez sur le d\u00e9partement de votre choix Loire Atlantique (44) Morbihan (56) C\u00f4tes d\u2019armor (22) Ille et Vilaine (35) C\u00f4te d\u2019Or (21) Maine et Loire (49) Loir et Cher (41) Orne (61) Haute Sa\u00f4ne (70) Sa\u00f4ne et Loire (71)<\/p>\n","protected":false},"author":1,"featured_media":0,"parent":0,"menu_order":0,"comment_status":"closed","ping_status":"closed","template":"","meta":{"_uag_custom_page_level_css":"","site-sidebar-layout":"default","site-content-layout":"","ast-site-content-layout":"default","site-content-style":"default","site-sidebar-style":"default","ast-global-header-display":"","ast-banner-title-visibility":"","ast-main-header-display":"","ast-hfb-above-header-display":"","ast-hfb-below-header-display":"","ast-hfb-mobile-header-display":"","site-post-title":"","ast-breadcrumbs-content":"","ast-featured-img":"","footer-sml-layout":"","theme-transparent-header-meta":"","adv-header-id-meta":"","stick-header-meta":"","header-above-stick-meta":"","header-main-stick-meta":"","header-below-stick-meta":"","astra-migrate-meta-layouts":"set","ast-page-background-enabled":"default","ast-page-background-meta":{"desktop":{"background-color":"var(--ast-global-color-4)","background-image":"","background-repeat":"repeat","background-position":"center center","background-size":"auto","background-attachment":"scroll","background-type":"","background-media":"","overlay-type":"","overlay-color":"","overlay-gradient":""},"tablet":{"background-color":"","background-image":"","background-repeat":"repeat","background-position":"center center","background-size":"auto","background-attachment":"scroll","background-type":"","background-media":"","overlay-type":"","overlay-color":"","overlay-gradient":""},"mobile":{"background-color":"","background-image":"","background-repeat":"repeat","background-position":"center center","background-size":"auto","background-attachment":"scroll","background-type":"","background-media":"","overlay-type":"","overlay-color":"","overlay-gradient":""}},"ast-content-background-meta":{"desktop":{"background-color":"var(--ast-global-color-5)","background-image":"","background-repeat":"repeat","background-position":"center center","background-size":"auto","background-attachment":"scroll","background-type":"","background-media":"","overlay-type":"","overlay-color":"","overlay-gradient":""},"tablet":{"background-color":"var(--ast-global-color-5)","background-image":"","background-repeat":"repeat","background-position":"center center","background-size":"auto","background-attachment":"scroll","background-type":"","background-media":"","overlay-type":"","overlay-color":"","overlay-gradient":""},"mobile":{"background-color":"var(--ast-global-color-5)","background-image":"","background-repeat":"repeat","background-position":"center center","background-size":"auto","background-attachment":"scroll","background-type":"","background-media":"","overlay-type":"","overlay-color":"","overlay-gradient":""}},"footnotes":""},"class_list":["post-344","page","type-page","status-publish","hentry"],"uagb_featured_image_src":{"full":false,"thumbnail":false,"medium":false,"medium_large":false,"large":false,"1536x1536":false,"2048x2048":false},"uagb_author_info":{"display_name":"angenea","author_link":"http:\/\/skrav.fr\/angenea-wp\/author\/angenea\/"},"uagb_comment_info":0,"uagb_excerpt":"Tables \u00e0 vendre ou \u00e0 consulter \u00e0 Ang\u00e9n\u00e9a Bon de commande Cliquez sur le d\u00e9partement de votre choix Loire Atlantique (44) Morbihan (56) C\u00f4tes d\u2019armor (22) Ille et Vilaine (35) C\u00f4te d\u2019Or (21) Maine et Loire (49) Loir et Cher (41) Orne (61) Haute Sa\u00f4ne (70) Sa\u00f4ne et Loire (71)","_links":{"self":[{"href":"http:\/\/skrav.fr\/angenea-wp\/wp-json\/wp\/v2\/pages\/344","targetHints":{"allow":["GET"]}}],"collection":[{"href":"http:\/\/skrav.fr\/angenea-wp\/wp-json\/wp\/v2\/pages"}],"about":[{"href":"http:\/\/skrav.fr\/angenea-wp\/wp-json\/wp\/v2\/types\/page"}],"author":[{"embeddable":true,"href":"http:\/\/skrav.fr\/angenea-wp\/wp-json\/wp\/v2\/users\/1"}],"replies":[{"embeddable":true,"href":"http:\/\/skrav.fr\/angenea-wp\/wp-json\/wp\/v2\/comments?post=344"}],"version-history":[{"count":17,"href":"http:\/\/skrav.fr\/angenea-wp\/wp-json\/wp\/v2\/pages\/344\/revisions"}],"predecessor-version":[{"id":515,"href":"http:\/\/skrav.fr\/angenea-wp\/wp-json\/wp\/v2\/pages\/344\/revisions\/515"}],"wp:attachment":[{"href":"http:\/\/skrav.fr\/angenea-wp\/wp-json\/wp\/v2\/media?parent=344"}],"curies":[{"name":"wp","href":"https:\/\/api.w.org\/{rel}","templated":true}]}}