{"id":70,"date":"2023-07-01T16:46:16","date_gmt":"2023-07-01T14:46:16","guid":{"rendered":"http:\/\/skrav.fr\/angenea-wp\/?page_id=70"},"modified":"2023-07-01T16:59:43","modified_gmt":"2023-07-01T14:59:43","slug":"forum-2","status":"publish","type":"page","link":"http:\/\/skrav.fr\/angenea-wp\/forum-2\/","title":{"rendered":"Forum"},"content":{"rendered":"\n<table align=\"center\" border=\"0\" cellpadding=\"0\" cellspacing=\"0\"\nwidth=\"100%\">\n<tbody>\n<tr>\n<td><!--ACTUA16||||||||||||||||-->\n<p align=\"center\"><font color=\"#003300\" face=\"Verdana\" size=\"6\">Participants\ninvit\u00e9s&nbsp;au 7\u00e8me forum<\/font> <\/p>\n<p align=\"center\">&nbsp;<\/p>\n<p align=\"center\"><font color=\"#005959\" face=\"Verdana\" size=\"3\"><font\nsize=\"2\"><strong><em>Genea Prime<\/em><\/strong><\/font><a href=\"http:\/\/geneaprime.fr\/\" target=\"\" rel=\"noopener\"><font color=\"#0066cc\"\nface=\"Verdana\" size=\"2\"><strong><em><u> lien<\/u><\/em><\/strong><\/font><\/a><\/font><\/p>\n<p align=\"center\"><font color=\"#005959\" face=\"Verdana\" size=\"2\"><strong><em>G\u00e9n\u00e9alogie\nen Corr\u00e8ze<\/em><\/strong><\/font><\/p>\n<p align=\"center\"><font color=\"#005959\" face=\"Verdana\" size=\"2\"><strong><em>Mr\nCochard (vieux journaux)<\/em><\/strong><\/font><\/p>\n<p align=\"center\"><font color=\"#005959\" face=\"Verdana\"><font\nsize=\"2\"><strong><em>Genea Concept <\/em><\/strong><\/font><a href=\"http:\/\/www.geneaconcept.fr\/\" target=\"\" rel=\"noopener\"><font color=\"#0066cc\"\nface=\"Verdana\" size=\"2\"><strong><em><u>lien<\/u><\/em><\/strong><\/font><\/a><font\nsize=\"2\"><strong><em> <\/em><\/strong><\/font><\/font><\/p>\n<p align=\"center\"><font color=\"#005959\" face=\"Verdana\" size=\"2\"><strong><em>Gu\u00e9rande<\/em><\/strong><\/font><\/p>\n<p align=\"center\"><font color=\"#005959\" face=\"Verdana\"><font\nsize=\"2\"><strong><em>Histoires Vives <\/em><\/strong><\/font><a href=\"http:\/\/www.histoiresvives.com\/\" target=\"\" rel=\"noopener\"><font color=\"#0066cc\"\nface=\"Verdana\" size=\"2\"><strong><em><u>lien<\/u><\/em><\/strong><\/font><\/a><font\nsize=\"2\"><strong><em> <\/em><\/strong><\/font><\/font><\/p>\n<p align=\"center\"><font color=\"#005959\" face=\"Verdana\" size=\"2\"><strong><em>Mme\nCabon( \u00e9crivain )<\/em><\/strong><\/font><\/p>\n<p align=\"center\"><font color=\"#005959\" face=\"Verdana\" size=\"2\"><strong><em>G\u00e9n\u00e9aPrime<\/em><\/strong><\/font><\/p>\n<p align=\"center\"><font color=\"#005959\" face=\"Verdana\"><font\nsize=\"2\"><strong><em>A.Gen.A (Angers) <\/em><\/strong><\/font><a href=\"http:\/\/www.agena49.org\/\" target=\"_blank\" rel=\"noopener\"><font color=\"#0066cc\"\nface=\"Verdana\" size=\"2\"><strong><em><u>lien<\/u><\/em><\/strong><\/font><\/a><font\nsize=\"2\"><strong><em> <\/em><\/strong><\/font><\/font><\/p>\n<p align=\"center\"><font color=\"#005959\" face=\"Verdana\"><font\nsize=\"2\"><strong><em>AGV (Vertou)<\/em><\/strong><\/font><a href=\"http:\/\/www.agv44.org\/site\/index.php?op=edito\" target=\"\" rel=\"noopener\"><font\ncolor=\"#0066cc\" face=\"Verdana\" size=\"2\"><strong><em><u> lien<\/u><\/em><\/strong><\/font><\/a><font\nsize=\"2\"><strong><em> <\/em><\/strong><\/font><\/font><\/p>\n<p align=\"center\"><font color=\"#005959\" face=\"Verdana\" size=\"2\"><strong><em>La\nPierre Chaude Saint Joachim<\/em><\/strong><\/font><\/p>\n<p align=\"center\"><font color=\"#005959\" face=\"Verdana\" size=\"2\"><strong><em>Cousins\nde la&nbsp;Marquise<\/em><\/strong><\/font><\/p>\n<p align=\"center\"><font color=\"#005959\" face=\"Verdana\" size=\"2\"><strong><em>G\u00e9n\u00e9atique\n(logiciels) <\/em><\/strong><\/font><\/p>\n<p align=\"center\"><font face=\"Verdana\"><font size=\"2\"><strong><em><font\ncolor=\"#005959\">CGLA (Nantes)<\/font><font color=\"#0066cc\"\nface=\"Verdana\"><a href=\"http:\/\/www.cgla44.org\/\" target=\"\" rel=\"noopener\"><u> lien<\/u><\/a><\/font><\/em><\/strong><\/font><\/font><\/p>\n<p align=\"center\"><font color=\"#005959\" face=\"Verdana\" size=\"2\"><strong><em>M\u00e9moire\nVivante de F\u00e9gr\u00e9ac<\/em><\/strong><\/font><\/p>\n<p align=\"center\"><font color=\"#005959\" face=\"Verdana\" size=\"2\"><strong><em>Cercle\nG\u00e9n\u00e9alogique&nbsp; PTT<\/em><\/strong><\/font><\/p>\n<p align=\"center\"><font color=\"#005959\" face=\"Verdana\" size=\"2\"><strong><em>SLA\nCholet<\/em><\/strong><\/font><\/p>\n<p align=\"center\"><font color=\"#005959\" face=\"Verdana\"><font\nsize=\"2\"><strong><em>CGV (Vend\u00e9e)<\/em><\/strong><\/font><a href=\"http:\/\/cgv85.free.fr\/cariboost1\/\" target=\"_blank\" rel=\"noopener\"><font\ncolor=\"#0066cc\" face=\"Verdana\" size=\"2\"><strong><em><u> lien<\/u><\/em><\/strong><\/font><\/a><font\nsize=\"2\"><strong><em> <\/em><\/strong><\/font><\/font><\/p>\n<p align=\"center\"><font color=\"#005959\" face=\"Verdana\" size=\"2\"><strong><em>Mme\nGoulletquer Psyco-g\u00e9n\u00e9alogie<\/em><\/strong><\/font><\/p>\n<p align=\"center\"><font color=\"#005959\" face=\"Verdana\" size=\"2\"><strong><em>Nau\n(famille)<\/em><\/strong><\/font><\/p>\n<p align=\"center\"><font color=\"#005959\" face=\"Verdana\" size=\"2\"><strong><em>Loiret\nG\u00e9n\u00e9alogique<\/em><\/strong><\/font><\/p>\n<p align=\"center\"><font color=\"#005959\" face=\"Verdana\"><font\nsize=\"2\"><strong><em>CGSB (Morbihan) <\/em><\/strong><\/font><a href=\"http:\/\/www.cgsb56.asso.fr\/\" target=\"_blank\" rel=\"noopener\"><font color=\"#0066cc\"\nface=\"Verdana\" size=\"2\"><strong><em><u>lien<\/u><\/em><\/strong><\/font><\/a><font\nsize=\"2\"><strong><em> <\/em><\/strong><\/font><\/font><\/p>\n<p align=\"center\"><font color=\"#005959\" face=\"Verdana\" size=\"2\"><strong><em>Sarzeau\n(Mr Pedron)<\/em><\/strong><\/font><\/p>\n<p align=\"center\"><font color=\"#005959\" face=\"Verdana\" size=\"2\"><strong><em>Family\nSearch<\/em><\/strong><\/font><\/p>\n<p align=\"center\"><font color=\"#005959\" face=\"Verdana\" size=\"2\"><strong><em>Association\nCorsaires&nbsp;<\/em><\/strong><\/font><\/p>\n<p align=\"center\"><font color=\"#005959\" face=\"Verdana\" size=\"2\"><strong><em>Le\nFil d&rsquo;Ariane<\/em><\/strong><\/font><\/p>\n<p align=\"center\"><font color=\"#005959\" face=\"Verdana\" size=\"2\"><strong><em>Cercle\nde g\u00e9n\u00e9alogie de la Mayenne<\/em><\/strong><\/font><\/p>\n<p align=\"center\"><font color=\"#005959\" face=\"Verdana\" size=\"2\"><strong><em>Histoire\net G\u00e9n\u00e9alogie Grand Fougeray<\/em><\/strong><\/font><\/p>\n<p align=\"center\"><font color=\"#005959\" face=\"Verdana\" size=\"2\"><strong><em>G\u00e9n\u00e9alogie.com<\/em><\/strong><\/font><\/p>\n<p align=\"center\"><font color=\"#005959\" face=\"Verdana\" size=\"2\"><strong><em>Dictionnaire\nAnjou<\/em><\/strong><\/font><\/p>\n<p align=\"center\"><font color=\"#005959\" face=\"Verdana\" size=\"2\"><strong><em>Professionnel\nBelgique<\/em><\/strong><\/font><\/p>\n<p align=\"center\"><font color=\"#005959\" face=\"Verdana\" size=\"2\"><strong><em>Gu\u00e9rande<\/em><\/strong><\/font><\/p>\n<p align=\"center\"><font color=\"#005959\" face=\"Verdana\" size=\"2\"><strong><em>Mr\nRazer (librairie)<\/em><\/strong><\/font><\/p>\n<p align=\"center\"><font color=\"#005959\" face=\"Verdana\" size=\"2\"><strong><em>Asso.PontCh\u00e2teau<\/em><\/strong><\/font><\/p>\n<p align=\"center\"><font color=\"#005959\" face=\"Verdana\" size=\"2\"><strong><em>Mme\nBruneau (St Andr\u00e9 des Eaux)<\/em><\/strong><\/font><\/p>\n<p align=\"center\"><font color=\"#005959\" face=\"Verdana\" size=\"2\"><strong><em>Pr\u00e9sentation\nlivres d&rsquo;\u00e9cole<\/em><\/strong><\/font><\/p>\n<\/td>\n<\/tr>\n<\/tbody>\n<\/table>\n","protected":false},"excerpt":{"rendered":"<p>Participants invit\u00e9s&nbsp;au 7\u00e8me forum &nbsp; Genea Prime lien G\u00e9n\u00e9alogie en Corr\u00e8ze Mr Cochard (vieux journaux) Genea Concept lien Gu\u00e9rande Histoires Vives lien Mme Cabon( \u00e9crivain ) G\u00e9n\u00e9aPrime A.Gen.A (Angers) lien AGV (Vertou) lien La Pierre Chaude Saint Joachim Cousins de la&nbsp;Marquise G\u00e9n\u00e9atique (logiciels) CGLA (Nantes) lien M\u00e9moire Vivante de F\u00e9gr\u00e9ac Cercle G\u00e9n\u00e9alogique&nbsp; PTT SLA Cholet &hellip;<\/p>\n<p class=\"read-more\"> <a class=\"\" href=\"http:\/\/skrav.fr\/angenea-wp\/forum-2\/\"> <span class=\"screen-reader-text\">Forum<\/span> Lire la suite\u00a0\u00bb<\/a><\/p>\n","protected":false},"author":1,"featured_media":0,"parent":0,"menu_order":0,"comment_status":"closed","ping_status":"closed","template":"","meta":{"_uag_custom_page_level_css":"","site-sidebar-layout":"default","site-content-layout":"","ast-site-content-layout":"","site-content-style":"default","site-sidebar-style":"default","ast-global-header-display":"","ast-banner-title-visibility":"","ast-main-header-display":"","ast-hfb-above-header-display":"","ast-hfb-below-header-display":"","ast-hfb-mobile-header-display":"","site-post-title":"","ast-breadcrumbs-content":"","ast-featured-img":"","footer-sml-layout":"","theme-transparent-header-meta":"","adv-header-id-meta":"","stick-header-meta":"","header-above-stick-meta":"","header-main-stick-meta":"","header-below-stick-meta":"","astra-migrate-meta-layouts":"default","ast-page-background-enabled":"default","ast-page-background-meta":{"desktop":{"background-color":"var(--ast-global-color-4)","background-image":"","background-repeat":"repeat","background-position":"center center","background-size":"auto","background-attachment":"scroll","background-type":"","background-media":"","overlay-type":"","overlay-color":"","overlay-gradient":""},"tablet":{"background-color":"","background-image":"","background-repeat":"repeat","background-position":"center center","background-size":"auto","background-attachment":"scroll","background-type":"","background-media":"","overlay-type":"","overlay-color":"","overlay-gradient":""},"mobile":{"background-color":"","background-image":"","background-repeat":"repeat","background-position":"center center","background-size":"auto","background-attachment":"scroll","background-type":"","background-media":"","overlay-type":"","overlay-color":"","overlay-gradient":""}},"ast-content-background-meta":{"desktop":{"background-color":"var(--ast-global-color-5)","background-image":"","background-repeat":"repeat","background-position":"center center","background-size":"auto","background-attachment":"scroll","background-type":"","background-media":"","overlay-type":"","overlay-color":"","overlay-gradient":""},"tablet":{"background-color":"var(--ast-global-color-5)","background-image":"","background-repeat":"repeat","background-position":"center center","background-size":"auto","background-attachment":"scroll","background-type":"","background-media":"","overlay-type":"","overlay-color":"","overlay-gradient":""},"mobile":{"background-color":"var(--ast-global-color-5)","background-image":"","background-repeat":"repeat","background-position":"center center","background-size":"auto","background-attachment":"scroll","background-type":"","background-media":"","overlay-type":"","overlay-color":"","overlay-gradient":""}},"footnotes":""},"class_list":["post-70","page","type-page","status-publish","hentry"],"uagb_featured_image_src":{"full":false,"thumbnail":false,"medium":false,"medium_large":false,"large":false,"1536x1536":false,"2048x2048":false},"uagb_author_info":{"display_name":"angenea","author_link":"http:\/\/skrav.fr\/angenea-wp\/author\/angenea\/"},"uagb_comment_info":0,"uagb_excerpt":"Participants invit\u00e9s&nbsp;au 7\u00e8me forum &nbsp; Genea Prime lien G\u00e9n\u00e9alogie en Corr\u00e8ze Mr Cochard (vieux journaux) Genea Concept lien Gu\u00e9rande Histoires Vives lien Mme Cabon( \u00e9crivain ) G\u00e9n\u00e9aPrime A.Gen.A (Angers) lien AGV (Vertou) lien La Pierre Chaude Saint Joachim Cousins de la&nbsp;Marquise G\u00e9n\u00e9atique (logiciels) CGLA (Nantes) lien M\u00e9moire Vivante de F\u00e9gr\u00e9ac Cercle G\u00e9n\u00e9alogique&nbsp; PTT SLA Cholet\u2026","_links":{"self":[{"href":"http:\/\/skrav.fr\/angenea-wp\/wp-json\/wp\/v2\/pages\/70","targetHints":{"allow":["GET"]}}],"collection":[{"href":"http:\/\/skrav.fr\/angenea-wp\/wp-json\/wp\/v2\/pages"}],"about":[{"href":"http:\/\/skrav.fr\/angenea-wp\/wp-json\/wp\/v2\/types\/page"}],"author":[{"embeddable":true,"href":"http:\/\/skrav.fr\/angenea-wp\/wp-json\/wp\/v2\/users\/1"}],"replies":[{"embeddable":true,"href":"http:\/\/skrav.fr\/angenea-wp\/wp-json\/wp\/v2\/comments?post=70"}],"version-history":[{"count":2,"href":"http:\/\/skrav.fr\/angenea-wp\/wp-json\/wp\/v2\/pages\/70\/revisions"}],"predecessor-version":[{"id":75,"href":"http:\/\/skrav.fr\/angenea-wp\/wp-json\/wp\/v2\/pages\/70\/revisions\/75"}],"wp:attachment":[{"href":"http:\/\/skrav.fr\/angenea-wp\/wp-json\/wp\/v2\/media?parent=70"}],"curies":[{"name":"wp","href":"https:\/\/api.w.org\/{rel}","templated":true}]}}