{"id":89,"date":"2023-07-02T12:01:35","date_gmt":"2023-07-02T10:01:35","guid":{"rendered":"http:\/\/skrav.fr\/angenea-wp\/?page_id=89"},"modified":"2023-07-19T18:36:58","modified_gmt":"2023-07-19T16:36:58","slug":"bureau","status":"publish","type":"page","link":"http:\/\/skrav.fr\/angenea-wp\/bureau\/","title":{"rendered":"Bureau"},"content":{"rendered":"\n<h2 class=\"wp-block-heading\">                                    Les responsables :<\/h2>\n\n\n\n<h4 class=\"wp-block-heading\">Pr\u00e9sident : M. ABIN Guy<\/h4>\n\n\n\n<p><\/p>\n\n\n\n<h5 class=\"wp-block-heading\"> Vice Pr\u00e9sidente : Agn\u00e8s NIVELAIS<br><\/h5>\n\n\n\n<h5 class=\"wp-block-heading\">          Tr\u00e9sori\u00e8re : Fran\u00e7oise SALLE<br><br>                      Tr\u00e9sori\u00e8re Adjointe : Anne-Marie SCHLUMPF<br><\/h5>\n\n\n\n<h4 class=\"wp-block-heading has-text-align-center\"><br>                                 Renseignements administratifs :<\/h4>\n\n\n\n<h6 class=\"wp-block-heading has-text-align-center\"><br>                           L&rsquo;Association Nazairienne de G\u00e9n\u00e9alogie<br>                                  Maison des Associations AGORA<br>                                      2 bis, Avenue Albert De Mun<br>                                           44600 ST NAZAIRE<br><br><br><br>                                                 Association loi 1901 N\u00b0 07708<br>                                                    T\u00e9l\u00e9phone 02 40 22 53 87<br>                                                                02 40 19 05 14<\/h6>\n","protected":false},"excerpt":{"rendered":"<p>Les responsables : Pr\u00e9sident : M. ABIN Guy Vice Pr\u00e9sidente : Agn\u00e8s NIVELAIS Tr\u00e9sori\u00e8re : Fran\u00e7oise SALLE Tr\u00e9sori\u00e8re Adjointe : Anne-Marie SCHLUMPF Renseignements administratifs : L&rsquo;Association Nazairienne de G\u00e9n\u00e9alogie Maison des Associations AGORA 2 bis, Avenue Albert De Mun 44600 ST NAZAIRE Association loi 1901 N\u00b0 07708 T\u00e9l\u00e9phone 02 40 22 53 87 02 40 &hellip;<\/p>\n<p class=\"read-more\"> <a class=\"\" href=\"http:\/\/skrav.fr\/angenea-wp\/bureau\/\"> <span class=\"screen-reader-text\">Bureau<\/span> Lire la suite\u00a0\u00bb<\/a><\/p>\n","protected":false},"author":1,"featured_media":0,"parent":0,"menu_order":0,"comment_status":"closed","ping_status":"closed","template":"","meta":{"_uag_custom_page_level_css":"","site-sidebar-layout":"default","site-content-layout":"","ast-site-content-layout":"","site-content-style":"default","site-sidebar-style":"default","ast-global-header-display":"","ast-banner-title-visibility":"","ast-main-header-display":"","ast-hfb-above-header-display":"","ast-hfb-below-header-display":"","ast-hfb-mobile-header-display":"","site-post-title":"disabled","ast-breadcrumbs-content":"","ast-featured-img":"","footer-sml-layout":"","theme-transparent-header-meta":"","adv-header-id-meta":"","stick-header-meta":"","header-above-stick-meta":"","header-main-stick-meta":"","header-below-stick-meta":"","astra-migrate-meta-layouts":"default","ast-page-background-enabled":"default","ast-page-background-meta":{"desktop":{"background-color":"var(--ast-global-color-4)","background-image":"","background-repeat":"repeat","background-position":"center center","background-size":"auto","background-attachment":"scroll","background-type":"","background-media":"","overlay-type":"","overlay-color":"","overlay-gradient":""},"tablet":{"background-color":"","background-image":"","background-repeat":"repeat","background-position":"center center","background-size":"auto","background-attachment":"scroll","background-type":"","background-media":"","overlay-type":"","overlay-color":"","overlay-gradient":""},"mobile":{"background-color":"","background-image":"","background-repeat":"repeat","background-position":"center center","background-size":"auto","background-attachment":"scroll","background-type":"","background-media":"","overlay-type":"","overlay-color":"","overlay-gradient":""}},"ast-content-background-meta":{"desktop":{"background-color":"var(--ast-global-color-5)","background-image":"","background-repeat":"repeat","background-position":"center center","background-size":"auto","background-attachment":"scroll","background-type":"","background-media":"","overlay-type":"","overlay-color":"","overlay-gradient":""},"tablet":{"background-color":"var(--ast-global-color-5)","background-image":"","background-repeat":"repeat","background-position":"center center","background-size":"auto","background-attachment":"scroll","background-type":"","background-media":"","overlay-type":"","overlay-color":"","overlay-gradient":""},"mobile":{"background-color":"var(--ast-global-color-5)","background-image":"","background-repeat":"repeat","background-position":"center center","background-size":"auto","background-attachment":"scroll","background-type":"","background-media":"","overlay-type":"","overlay-color":"","overlay-gradient":""}},"footnotes":""},"class_list":["post-89","page","type-page","status-publish","hentry"],"uagb_featured_image_src":{"full":false,"thumbnail":false,"medium":false,"medium_large":false,"large":false,"1536x1536":false,"2048x2048":false},"uagb_author_info":{"display_name":"angenea","author_link":"http:\/\/skrav.fr\/angenea-wp\/author\/angenea\/"},"uagb_comment_info":0,"uagb_excerpt":"Les responsables : Pr\u00e9sident : M. ABIN Guy Vice Pr\u00e9sidente : Agn\u00e8s NIVELAIS Tr\u00e9sori\u00e8re : Fran\u00e7oise SALLE Tr\u00e9sori\u00e8re Adjointe : Anne-Marie SCHLUMPF Renseignements administratifs : L&rsquo;Association Nazairienne de G\u00e9n\u00e9alogie Maison des Associations AGORA 2 bis, Avenue Albert De Mun 44600 ST NAZAIRE Association loi 1901 N\u00b0 07708 T\u00e9l\u00e9phone 02 40 22 53 87 02 40\u2026","_links":{"self":[{"href":"http:\/\/skrav.fr\/angenea-wp\/wp-json\/wp\/v2\/pages\/89","targetHints":{"allow":["GET"]}}],"collection":[{"href":"http:\/\/skrav.fr\/angenea-wp\/wp-json\/wp\/v2\/pages"}],"about":[{"href":"http:\/\/skrav.fr\/angenea-wp\/wp-json\/wp\/v2\/types\/page"}],"author":[{"embeddable":true,"href":"http:\/\/skrav.fr\/angenea-wp\/wp-json\/wp\/v2\/users\/1"}],"replies":[{"embeddable":true,"href":"http:\/\/skrav.fr\/angenea-wp\/wp-json\/wp\/v2\/comments?post=89"}],"version-history":[{"count":8,"href":"http:\/\/skrav.fr\/angenea-wp\/wp-json\/wp\/v2\/pages\/89\/revisions"}],"predecessor-version":[{"id":261,"href":"http:\/\/skrav.fr\/angenea-wp\/wp-json\/wp\/v2\/pages\/89\/revisions\/261"}],"wp:attachment":[{"href":"http:\/\/skrav.fr\/angenea-wp\/wp-json\/wp\/v2\/media?parent=89"}],"curies":[{"name":"wp","href":"https:\/\/api.w.org\/{rel}","templated":true}]}}