{"id":1001,"date":"2021-08-06T10:18:22","date_gmt":"2021-08-06T08:18:22","guid":{"rendered":"https:\/\/skrav.fr\/aularge-wp\/?page_id=1001"},"modified":"2024-04-30T19:31:12","modified_gmt":"2024-04-30T17:31:12","slug":"outils-de-gimp","status":"publish","type":"page","link":"https:\/\/skrav.fr\/alag\/outils-de-gimp\/","title":{"rendered":"Outils de GIMP"},"content":{"rendered":"\n<h2 class=\"wp-block-heading has-text-align-center has-base-2-color has-accent-2-background-color has-text-color has-background has-link-color has-xx-large-font-size wp-elements-f03a8a0e0b5ab55e2f511e5ac52b688b\" style=\"margin-top:var(--wp--preset--spacing--10);margin-bottom:var(--wp--preset--spacing--10);padding-top:var(--wp--preset--spacing--10);padding-right:var(--wp--preset--spacing--10);padding-bottom:var(--wp--preset--spacing--10);padding-left:var(--wp--preset--spacing--10)\">Les outils de GIMP<\/h2>\n\n\n\n<p><a href=\"https:\/\/skrav.fr\/alag\/outils-de-gimp\/\" target=\"_blank\" rel=\"noreferrer noopener\"><\/a><\/p>\n\n\n\n<div class=\"wp-block-query alignwide is-layout-flow wp-block-query-is-layout-flow\"><ul class=\"columns-3 wp-block-post-template has-background has-base-background-color is-layout-grid wp-container-core-post-template-is-layout-1 wp-block-post-template-is-layout-grid\"><li class=\"wp-block-post post-2134 post type-post status-publish format-standard hentry category-outils-de-gimp\">\n<h2 class=\"has-link-color wp-elements-bdda238540505292f7d9af98286e5b39 wp-block-post-title\"><a href=\"https:\/\/skrav.fr\/alag\/outil-chemin-2020\/\" target=\"_blank\" >Outil chemin 2024<\/a><\/h2>\n\n<div class=\"wp-block-post-date\"><time datetime=\"2023-12-31T18:13:34+01:00\">31 d\u00e9cembre 2023<\/time><\/div>\n\n<div class=\"wp-elements-9f2897b5a5f23200fcdfd10d3a756b16 wp-block-post-excerpt\"><p class=\"wp-block-post-excerpt__excerpt\">Le tuto en PDF se trouve ici : Outil Chemin T\u00e9l\u00e9charger les images <\/p><\/div>\n<\/li><li class=\"wp-block-post post-694 post type-post status-publish format-standard hentry category-outils-de-gimp\">\n<h2 class=\"has-link-color wp-elements-bdda238540505292f7d9af98286e5b39 wp-block-post-title\"><a href=\"https:\/\/skrav.fr\/alag\/loutil-chemin-en-video\/\" target=\"_blank\" >L&rsquo;outil chemin en vid\u00e9o<\/a><\/h2>\n\n<div class=\"wp-block-post-date\"><time datetime=\"2020-11-17T12:54:20+01:00\">17 novembre 2020<\/time><\/div>\n\n<div class=\"wp-elements-9f2897b5a5f23200fcdfd10d3a756b16 wp-block-post-excerpt\"><p class=\"wp-block-post-excerpt__excerpt\">L&rsquo;outil chemin permet de faire du dessin vectoriel mais aussi du d\u00e9tourage tr\u00e8s pr\u00e9cis quand les autres outils de s\u00e9lection sont inop\u00e9rants par manque de nettet\u00e9 du contour ou de\u2026 <\/p><\/div>\n<\/li><li class=\"wp-block-post post-683 post type-post status-publish format-standard hentry category-outils-de-gimp\">\n<h2 class=\"has-link-color wp-elements-bdda238540505292f7d9af98286e5b39 wp-block-post-title\"><a href=\"https:\/\/skrav.fr\/alag\/loutil-clonage-en-perspective\/\" target=\"_blank\" >L&rsquo;outil clonage en perspective<\/a><\/h2>\n\n<div class=\"wp-block-post-date\"><time datetime=\"2020-11-03T17:24:19+01:00\">3 novembre 2020<\/time><\/div>\n\n<div class=\"wp-elements-9f2897b5a5f23200fcdfd10d3a756b16 wp-block-post-excerpt\"><p class=\"wp-block-post-excerpt__excerpt\">Utilisation de l&rsquo;outil Clonage en perspective pour supprimer la voiture derri\u00e8re le pot. Voir la vid\u00e9o <\/p><\/div>\n<\/li><li class=\"wp-block-post post-212 post type-post status-publish format-standard hentry category-outils-de-gimp category-au-secours\">\n<h2 class=\"has-link-color wp-elements-bdda238540505292f7d9af98286e5b39 wp-block-post-title\"><a href=\"https:\/\/skrav.fr\/alag\/installation-de-greffons\/\" target=\"_blank\" >Installation de greffons<\/a><\/h2>\n\n<div class=\"wp-block-post-date\"><time datetime=\"2019-02-03T22:39:38+01:00\">3 f\u00e9vrier 2019<\/time><\/div>\n\n<div class=\"wp-elements-9f2897b5a5f23200fcdfd10d3a756b16 wp-block-post-excerpt\"><p class=\"wp-block-post-excerpt__excerpt\">Il existe de nombreux greffons dans GIMP qui permettent de r\u00e9aliser des images tr\u00e8s originales. Parmi ceux-ci, la librairie de greffons GMic regroupe plus de 500 \u00e9l\u00e9ments. Pour les installer\u2026 <\/p><\/div>\n<\/li><li class=\"wp-block-post post-198 post type-post status-publish format-standard hentry category-outils-de-gimp category-au-secours category-tutos-animes\">\n<h2 class=\"has-link-color wp-elements-bdda238540505292f7d9af98286e5b39 wp-block-post-title\"><a href=\"https:\/\/skrav.fr\/alag\/utiliser-la-molette-pour-regler-la-taille-du-pinceau\/\" target=\"_blank\" >Utiliser la molette pour r\u00e9gler la taille des outils<\/a><\/h2>\n\n<div class=\"wp-block-post-date\"><time datetime=\"2017-02-26T15:41:50+01:00\">26 f\u00e9vrier 2017<\/time><\/div>\n\n<div class=\"wp-elements-9f2897b5a5f23200fcdfd10d3a756b16 wp-block-post-excerpt\"><p class=\"wp-block-post-excerpt__excerpt\">Notice PDF Vous trouverez ci-joint une vid\u00e9o expliquant comment r\u00e9aliser cette op\u00e9ration : La molette <\/p><\/div>\n<\/li><li class=\"wp-block-post post-154 post type-post status-publish format-standard hentry category-outils-de-gimp\">\n<h2 class=\"has-link-color wp-elements-bdda238540505292f7d9af98286e5b39 wp-block-post-title\"><a href=\"https:\/\/skrav.fr\/alag\/extraction-de-premier-plan\/\" target=\"_blank\" >L&rsquo;outil : Extraction de premier-plan<\/a><\/h2>\n\n<div class=\"wp-block-post-date\"><time datetime=\"2013-04-27T10:45:16+02:00\">27 avril 2013<\/time><\/div>\n\n<div class=\"wp-elements-9f2897b5a5f23200fcdfd10d3a756b16 wp-block-post-excerpt\"><p class=\"wp-block-post-excerpt__excerpt\">Une petite animation pour vous montrer la puissance de cet outil de s\u00e9lection. Extraction <\/p><\/div>\n<\/li><li class=\"wp-block-post post-152 post type-post status-publish format-standard hentry category-outils-de-gimp\">\n<h2 class=\"has-link-color wp-elements-bdda238540505292f7d9af98286e5b39 wp-block-post-title\"><a href=\"https:\/\/skrav.fr\/alag\/animation-2\/\" target=\"_blank\" >L&rsquo;outil chemin<\/a><\/h2>\n\n<div class=\"wp-block-post-date\"><time datetime=\"2013-02-22T11:46:58+01:00\">22 f\u00e9vrier 2013<\/time><\/div>\n\n<div class=\"wp-elements-9f2897b5a5f23200fcdfd10d3a756b16 wp-block-post-excerpt\"><p class=\"wp-block-post-excerpt__excerpt\">Vous trouverez ci-joint une petite animation pour vous initier \u00e0 l&rsquo;outil Chemin. Cette petite animations a \u00e9t\u00e9 cr\u00e9\u00e9e par le logiciel gratuit Wink. Du fait de la disparition du logiciel\u2026 <\/p><\/div>\n<\/li><li class=\"wp-block-post post-107 post type-post status-publish format-standard has-post-thumbnail hentry category-outils-de-gimp\">\n<h2 class=\"has-link-color wp-elements-bdda238540505292f7d9af98286e5b39 wp-block-post-title\"><a href=\"https:\/\/skrav.fr\/alag\/taille-et-enregistrement-des-images-dans-gimp\/\" target=\"_blank\" >Taille et enregistrement des images dans GIMP<\/a><\/h2>\n\n<div class=\"wp-block-post-date\"><time datetime=\"2012-05-15T08:20:41+02:00\">15 mai 2012<\/time><\/div>\n\n<div class=\"wp-elements-9f2897b5a5f23200fcdfd10d3a756b16 wp-block-post-excerpt\"><p class=\"wp-block-post-excerpt__excerpt\">Dans cet article, il sera question de la r\u00e9duction des images et des calques et des formats d\u2019enregistrement. Les images utilis\u00e9es pour ce tutoriel sont dans le document images.zip ci-dessous,\u2026 <\/p><\/div>\n<\/li><li class=\"wp-block-post post-89 post type-post status-publish format-standard has-post-thumbnail hentry category-outils-de-gimp\">\n<h2 class=\"has-link-color wp-elements-bdda238540505292f7d9af98286e5b39 wp-block-post-title\"><a href=\"https:\/\/skrav.fr\/alag\/initiation-a-l-outil-chemin\/\" target=\"_blank\" >Initiation \u00e0 l&rsquo;outil chemin<\/a><\/h2>\n\n<div class=\"wp-block-post-date\"><time datetime=\"2012-05-14T22:41:48+02:00\">14 mai 2012<\/time><\/div>\n\n<div class=\"wp-elements-9f2897b5a5f23200fcdfd10d3a756b16 wp-block-post-excerpt\"><p class=\"wp-block-post-excerpt__excerpt\">L\u2019outil chemin ou outil plume permet de dessiner des courbes dites de B\u00e9zier et de cr\u00e9er des trac\u00e9s vectoriels. Ces trac\u00e9s , utilis\u00e9s par \u00ab\u00a0Illustrator\u00a0\u00bb et son pendant libre \u00ab\u00a0Inkscape\u00a0\u00bb,\u2026 <\/p><\/div>\n<\/li><\/ul>\n\n<nav class=\"has-link-color wp-elements-ecb1256fda9f21cc133d0b7aa9dab3e9 wp-block-query-pagination has-text-color has-contrast-color has-background has-accent-4-background-color is-horizontal is-content-justification-center is-layout-flex wp-container-core-query-pagination-is-layout-1 wp-block-query-pagination-is-layout-flex\" aria-label=\"Pagination\">\n\n\n<div class=\"wp-block-query-pagination-numbers\"><span aria-current=\"page\" class=\"page-numbers current\">1<\/span>\n<a class=\"page-numbers\" href=\"?query-0-page=2\">2<\/a><\/div>\n\n<a href=\"\/alag\/wp-json\/wp\/v2\/pages\/1001?query-0-page=2\" class=\"wp-block-query-pagination-next\">Page suivante<\/a>\n<\/nav>\n\n<\/div>\n\n\n\n<div style=\"height:20px\" aria-hidden=\"true\" class=\"wp-block-spacer\"><\/div>\n\n\n\n<h2 class=\"wp-block-heading has-text-align-center has-accent-4-background-color has-background has-x-large-font-size\" style=\"margin-top:var(--wp--preset--spacing--10);margin-bottom:var(--wp--preset--spacing--10);padding-top:0;padding-right:var(--wp--preset--spacing--50);padding-bottom:0;padding-left:var(--wp--preset--spacing--50)\">Liste<\/h2>\n\n\n\n<div class=\"wp-block-group has-accent-4-background-color has-background has-global-padding is-layout-constrained wp-block-group-is-layout-constrained\" style=\"margin-top:0;margin-bottom:0\">\n<p style=\"margin-top:0;margin-bottom:0;padding-top:var(--wp--preset--spacing--10);padding-right:var(--wp--preset--spacing--10);padding-bottom:var(--wp--preset--spacing--10);padding-left:var(--wp--preset--spacing--10)\"> <ul class=\"lcp_catlist\" id=\"lcp_instance_0\"><li><a href=\"https:\/\/skrav.fr\/alag\/gimp-et-les-fichiers-raw\/\">GIMP et les fichiers RAW<\/a><\/li><li><a href=\"https:\/\/skrav.fr\/alag\/initiation-a-l-outil-chemin\/\">Initiation \u00e0 l&rsquo;outil chemin<\/a><\/li><li><a href=\"https:\/\/skrav.fr\/alag\/installation-de-greffons\/\">Installation de greffons<\/a><\/li><li><a href=\"https:\/\/skrav.fr\/alag\/extraction-de-premier-plan\/\">L&rsquo;outil : Extraction de premier-plan<\/a><\/li><li><a href=\"https:\/\/skrav.fr\/alag\/animation-2\/\">L&rsquo;outil chemin<\/a><\/li><li><a href=\"https:\/\/skrav.fr\/alag\/loutil-chemin-en-video\/\">L&rsquo;outil chemin en vid\u00e9o<\/a><\/li><li><a href=\"https:\/\/skrav.fr\/alag\/loutil-clonage-en-perspective\/\">L&rsquo;outil clonage en perspective<\/a><\/li><li><a href=\"https:\/\/skrav.fr\/alag\/la-baguette-magique-complements\/\">La baguette magique &#8211; Compl\u00e9ments<\/a><\/li><li><a href=\"https:\/\/skrav.fr\/alag\/la-fenetre-des-calques\/\">La fen\u00eatre des calques<\/a><\/li><li><a href=\"https:\/\/skrav.fr\/alag\/les-raccourcis\/\">Les raccourcis<\/a><\/li><li><a href=\"https:\/\/skrav.fr\/alag\/outil-chemin-2020\/\">Outil chemin 2024<\/a><\/li><li><a href=\"https:\/\/skrav.fr\/alag\/preferences-d-affichage\/\">Pr\u00e9f\u00e9rences d&rsquo;affichage<\/a><\/li><li><a href=\"https:\/\/skrav.fr\/alag\/methode-de-detourage\/\">Quelques outils de s\u00e9lection<\/a><\/li><li><a href=\"https:\/\/skrav.fr\/alag\/taille-et-enregistrement-des-images-dans-gimp\/\">Taille et enregistrement des images dans GIMP<\/a><\/li><li><a href=\"https:\/\/skrav.fr\/alag\/utiliser-la-molette-pour-regler-la-taille-du-pinceau\/\">Utiliser la molette pour r\u00e9gler la taille des outils<\/a><\/li><\/ul> <\/p>\n<\/div>\n","protected":false},"excerpt":{"rendered":"<p>Les outils de GIMP Liste<\/p>\n","protected":false},"author":1,"featured_media":0,"parent":0,"menu_order":0,"comment_status":"closed","ping_status":"closed","template":"","meta":{"_uag_custom_page_level_css":"","footnotes":""},"class_list":["post-1001","page","type-page","status-publish","hentry"],"yoast_head":"<!-- This site is optimized with the Yoast SEO plugin v25.6 - https:\/\/yoast.com\/wordpress\/plugins\/seo\/ -->\n<title>Outils de GIMP - Au large avec GIMP<\/title>\n<meta name=\"robots\" content=\"index, follow, max-snippet:-1, max-image-preview:large, max-video-preview:-1\" \/>\n<link rel=\"canonical\" href=\"https:\/\/skrav.fr\/alag\/outils-de-gimp\/\" \/>\n<link rel=\"next\" href=\"https:\/\/skrav.fr\/alag\/outils-de-gimp\/1001?query-0-page=2\" \/>\n<meta property=\"og:locale\" content=\"fr_FR\" \/>\n<meta property=\"og:type\" content=\"article\" \/>\n<meta property=\"og:title\" content=\"Outils de GIMP - Au large avec GIMP\" \/>\n<meta property=\"og:description\" content=\"Les outils de GIMP Liste\" \/>\n<meta property=\"og:url\" content=\"https:\/\/skrav.fr\/alag\/outils-de-gimp\/\" \/>\n<meta property=\"og:site_name\" content=\"Au large avec GIMP\" \/>\n<meta property=\"article:modified_time\" content=\"2024-04-30T17:31:12+00:00\" \/>\n<meta name=\"twitter:card\" content=\"summary_large_image\" \/>\n<meta name=\"twitter:label1\" content=\"Dur\u00e9e de lecture estim\u00e9e\" \/>\n\t<meta name=\"twitter:data1\" content=\"1 minute\" \/>\n<script type=\"application\/ld+json\" class=\"yoast-schema-graph\">{\"@context\":\"https:\/\/schema.org\",\"@graph\":[{\"@type\":\"WebPage\",\"@id\":\"https:\/\/skrav.fr\/alag\/outils-de-gimp\/\",\"url\":\"https:\/\/skrav.fr\/alag\/outils-de-gimp\/\",\"name\":\"Outils de GIMP - Au large avec GIMP\",\"isPartOf\":{\"@id\":\"https:\/\/skrav.fr\/alag\/#website\"},\"datePublished\":\"2021-08-06T08:18:22+00:00\",\"dateModified\":\"2024-04-30T17:31:12+00:00\",\"breadcrumb\":{\"@id\":\"https:\/\/skrav.fr\/alag\/outils-de-gimp\/#breadcrumb\"},\"inLanguage\":\"fr-FR\",\"potentialAction\":[{\"@type\":\"ReadAction\",\"target\":[\"https:\/\/skrav.fr\/alag\/outils-de-gimp\/\"]}]},{\"@type\":\"BreadcrumbList\",\"@id\":\"https:\/\/skrav.fr\/alag\/outils-de-gimp\/#breadcrumb\",\"itemListElement\":[{\"@type\":\"ListItem\",\"position\":1,\"name\":\"Accueil\",\"item\":\"https:\/\/skrav.fr\/alag\/\"},{\"@type\":\"ListItem\",\"position\":2,\"name\":\"Outils de GIMP\"}]},{\"@type\":\"WebSite\",\"@id\":\"https:\/\/skrav.fr\/alag\/#website\",\"url\":\"https:\/\/skrav.fr\/alag\/\",\"name\":\"Au large avec GIMP\",\"description\":\"Lib\u00e9rer votre cr\u00e9ativit\u00e9 avec GIMP\",\"publisher\":{\"@id\":\"https:\/\/skrav.fr\/alag\/#organization\"},\"potentialAction\":[{\"@type\":\"SearchAction\",\"target\":{\"@type\":\"EntryPoint\",\"urlTemplate\":\"https:\/\/skrav.fr\/alag\/?s={search_term_string}\"},\"query-input\":{\"@type\":\"PropertyValueSpecification\",\"valueRequired\":true,\"valueName\":\"search_term_string\"}}],\"inLanguage\":\"fr-FR\"},{\"@type\":\"Organization\",\"@id\":\"https:\/\/skrav.fr\/alag\/#organization\",\"name\":\"Au large avec GIMP\",\"url\":\"https:\/\/skrav.fr\/alag\/\",\"logo\":{\"@type\":\"ImageObject\",\"inLanguage\":\"fr-FR\",\"@id\":\"https:\/\/skrav.fr\/alag\/#\/schema\/logo\/image\/\",\"url\":\"https:\/\/i0.wp.com\/skrav.fr\/alag\/wp-content\/uploads\/2024\/04\/Logo-sterne.png?fit=200%2C209&ssl=1\",\"contentUrl\":\"https:\/\/i0.wp.com\/skrav.fr\/alag\/wp-content\/uploads\/2024\/04\/Logo-sterne.png?fit=200%2C209&ssl=1\",\"width\":200,\"height\":209,\"caption\":\"Au large avec GIMP\"},\"image\":{\"@id\":\"https:\/\/skrav.fr\/alag\/#\/schema\/logo\/image\/\"}}]}<\/script>\n<!-- \/ Yoast SEO plugin. -->","yoast_head_json":{"title":"Outils de GIMP - Au large avec GIMP","robots":{"index":"index","follow":"follow","max-snippet":"max-snippet:-1","max-image-preview":"max-image-preview:large","max-video-preview":"max-video-preview:-1"},"canonical":"https:\/\/skrav.fr\/alag\/outils-de-gimp\/","next":"https:\/\/skrav.fr\/alag\/outils-de-gimp\/1001?query-0-page=2","og_locale":"fr_FR","og_type":"article","og_title":"Outils de GIMP - Au large avec GIMP","og_description":"Les outils de GIMP Liste","og_url":"https:\/\/skrav.fr\/alag\/outils-de-gimp\/","og_site_name":"Au large avec GIMP","article_modified_time":"2024-04-30T17:31:12+00:00","twitter_card":"summary_large_image","twitter_misc":{"Dur\u00e9e de lecture estim\u00e9e":"1 minute"},"schema":{"@context":"https:\/\/schema.org","@graph":[{"@type":"WebPage","@id":"https:\/\/skrav.fr\/alag\/outils-de-gimp\/","url":"https:\/\/skrav.fr\/alag\/outils-de-gimp\/","name":"Outils de GIMP - Au large avec GIMP","isPartOf":{"@id":"https:\/\/skrav.fr\/alag\/#website"},"datePublished":"2021-08-06T08:18:22+00:00","dateModified":"2024-04-30T17:31:12+00:00","breadcrumb":{"@id":"https:\/\/skrav.fr\/alag\/outils-de-gimp\/#breadcrumb"},"inLanguage":"fr-FR","potentialAction":[{"@type":"ReadAction","target":["https:\/\/skrav.fr\/alag\/outils-de-gimp\/"]}]},{"@type":"BreadcrumbList","@id":"https:\/\/skrav.fr\/alag\/outils-de-gimp\/#breadcrumb","itemListElement":[{"@type":"ListItem","position":1,"name":"Accueil","item":"https:\/\/skrav.fr\/alag\/"},{"@type":"ListItem","position":2,"name":"Outils de GIMP"}]},{"@type":"WebSite","@id":"https:\/\/skrav.fr\/alag\/#website","url":"https:\/\/skrav.fr\/alag\/","name":"Au large avec GIMP","description":"Lib\u00e9rer votre cr\u00e9ativit\u00e9 avec GIMP","publisher":{"@id":"https:\/\/skrav.fr\/alag\/#organization"},"potentialAction":[{"@type":"SearchAction","target":{"@type":"EntryPoint","urlTemplate":"https:\/\/skrav.fr\/alag\/?s={search_term_string}"},"query-input":{"@type":"PropertyValueSpecification","valueRequired":true,"valueName":"search_term_string"}}],"inLanguage":"fr-FR"},{"@type":"Organization","@id":"https:\/\/skrav.fr\/alag\/#organization","name":"Au large avec GIMP","url":"https:\/\/skrav.fr\/alag\/","logo":{"@type":"ImageObject","inLanguage":"fr-FR","@id":"https:\/\/skrav.fr\/alag\/#\/schema\/logo\/image\/","url":"https:\/\/i0.wp.com\/skrav.fr\/alag\/wp-content\/uploads\/2024\/04\/Logo-sterne.png?fit=200%2C209&ssl=1","contentUrl":"https:\/\/i0.wp.com\/skrav.fr\/alag\/wp-content\/uploads\/2024\/04\/Logo-sterne.png?fit=200%2C209&ssl=1","width":200,"height":209,"caption":"Au large avec GIMP"},"image":{"@id":"https:\/\/skrav.fr\/alag\/#\/schema\/logo\/image\/"}}]}},"uagb_featured_image_src":{"full":false,"thumbnail":false,"medium":false,"medium_large":false,"large":false,"1536x1536":false,"2048x2048":false},"uagb_author_info":{"display_name":"pierre","author_link":"https:\/\/skrav.fr\/alag\/author\/pierre\/"},"uagb_comment_info":0,"uagb_excerpt":"Les outils de GIMP Liste","_links":{"self":[{"href":"https:\/\/skrav.fr\/alag\/wp-json\/wp\/v2\/pages\/1001"}],"collection":[{"href":"https:\/\/skrav.fr\/alag\/wp-json\/wp\/v2\/pages"}],"about":[{"href":"https:\/\/skrav.fr\/alag\/wp-json\/wp\/v2\/types\/page"}],"author":[{"embeddable":true,"href":"https:\/\/skrav.fr\/alag\/wp-json\/wp\/v2\/users\/1"}],"replies":[{"embeddable":true,"href":"https:\/\/skrav.fr\/alag\/wp-json\/wp\/v2\/comments?post=1001"}],"version-history":[{"count":30,"href":"https:\/\/skrav.fr\/alag\/wp-json\/wp\/v2\/pages\/1001\/revisions"}],"predecessor-version":[{"id":2964,"href":"https:\/\/skrav.fr\/alag\/wp-json\/wp\/v2\/pages\/1001\/revisions\/2964"}],"wp:attachment":[{"href":"https:\/\/skrav.fr\/alag\/wp-json\/wp\/v2\/media?parent=1001"}],"curies":[{"name":"wp","href":"https:\/\/api.w.org\/{rel}","templated":true}]}}