{"id":1003,"date":"2021-08-06T10:19:15","date_gmt":"2021-08-06T08:19:15","guid":{"rendered":"https:\/\/skrav.fr\/aularge-wp\/?page_id=1003"},"modified":"2025-02-09T17:26:34","modified_gmt":"2025-02-09T16:26:34","slug":"ameliorer-les-photos","status":"publish","type":"page","link":"https:\/\/skrav.fr\/alag\/ameliorer-les-photos\/","title":{"rendered":"Am\u00e9liorer les photos"},"content":{"rendered":"\n<p class=\"has-text-align-center has-base-2-color has-accent-2-background-color has-text-color has-background has-link-color has-xx-large-font-size wp-elements-4f783aafbcd84c3f1f05b86f5ecc7370\" style=\"margin-top:var(--wp--preset--spacing--10);margin-bottom:var(--wp--preset--spacing--10);padding-top:var(--wp--preset--spacing--10);padding-right:var(--wp--preset--spacing--10);padding-bottom:var(--wp--preset--spacing--10);padding-left:var(--wp--preset--spacing--10)\">Am\u00e9liorer les photos<\/p>\n\n\n\n<div class=\"wp-block-query alignwide is-layout-flow wp-block-query-is-layout-flow\"><ul class=\"columns-3 wp-block-post-template is-layout-grid wp-container-core-post-template-is-layout-1 wp-block-post-template-is-layout-grid\"><li class=\"wp-block-post post-1553 post type-post status-publish format-standard hentry category-technique-photographique\">\n<h2 class=\"has-link-color wp-elements-3088317eb720f4eef4de063609420567 wp-block-post-title\"><a href=\"https:\/\/skrav.fr\/alag\/creation-dune-profondeur-de-champ-2021\/\" target=\"_self\" >Cr\u00e9ation d&rsquo;une profondeur de champ avec un masque de calque<\/a><\/h2>\n\n<div class=\"wp-block-post-date\"><time datetime=\"2022-12-16T17:39:00+01:00\">16 d\u00e9cembre 2022<\/time><\/div>\n\n<div style=\"padding-right:var(--wp--preset--spacing--10);padding-left:var(--wp--preset--spacing--10);\" class=\"wp-block-post-excerpt\"><p class=\"wp-block-post-excerpt__excerpt\">Dans ce tuto montrant comment simuler une profondeur de champ \u00e0 l&rsquo;aide d&rsquo;un masque de calque et de l&rsquo;outil de d\u00e9grad\u00e9, j&rsquo;aborde d&rsquo;autres outils comme les ciseaux intelligents et le masque de s\u00e9lection. T\u00e9l\u00e9charger le tuto en PDF : profondeur de champ et l&rsquo;image Vid\u00e9o <\/p><\/div>\n<\/li><li class=\"wp-block-post post-678 post type-post status-publish format-standard hentry category-technique-photographique\">\n<h2 class=\"has-link-color wp-elements-3088317eb720f4eef4de063609420567 wp-block-post-title\"><a href=\"https:\/\/skrav.fr\/alag\/rapiecage-2\/\" target=\"_self\" >Rapi\u00e9\u00e7age<\/a><\/h2>\n\n<div class=\"wp-block-post-date\"><time datetime=\"2020-11-03T17:09:10+01:00\">3 novembre 2020<\/time><\/div>\n\n<div style=\"padding-right:var(--wp--preset--spacing--10);padding-left:var(--wp--preset--spacing--10);\" class=\"wp-block-post-excerpt\"><p class=\"wp-block-post-excerpt__excerpt\">Dans cette vid\u00e9o je vous montre comment faire du rapi\u00e9\u00e7age en rajoutant une main au funambule. <\/p><\/div>\n<\/li><li class=\"wp-block-post post-419 post type-post status-publish format-standard hentry category-technique-photographique category-techniques\">\n<h2 class=\"has-link-color wp-elements-3088317eb720f4eef4de063609420567 wp-block-post-title\"><a href=\"https:\/\/skrav.fr\/alag\/utiliser-les-modes-de-fusion\/\" target=\"_self\" >Utiliser les modes de fusion<\/a><\/h2>\n\n<div class=\"wp-block-post-date\"><time datetime=\"2020-03-29T11:22:57+02:00\">29 mars 2020<\/time><\/div>\n\n<div style=\"padding-right:var(--wp--preset--spacing--10);padding-left:var(--wp--preset--spacing--10);\" class=\"wp-block-post-excerpt\"><p class=\"wp-block-post-excerpt__excerpt\">Les modes de fusions sont tr\u00e8s nombreux dans GIMP et nous n&rsquo;en ferons pas la liste. Si des gens sont int\u00e9ress\u00e9s il peuvent consulter l&rsquo;aide de GIMP qui explique tr\u00e8s bien les effets de ces diff\u00e9rents modes. Petite application du mode superposer Quelquefois dans une image nous voulons \u00e9claircir une petite partie, pour cela il\u2026 <\/p><\/div>\n<\/li><li class=\"wp-block-post post-116 post type-post status-publish format-standard has-post-thumbnail hentry category-technique-photographique\">\n<h2 class=\"has-link-color wp-elements-3088317eb720f4eef4de063609420567 wp-block-post-title\"><a href=\"https:\/\/skrav.fr\/alag\/vignettage\/\" target=\"_self\" >Vignettage<\/a><\/h2>\n\n<div class=\"wp-block-post-date\"><time datetime=\"2012-05-15T08:25:59+02:00\">15 mai 2012<\/time><\/div>\n\n<div style=\"padding-right:var(--wp--preset--spacing--10);padding-left:var(--wp--preset--spacing--10);\" class=\"wp-block-post-excerpt\"><p class=\"wp-block-post-excerpt__excerpt\">Pour concentrer le regard vers le centre de la photo, on a quelquefois, recours au vignettage, c\u2019est \u00e0 dire au noircissement des coins de la photographie (d\u00e9faut optique de vieux appareils photo). Lire l&rsquo;article &nbsp; &nbsp; <\/p><\/div>\n<\/li><li class=\"wp-block-post post-187 post type-post status-publish format-standard hentry category-technique-photographique\">\n<h2 class=\"has-link-color wp-elements-3088317eb720f4eef4de063609420567 wp-block-post-title\"><a href=\"https:\/\/skrav.fr\/alag\/retouche-exposition-accentuation\/\" target=\"_self\" >Retouche Exposition-Accentuation<\/a><\/h2>\n\n<div class=\"wp-block-post-date\"><time datetime=\"2012-05-15T08:25:59+02:00\">15 mai 2012<\/time><\/div>\n\n<div style=\"padding-right:var(--wp--preset--spacing--10);padding-left:var(--wp--preset--spacing--10);\" class=\"wp-block-post-excerpt\"><p class=\"wp-block-post-excerpt__excerpt\">Apr\u00e8s avoir redress\u00e9 et recadr\u00e9 une image viennent les retouches de correction de l&rsquo;exposition, r\u00e9duire le bruit et am\u00e9liorer la nettet\u00e9. \u00a0 Cliquer sur l&rsquo;ic\u00f4ne ci-contre pour t\u00e9l\u00e9charger le documents et les images. \u00a0 Lire l&rsquo;article \u00a0 <\/p><\/div>\n<\/li><li class=\"wp-block-post post-105 post type-post status-publish format-standard has-post-thumbnail hentry category-technique-photographique\">\n<h2 class=\"has-link-color wp-elements-3088317eb720f4eef4de063609420567 wp-block-post-title\"><a href=\"https:\/\/skrav.fr\/alag\/reduction-du-halo\/\" target=\"_self\" >R\u00e9duction du halo<\/a><\/h2>\n\n<div class=\"wp-block-post-date\"><time datetime=\"2012-05-15T08:19:39+02:00\">15 mai 2012<\/time><\/div>\n\n<div style=\"padding-right:var(--wp--preset--spacing--10);padding-left:var(--wp--preset--spacing--10);\" class=\"wp-block-post-excerpt\"><p class=\"wp-block-post-excerpt__excerpt\">M\u00e9thode classique M\u00e9thode Parengon Si vous voulez flouter l\u2019arri\u00e8re-plan d\u2019une photo, vous allez constater que si le sujet de premier-plan est sur un fond tr\u00e8s contrast\u00e9 il va se produire tout autour du premier-plan un halo plus au moins important. Ce ph\u00e9nom\u00e8ne et le r\u00e9sultat de la m\u00e9thode sont illustr\u00e9s par les figures ci-dessus. Cliquer\u2026 <\/p><\/div>\n<\/li><li class=\"wp-block-post post-128 post type-post status-publish format-standard has-post-thumbnail hentry category-technique-photographique\">\n<h2 class=\"has-link-color wp-elements-3088317eb720f4eef4de063609420567 wp-block-post-title\"><a href=\"https:\/\/skrav.fr\/alag\/l-ordre-des-retouches\/\" target=\"_self\" >L&rsquo;ordre des retouches<\/a><\/h2>\n\n<div class=\"wp-block-post-date\"><time datetime=\"2012-04-15T09:19:57+02:00\">15 avril 2012<\/time><\/div>\n\n<div style=\"padding-right:var(--wp--preset--spacing--10);padding-left:var(--wp--preset--spacing--10);\" class=\"wp-block-post-excerpt\"><p class=\"wp-block-post-excerpt__excerpt\">Comment organiser les am\u00e9liorations successives sur une photographie. Lire l&rsquo;article <\/p><\/div>\n<\/li><li class=\"wp-block-post post-66 post type-post status-publish format-standard has-post-thumbnail hentry category-technique-photographique\">\n<h2 class=\"has-link-color wp-elements-3088317eb720f4eef4de063609420567 wp-block-post-title\"><a href=\"https:\/\/skrav.fr\/alag\/creation-d-une-profondeur-de-champ\/\" target=\"_self\" >Cr\u00e9ation d&rsquo;une profondeur de champ<\/a><\/h2>\n\n<div class=\"wp-block-post-date\"><time datetime=\"2012-04-14T22:30:27+02:00\">14 avril 2012<\/time><\/div>\n\n<div style=\"padding-right:var(--wp--preset--spacing--10);padding-left:var(--wp--preset--spacing--10);\" class=\"wp-block-post-excerpt\"><p class=\"wp-block-post-excerpt__excerpt\">Ce petit tutoriel pour cr\u00e9er une profondeur de champ sur une image image originale image avec une profondeur de champ accentu\u00e9e Cliquer sur l&rsquo;ic\u00f4ne ci-contre pour t\u00e9l\u00e9charger les documents Lire l&rsquo;article <\/p><\/div>\n<\/li><li class=\"wp-block-post post-60 post type-post status-publish format-standard has-post-thumbnail hentry category-technique-photographique\">\n<h2 class=\"has-link-color wp-elements-3088317eb720f4eef4de063609420567 wp-block-post-title\"><a href=\"https:\/\/skrav.fr\/alag\/changer-un-ciel-calvaire\/\" target=\"_self\" >Changer un ciel &#8211; Calvaire<\/a><\/h2>\n\n<div class=\"wp-block-post-date\"><time datetime=\"2012-04-14T22:25:21+02:00\">14 avril 2012<\/time><\/div>\n\n<div style=\"padding-right:var(--wp--preset--spacing--10);padding-left:var(--wp--preset--spacing--10);\" class=\"wp-block-post-excerpt\"><p class=\"wp-block-post-excerpt__excerpt\">Pour cette premi\u00e8re activit\u00e9 de l\u2019ann\u00e9e, je vous propose de changer le fond d\u2019une image par un ciel un peu plus expressif. (voir ci-dessus) Cliquer sur l&rsquo;ic\u00f4ne ci-contre pour t\u00e9l\u00e9charger les documents. Lire l&rsquo;article <\/p><\/div>\n<\/li><\/ul>\n\n<nav class=\"wp-block-query-pagination has-background has-accent-4-background-color is-content-justification-center is-layout-flex wp-container-core-query-pagination-is-layout-1 wp-block-query-pagination-is-layout-flex\" aria-label=\"Pagination\">\n\n\n<div class=\"wp-block-query-pagination-numbers\"><span aria-current=\"page\" class=\"page-numbers current\">1<\/span>\n<a class=\"page-numbers\" href=\"?query-0-page=2\">2<\/a><\/div>\n\n<a href=\"\/alag\/wp-json\/wp\/v2\/pages\/1003?query-0-page=2\" class=\"wp-block-query-pagination-next\">Page suivante<\/a>\n<\/nav>\n\n<\/div>\n\n\n\n<div style=\"height:20px\" aria-hidden=\"true\" class=\"wp-block-spacer\"><\/div>\n\n\n\n<h2 class=\"wp-block-heading has-text-align-center has-accent-4-background-color has-background has-x-large-font-size\" style=\"margin-top:var(--wp--preset--spacing--10);margin-right:0;margin-bottom:var(--wp--preset--spacing--10);margin-left:0;padding-top:0;padding-right:var(--wp--preset--spacing--50);padding-bottom:0;padding-left:var(--wp--preset--spacing--50)\">Liste<\/h2>\n\n\n\n<div class=\"wp-block-group has-accent-4-background-color has-background has-global-padding is-layout-constrained wp-block-group-is-layout-constrained\">\n<p style=\"padding-top:var(--wp--preset--spacing--10);padding-right:var(--wp--preset--spacing--10);padding-bottom:var(--wp--preset--spacing--10);padding-left:var(--wp--preset--spacing--10)\"> <ul class=\"lcp_catlist\" id=\"lcp_instance_0\"><li><a href=\"https:\/\/skrav.fr\/alag\/amelioration-d-un-portrait\/\">Am\u00e9lioration d&rsquo;un portrait<\/a><\/li><li><a href=\"https:\/\/skrav.fr\/alag\/changer-un-ciel-orsay\/\">Changer un ciel  &#8211; Orsay<\/a><\/li><li><a href=\"https:\/\/skrav.fr\/alag\/changer-un-ciel-calvaire\/\">Changer un ciel &#8211; Calvaire<\/a><\/li><li><a href=\"https:\/\/skrav.fr\/alag\/creation-d-une-profondeur-de-champ\/\">Cr\u00e9ation d&rsquo;une profondeur de champ<\/a><\/li><li><a href=\"https:\/\/skrav.fr\/alag\/creation-dune-profondeur-de-champ-2021\/\">Cr\u00e9ation d&rsquo;une profondeur de champ avec un masque de calque<\/a><\/li><li><a href=\"https:\/\/skrav.fr\/alag\/histoire-d-une-retouche\/\">Histoire d&rsquo;une retouche<\/a><\/li><li><a href=\"https:\/\/skrav.fr\/alag\/l-ordre-des-retouches\/\">L&rsquo;ordre des retouches<\/a><\/li><li><a href=\"https:\/\/skrav.fr\/alag\/quelle-amelioration\/\">Quelle am\u00e9lioration ?<\/a><\/li><li><a href=\"https:\/\/skrav.fr\/alag\/rapiecage-2\/\">Rapi\u00e9\u00e7age<\/a><\/li><li><a href=\"https:\/\/skrav.fr\/alag\/reduction-du-halo\/\">R\u00e9duction du halo<\/a><\/li><li><a href=\"https:\/\/skrav.fr\/alag\/retouche-exposition-accentuation\/\">Retouche Exposition-Accentuation<\/a><\/li><li><a href=\"https:\/\/skrav.fr\/alag\/utilisation-des-calques-et-des-modes-de-fusions\/\">Utilisation des calques et des modes de fusions<\/a><\/li><li><a href=\"https:\/\/skrav.fr\/alag\/utiliser-les-modes-de-fusion\/\">Utiliser les modes de fusion<\/a><\/li><li><a href=\"https:\/\/skrav.fr\/alag\/vignettage\/\">Vignettage<\/a><\/li><\/ul> <\/p>\n<\/div>\n","protected":false},"excerpt":{"rendered":"<p>Am\u00e9liorer les photos Liste<\/p>\n","protected":false},"author":1,"featured_media":0,"parent":0,"menu_order":0,"comment_status":"closed","ping_status":"closed","template":"","meta":{"_uag_custom_page_level_css":"","footnotes":""},"class_list":["post-1003","page","type-page","status-publish","hentry"],"yoast_head":"<!-- This site is optimized with the Yoast SEO plugin v25.6 - https:\/\/yoast.com\/wordpress\/plugins\/seo\/ -->\n<title>Am\u00e9liorer les photos - Au large avec GIMP<\/title>\n<meta name=\"description\" content=\"pratique des outils de GIMP pour rendre vos photos meilleures pour le tirage ou l&#039;exposition\" \/>\n<meta name=\"robots\" content=\"index, follow, max-snippet:-1, max-image-preview:large, max-video-preview:-1\" \/>\n<link rel=\"canonical\" href=\"https:\/\/skrav.fr\/alag\/ameliorer-les-photos\/\" \/>\n<link rel=\"next\" href=\"https:\/\/skrav.fr\/alag\/ameliorer-les-photos\/1003?query-0-page=2\" \/>\n<meta property=\"og:locale\" content=\"fr_FR\" \/>\n<meta property=\"og:type\" content=\"article\" \/>\n<meta property=\"og:title\" content=\"Am\u00e9liorer les photos - Au large avec GIMP\" \/>\n<meta property=\"og:description\" content=\"pratique des outils de GIMP pour rendre vos photos meilleures pour le tirage ou l&#039;exposition\" \/>\n<meta property=\"og:url\" content=\"https:\/\/skrav.fr\/alag\/ameliorer-les-photos\/\" \/>\n<meta property=\"og:site_name\" content=\"Au large avec GIMP\" \/>\n<meta property=\"article:modified_time\" content=\"2025-02-09T16:26:34+00:00\" \/>\n<meta name=\"twitter:card\" content=\"summary_large_image\" \/>\n<meta name=\"twitter:label1\" content=\"Dur\u00e9e de lecture estim\u00e9e\" \/>\n\t<meta name=\"twitter:data1\" content=\"1 minute\" \/>\n<script type=\"application\/ld+json\" class=\"yoast-schema-graph\">{\"@context\":\"https:\/\/schema.org\",\"@graph\":[{\"@type\":\"WebPage\",\"@id\":\"https:\/\/skrav.fr\/alag\/ameliorer-les-photos\/\",\"url\":\"https:\/\/skrav.fr\/alag\/ameliorer-les-photos\/\",\"name\":\"Am\u00e9liorer les photos - Au large avec GIMP\",\"isPartOf\":{\"@id\":\"https:\/\/skrav.fr\/alag\/#website\"},\"datePublished\":\"2021-08-06T08:19:15+00:00\",\"dateModified\":\"2025-02-09T16:26:34+00:00\",\"description\":\"pratique des outils de GIMP pour rendre vos photos meilleures pour le tirage ou l'exposition\",\"breadcrumb\":{\"@id\":\"https:\/\/skrav.fr\/alag\/ameliorer-les-photos\/#breadcrumb\"},\"inLanguage\":\"fr-FR\",\"potentialAction\":[{\"@type\":\"ReadAction\",\"target\":[\"https:\/\/skrav.fr\/alag\/ameliorer-les-photos\/\"]}]},{\"@type\":\"BreadcrumbList\",\"@id\":\"https:\/\/skrav.fr\/alag\/ameliorer-les-photos\/#breadcrumb\",\"itemListElement\":[{\"@type\":\"ListItem\",\"position\":1,\"name\":\"Accueil\",\"item\":\"https:\/\/skrav.fr\/alag\/\"},{\"@type\":\"ListItem\",\"position\":2,\"name\":\"Am\u00e9liorer les photos\"}]},{\"@type\":\"WebSite\",\"@id\":\"https:\/\/skrav.fr\/alag\/#website\",\"url\":\"https:\/\/skrav.fr\/alag\/\",\"name\":\"Au large avec GIMP\",\"description\":\"Lib\u00e9rer votre cr\u00e9ativit\u00e9 avec GIMP\",\"publisher\":{\"@id\":\"https:\/\/skrav.fr\/alag\/#organization\"},\"potentialAction\":[{\"@type\":\"SearchAction\",\"target\":{\"@type\":\"EntryPoint\",\"urlTemplate\":\"https:\/\/skrav.fr\/alag\/?s={search_term_string}\"},\"query-input\":{\"@type\":\"PropertyValueSpecification\",\"valueRequired\":true,\"valueName\":\"search_term_string\"}}],\"inLanguage\":\"fr-FR\"},{\"@type\":\"Organization\",\"@id\":\"https:\/\/skrav.fr\/alag\/#organization\",\"name\":\"Au large avec GIMP\",\"url\":\"https:\/\/skrav.fr\/alag\/\",\"logo\":{\"@type\":\"ImageObject\",\"inLanguage\":\"fr-FR\",\"@id\":\"https:\/\/skrav.fr\/alag\/#\/schema\/logo\/image\/\",\"url\":\"https:\/\/i0.wp.com\/skrav.fr\/alag\/wp-content\/uploads\/2024\/04\/Logo-sterne.png?fit=200%2C209&ssl=1\",\"contentUrl\":\"https:\/\/i0.wp.com\/skrav.fr\/alag\/wp-content\/uploads\/2024\/04\/Logo-sterne.png?fit=200%2C209&ssl=1\",\"width\":200,\"height\":209,\"caption\":\"Au large avec GIMP\"},\"image\":{\"@id\":\"https:\/\/skrav.fr\/alag\/#\/schema\/logo\/image\/\"}}]}<\/script>\n<!-- \/ Yoast SEO plugin. -->","yoast_head_json":{"title":"Am\u00e9liorer les photos - Au large avec GIMP","description":"pratique des outils de GIMP pour rendre vos photos meilleures pour le tirage ou l'exposition","robots":{"index":"index","follow":"follow","max-snippet":"max-snippet:-1","max-image-preview":"max-image-preview:large","max-video-preview":"max-video-preview:-1"},"canonical":"https:\/\/skrav.fr\/alag\/ameliorer-les-photos\/","next":"https:\/\/skrav.fr\/alag\/ameliorer-les-photos\/1003?query-0-page=2","og_locale":"fr_FR","og_type":"article","og_title":"Am\u00e9liorer les photos - Au large avec GIMP","og_description":"pratique des outils de GIMP pour rendre vos photos meilleures pour le tirage ou l'exposition","og_url":"https:\/\/skrav.fr\/alag\/ameliorer-les-photos\/","og_site_name":"Au large avec GIMP","article_modified_time":"2025-02-09T16:26:34+00:00","twitter_card":"summary_large_image","twitter_misc":{"Dur\u00e9e de lecture estim\u00e9e":"1 minute"},"schema":{"@context":"https:\/\/schema.org","@graph":[{"@type":"WebPage","@id":"https:\/\/skrav.fr\/alag\/ameliorer-les-photos\/","url":"https:\/\/skrav.fr\/alag\/ameliorer-les-photos\/","name":"Am\u00e9liorer les photos - Au large avec GIMP","isPartOf":{"@id":"https:\/\/skrav.fr\/alag\/#website"},"datePublished":"2021-08-06T08:19:15+00:00","dateModified":"2025-02-09T16:26:34+00:00","description":"pratique des outils de GIMP pour rendre vos photos meilleures pour le tirage ou l'exposition","breadcrumb":{"@id":"https:\/\/skrav.fr\/alag\/ameliorer-les-photos\/#breadcrumb"},"inLanguage":"fr-FR","potentialAction":[{"@type":"ReadAction","target":["https:\/\/skrav.fr\/alag\/ameliorer-les-photos\/"]}]},{"@type":"BreadcrumbList","@id":"https:\/\/skrav.fr\/alag\/ameliorer-les-photos\/#breadcrumb","itemListElement":[{"@type":"ListItem","position":1,"name":"Accueil","item":"https:\/\/skrav.fr\/alag\/"},{"@type":"ListItem","position":2,"name":"Am\u00e9liorer les photos"}]},{"@type":"WebSite","@id":"https:\/\/skrav.fr\/alag\/#website","url":"https:\/\/skrav.fr\/alag\/","name":"Au large avec GIMP","description":"Lib\u00e9rer votre cr\u00e9ativit\u00e9 avec GIMP","publisher":{"@id":"https:\/\/skrav.fr\/alag\/#organization"},"potentialAction":[{"@type":"SearchAction","target":{"@type":"EntryPoint","urlTemplate":"https:\/\/skrav.fr\/alag\/?s={search_term_string}"},"query-input":{"@type":"PropertyValueSpecification","valueRequired":true,"valueName":"search_term_string"}}],"inLanguage":"fr-FR"},{"@type":"Organization","@id":"https:\/\/skrav.fr\/alag\/#organization","name":"Au large avec GIMP","url":"https:\/\/skrav.fr\/alag\/","logo":{"@type":"ImageObject","inLanguage":"fr-FR","@id":"https:\/\/skrav.fr\/alag\/#\/schema\/logo\/image\/","url":"https:\/\/i0.wp.com\/skrav.fr\/alag\/wp-content\/uploads\/2024\/04\/Logo-sterne.png?fit=200%2C209&ssl=1","contentUrl":"https:\/\/i0.wp.com\/skrav.fr\/alag\/wp-content\/uploads\/2024\/04\/Logo-sterne.png?fit=200%2C209&ssl=1","width":200,"height":209,"caption":"Au large avec GIMP"},"image":{"@id":"https:\/\/skrav.fr\/alag\/#\/schema\/logo\/image\/"}}]}},"uagb_featured_image_src":{"full":false,"thumbnail":false,"medium":false,"medium_large":false,"large":false,"1536x1536":false,"2048x2048":false},"uagb_author_info":{"display_name":"pierre","author_link":"https:\/\/skrav.fr\/alag\/author\/pierre\/"},"uagb_comment_info":0,"uagb_excerpt":"Am\u00e9liorer les photos Liste","_links":{"self":[{"href":"https:\/\/skrav.fr\/alag\/wp-json\/wp\/v2\/pages\/1003"}],"collection":[{"href":"https:\/\/skrav.fr\/alag\/wp-json\/wp\/v2\/pages"}],"about":[{"href":"https:\/\/skrav.fr\/alag\/wp-json\/wp\/v2\/types\/page"}],"author":[{"embeddable":true,"href":"https:\/\/skrav.fr\/alag\/wp-json\/wp\/v2\/users\/1"}],"replies":[{"embeddable":true,"href":"https:\/\/skrav.fr\/alag\/wp-json\/wp\/v2\/comments?post=1003"}],"version-history":[{"count":14,"href":"https:\/\/skrav.fr\/alag\/wp-json\/wp\/v2\/pages\/1003\/revisions"}],"predecessor-version":[{"id":2963,"href":"https:\/\/skrav.fr\/alag\/wp-json\/wp\/v2\/pages\/1003\/revisions\/2963"}],"wp:attachment":[{"href":"https:\/\/skrav.fr\/alag\/wp-json\/wp\/v2\/media?parent=1003"}],"curies":[{"name":"wp","href":"https:\/\/api.w.org\/{rel}","templated":true}]}}