{"id":1005,"date":"2021-08-06T10:20:14","date_gmt":"2021-08-06T08:20:14","guid":{"rendered":"https:\/\/skrav.fr\/aularge-wp\/?page_id=1005"},"modified":"2024-04-30T19:21:57","modified_gmt":"2024-04-30T17:21:57","slug":"techniques-avancees","status":"publish","type":"page","link":"https:\/\/skrav.fr\/alag\/techniques-avancees\/","title":{"rendered":"Techniques avanc\u00e9es"},"content":{"rendered":"\n<h2 class=\"wp-block-heading has-text-align-center has-base-2-color has-accent-2-background-color has-text-color has-background has-link-color wp-elements-e48df65a6f1473f08bbdeb78b5781679\" style=\"margin-top:var(--wp--preset--spacing--10);margin-bottom:var(--wp--preset--spacing--10);padding-top:var(--wp--preset--spacing--10);padding-right:var(--wp--preset--spacing--10);padding-bottom:var(--wp--preset--spacing--10);padding-left:var(--wp--preset--spacing--10)\">Techniques avanc\u00e9es<\/h2>\n\n\n\n<div class=\"wp-block-query alignwide is-layout-flow wp-block-query-is-layout-flow\"><ul style=\"text-decoration:none;\" class=\"columns-3 wp-block-post-template is-layout-grid wp-container-core-post-template-is-layout-1 wp-block-post-template-is-layout-grid\"><li class=\"wp-block-post post-92 post type-post status-publish format-standard has-post-thumbnail hentry category-techniques\">\n<h2 style=\"text-decoration:line-through; margin-top:0;margin-bottom:0;\" class=\"has-link-color wp-elements-2de6ff4ff28f2bb148fdae6b0d7f1dc8 wp-block-post-title has-text-color has-accent-2-color\"><a href=\"https:\/\/skrav.fr\/alag\/initiation-aux-masque-de-calques\/\" target=\"_blank\" >Initiation aux masques de calques<\/a><\/h2>\n\n<div class=\"wp-block-post-date__modified-date wp-block-post-date\"><time datetime=\"2025-02-17T17:02:33+01:00\">17 f\u00e9vrier 2025<\/time><\/div>\n\n<div class=\"has-link-color wp-elements-925b9d706d43bf4ac3f37f63cf9070cb wp-block-post-excerpt\"><p class=\"wp-block-post-excerpt__excerpt\">Un masque de calque permet de d\u00e9finir des parties du calque qui resteront totalement oupartiellement visibles, le reste \u00e9tant rendu transparent. Dans un masque de calque les partiesopaques sont en\u2026 <\/p><\/div>\n<\/li><li class=\"wp-block-post post-1033 post type-post status-publish format-standard hentry category-techniques\">\n<h2 style=\"text-decoration:line-through; margin-top:0;margin-bottom:0;\" class=\"has-link-color wp-elements-2de6ff4ff28f2bb148fdae6b0d7f1dc8 wp-block-post-title has-text-color has-accent-2-color\"><a href=\"https:\/\/skrav.fr\/alag\/correction-tonale\/\" target=\"_blank\" >Gimp-Correction tonale<\/a><\/h2>\n\n<div class=\"wp-block-post-date__modified-date wp-block-post-date\"><time datetime=\"2024-04-25T15:35:49+02:00\">25 avril 2024<\/time><\/div>\n\n<div class=\"has-link-color wp-elements-925b9d706d43bf4ac3f37f63cf9070cb wp-block-post-excerpt\"><p class=\"wp-block-post-excerpt__excerpt\">Le mode de fusion Superposer pour \u00e9claircir et assombrir des zones de l&rsquo;image. Correction tonale : Le Puy Pariou <\/p><\/div>\n<\/li><li class=\"wp-block-post post-812 post type-post status-publish format-standard hentry category-techniques\">\n<h2 style=\"text-decoration:line-through; margin-top:0;margin-bottom:0;\" class=\"has-link-color wp-elements-2de6ff4ff28f2bb148fdae6b0d7f1dc8 wp-block-post-title has-text-color has-accent-2-color\"><a href=\"https:\/\/skrav.fr\/alag\/inclusion\/\" target=\"_blank\" >Coh\u00e9rence des couleurs dans un montage<\/a><\/h2>\n\n<div class=\"wp-block-post-date__modified-date wp-block-post-date\"><time datetime=\"2024-05-27T16:07:41+02:00\">27 mai 2024<\/time><\/div>\n\n<div class=\"has-link-color wp-elements-925b9d706d43bf4ac3f37f63cf9070cb wp-block-post-excerpt\"><p class=\"wp-block-post-excerpt__excerpt\">Quand nous effectuons une incrustation d&rsquo;un \u00e9l\u00e9ment dans un d\u00e9cor, il est souvent \u00e9clair\u00e9 diff\u00e9remment du reste de l&rsquo;image ce qui provoque l&rsquo;impression d&rsquo;un plaquage artificiel. Ce tuto en PDF\u2026 <\/p><\/div>\n<\/li><li class=\"wp-block-post post-788 post type-post status-publish format-standard hentry category-animations category-techniques\">\n<h2 style=\"text-decoration:line-through; margin-top:0;margin-bottom:0;\" class=\"has-link-color wp-elements-2de6ff4ff28f2bb148fdae6b0d7f1dc8 wp-block-post-title has-text-color has-accent-2-color\"><a href=\"https:\/\/skrav.fr\/alag\/extraction-de-premier-plan-par-un-filtre-de-gmic\/\" target=\"_blank\" >Extraction de premier plan par un filtre de GMic<\/a><\/h2>\n\n<div class=\"wp-block-post-date__modified-date wp-block-post-date\"><time datetime=\"2021-08-06T12:00:40+02:00\">6 ao\u00fbt 2021<\/time><\/div>\n\n<div class=\"has-link-color wp-elements-925b9d706d43bf4ac3f37f63cf9070cb wp-block-post-excerpt\"><p class=\"wp-block-post-excerpt__excerpt\">Dans cette vid\u00e9o je vous montre comment faire un d\u00e9tourage avec un filtre de Gmic. Cette vid\u00e9o se trouve \u00e0 cette adresse : vid\u00e9o <\/p><\/div>\n<\/li><li class=\"wp-block-post post-419 post type-post status-publish format-standard hentry category-technique-photographique category-techniques\">\n<h2 style=\"text-decoration:line-through; margin-top:0;margin-bottom:0;\" class=\"has-link-color wp-elements-2de6ff4ff28f2bb148fdae6b0d7f1dc8 wp-block-post-title has-text-color has-accent-2-color\"><a href=\"https:\/\/skrav.fr\/alag\/utiliser-les-modes-de-fusion\/\" target=\"_blank\" >Utiliser les modes de fusion<\/a><\/h2>\n\n<div class=\"wp-block-post-date__modified-date wp-block-post-date\"><time datetime=\"2020-09-08T11:39:00+02:00\">8 septembre 2020<\/time><\/div>\n\n<div class=\"has-link-color wp-elements-925b9d706d43bf4ac3f37f63cf9070cb wp-block-post-excerpt\"><p class=\"wp-block-post-excerpt__excerpt\">Les modes de fusions sont tr\u00e8s nombreux dans GIMP et nous n&rsquo;en ferons pas la liste. Si des gens sont int\u00e9ress\u00e9s il peuvent consulter l&rsquo;aide de GIMP qui explique tr\u00e8s\u2026 <\/p><\/div>\n<\/li><li class=\"wp-block-post post-222 post type-post status-publish format-standard hentry category-techniques\">\n<h2 style=\"text-decoration:line-through; margin-top:0;margin-bottom:0;\" class=\"has-link-color wp-elements-2de6ff4ff28f2bb148fdae6b0d7f1dc8 wp-block-post-title has-text-color has-accent-2-color\"><a href=\"https:\/\/skrav.fr\/alag\/detourage-complexe-2020\/\" target=\"_blank\" >D\u00e9tourage complexe 2020<\/a><\/h2>\n\n<div class=\"wp-block-post-date__modified-date wp-block-post-date\"><time datetime=\"2022-03-01T12:36:39+01:00\">1 mars 2022<\/time><\/div>\n\n<div class=\"has-link-color wp-elements-925b9d706d43bf4ac3f37f63cf9070cb wp-block-post-excerpt\"><p class=\"wp-block-post-excerpt__excerpt\">Le d\u00e9tourage de petits d\u00e9tails comme les branches d&rsquo;un arbre ou des cheveux ne peut se faire par les outils habituels comme l&rsquo;outil chemin. Il faut avoir recours \u00e0 d&rsquo;autres\u2026 <\/p><\/div>\n<\/li><li class=\"wp-block-post post-221 post type-post status-publish format-standard hentry category-techniques\">\n<h2 style=\"text-decoration:line-through; margin-top:0;margin-bottom:0;\" class=\"has-link-color wp-elements-2de6ff4ff28f2bb148fdae6b0d7f1dc8 wp-block-post-title has-text-color has-accent-2-color\"><a href=\"https:\/\/skrav.fr\/alag\/les-degrades\/\" target=\"_blank\" >Cr\u00e9ation de d\u00e9grad\u00e9s<\/a><\/h2>\n\n<div class=\"wp-block-post-date__modified-date wp-block-post-date\"><time datetime=\"2021-12-30T16:46:13+01:00\">30 d\u00e9cembre 2021<\/time><\/div>\n\n<div class=\"has-link-color wp-elements-925b9d706d43bf4ac3f37f63cf9070cb wp-block-post-excerpt\"><p class=\"wp-block-post-excerpt__excerpt\">La nouvelle version de l&rsquo;outil d\u00e9grad\u00e9 de GIMP 2.10 permet de cr\u00e9er de superbes d\u00e9grad\u00e9s pour agr\u00e9menter vos cr\u00e9ations. Il est assez d\u00e9licat \u00e0 manipuler aussi le petit tuto suivant\u2026 <\/p><\/div>\n<\/li><li class=\"wp-block-post post-218 post type-post status-publish format-standard has-post-thumbnail hentry category-techniques\">\n<h2 style=\"text-decoration:line-through; margin-top:0;margin-bottom:0;\" class=\"has-link-color wp-elements-2de6ff4ff28f2bb148fdae6b0d7f1dc8 wp-block-post-title has-text-color has-accent-2-color\"><a href=\"https:\/\/skrav.fr\/alag\/detourage-de-l-hippocampe\/\" target=\"_blank\" >D\u00e9tourage de l&rsquo;hippocampe<\/a><\/h2>\n\n<div class=\"wp-block-post-date__modified-date wp-block-post-date\"><time datetime=\"2021-12-30T17:07:47+01:00\">30 d\u00e9cembre 2021<\/time><\/div>\n\n<div class=\"has-link-color wp-elements-925b9d706d43bf4ac3f37f63cf9070cb wp-block-post-excerpt\"><p class=\"wp-block-post-excerpt__excerpt\">Cliquez sur l&rsquo;image pour trouver l&rsquo;image et le tuto <\/p><\/div>\n<\/li><li class=\"wp-block-post post-208 post type-post status-publish format-standard has-post-thumbnail hentry category-techniques\">\n<h2 style=\"text-decoration:line-through; margin-top:0;margin-bottom:0;\" class=\"has-link-color wp-elements-2de6ff4ff28f2bb148fdae6b0d7f1dc8 wp-block-post-title has-text-color has-accent-2-color\"><a href=\"https:\/\/skrav.fr\/alag\/detourer-un-portrait-2\/\" target=\"_blank\" >D\u00e9tourer un portrait &#8211; m\u00e9thode rapide<\/a><\/h2>\n\n<div class=\"wp-block-post-date__modified-date wp-block-post-date\"><time datetime=\"2020-03-28T00:13:32+01:00\">28 mars 2020<\/time><\/div>\n\n<div class=\"has-link-color wp-elements-925b9d706d43bf4ac3f37f63cf9070cb wp-block-post-excerpt\"><p class=\"wp-block-post-excerpt__excerpt\">&nbsp; Il s\u2019agit de d\u00e9tourer le portrait ci-dessus en utilisant le masque de calque Copie du calque en niveaux de gris &nbsp; Cliquer sur l&rsquo;ic\u00f4ne ci-contre pour t\u00e9l\u00e9charger les documents. <\/p><\/div>\n<\/li><\/ul>\n\n\n<div style=\"height:24px\" aria-hidden=\"true\" class=\"wp-block-spacer\"><\/div>\n\n\n<nav class=\"has-link-color wp-elements-873915476e3b8b1af5dd2f631437955c wp-block-query-pagination has-text-color has-accent-2-color has-background has-accent-4-background-color has-large-font-size is-horizontal is-content-justification-center is-layout-flex wp-container-core-query-pagination-is-layout-1 wp-block-query-pagination-is-layout-flex\" aria-label=\"Pagination\">\n\n\n<div class=\"wp-block-query-pagination-numbers has-medium-font-size\"><span aria-current=\"page\" class=\"page-numbers current\">1<\/span>\n<a class=\"page-numbers\" href=\"?query-0-page=2\">2<\/a>\n<a class=\"page-numbers\" href=\"?query-0-page=3\">3<\/a><\/div>\n\n<a href=\"\/alag\/wp-json\/wp\/v2\/pages\/1005?query-0-page=2\" class=\"wp-block-query-pagination-next has-medium-font-size\">Page suivante<\/a>\n<\/nav>\n\n\n<div style=\"height:27px\" aria-hidden=\"true\" class=\"wp-block-spacer\"><\/div>\n\n\n<\/div>\n\n\n\n<h2 class=\"wp-block-heading has-text-align-center has-accent-4-background-color has-background has-x-large-font-size\" style=\"margin-top:var(--wp--preset--spacing--10);margin-bottom:var(--wp--preset--spacing--10);padding-top:0;padding-bottom:0\">Liste<\/h2>\n\n\n\n<div class=\"wp-block-group has-accent-4-background-color has-background has-global-padding is-layout-constrained wp-container-core-group-is-layout-1 wp-block-group-is-layout-constrained\" style=\"margin-top:0;margin-bottom:0;padding-top:0;padding-right:0;padding-bottom:0;padding-left:0\">\n<p class=\"has-accent-4-background-color has-background\" style=\"margin-top:0rem;margin-right:0;margin-bottom:0rem;margin-left:0;padding-top:var(--wp--preset--spacing--10);padding-right:var(--wp--preset--spacing--10);padding-bottom:var(--wp--preset--spacing--10);padding-left:var(--wp--preset--spacing--10)\"><ul class=\"lcp_catlist\" id=\"lcp_instance_0\"><li><a href=\"https:\/\/skrav.fr\/alag\/amelioration-d-un-masque\/\">Am\u00e9lioration d&rsquo;un masque<\/a><\/li><li><a href=\"https:\/\/skrav.fr\/alag\/bonne-annee-suivant-un-chemin\/\">Bonne ann\u00e9e suivant un chemin<\/a><\/li><li><a href=\"https:\/\/skrav.fr\/alag\/inclusion\/\">Coh\u00e9rence des couleurs dans un montage<\/a><\/li><li><a href=\"https:\/\/skrav.fr\/alag\/les-degrades\/\">Cr\u00e9ation de d\u00e9grad\u00e9s<\/a><\/li><li><a href=\"https:\/\/skrav.fr\/alag\/animation\/\">Cr\u00e9er une image anim\u00e9e<\/a><\/li><li><a href=\"https:\/\/skrav.fr\/alag\/detourage-complexe\/\">D\u00e9tourage complexe<\/a><\/li><li><a href=\"https:\/\/skrav.fr\/alag\/detourage-complexe-2020\/\">D\u00e9tourage complexe 2020<\/a><\/li><li><a href=\"https:\/\/skrav.fr\/alag\/detourage-de-l-hippocampe\/\">D\u00e9tourage de l&rsquo;hippocampe<\/a><\/li><li><a href=\"https:\/\/skrav.fr\/alag\/detourer-un-portrait\/\">D\u00e9tourer un portrait<\/a><\/li><li><a href=\"https:\/\/skrav.fr\/alag\/detourer-un-portrait-2\/\">D\u00e9tourer un portrait &#8211; m\u00e9thode rapide<\/a><\/li><li><a href=\"https:\/\/skrav.fr\/alag\/edith\/\">Exp\u00e9rience du virage en noir et blanc<\/a><\/li><li><a href=\"https:\/\/skrav.fr\/alag\/extraction-de-premier-plan-par-un-filtre-de-gmic\/\">Extraction de premier plan par un filtre de GMic<\/a><\/li><li><a href=\"https:\/\/skrav.fr\/alag\/gimp-raw\/\">GIMP et les fichiers RAW<\/a><\/li><li><a href=\"https:\/\/skrav.fr\/alag\/correction-tonale\/\">Gimp-Correction tonale<\/a><\/li><li><a href=\"https:\/\/skrav.fr\/alag\/grouper-plusieurs-images\/\">Grouper plusieurs images<\/a><\/li><li><a href=\"https:\/\/skrav.fr\/alag\/inscrustation-avec-bords-semi-transparents\/\">Image avec bords semi-transparents<\/a><\/li><li><a href=\"https:\/\/skrav.fr\/alag\/initiation-aux-masque-de-calques\/\">Initiation aux masques de calques<\/a><\/li><li><a href=\"https:\/\/skrav.fr\/alag\/la-gestion-des-masques-de-calque\/\">La gestion des masques de calque<\/a><\/li><li><a href=\"https:\/\/skrav.fr\/alag\/les-selections-drapeaux\/\">Les s\u00e9lections-Drapeaux<\/a><\/li><li><a href=\"https:\/\/skrav.fr\/alag\/ombres-et-reflets-7\/\">Ombres et reflets<\/a><\/li><li><a href=\"https:\/\/skrav.fr\/alag\/rapiecage\/\">Rapi\u00e9\u00e7age<\/a><\/li><li><a href=\"https:\/\/skrav.fr\/alag\/sauvegarder-ses-selections\/\">Sauvegarder ses s\u00e9lections<\/a><\/li><li><a href=\"https:\/\/skrav.fr\/alag\/utilisation-d-un-masque-de-calque\/\">Utilisation d&rsquo;un masque de calque<\/a><\/li><li><a href=\"https:\/\/skrav.fr\/alag\/utiliser-les-modes-de-fusion\/\">Utiliser les modes de fusion<\/a><\/li><\/ul> <\/p>\n<\/div>\n","protected":false},"excerpt":{"rendered":"<p>Techniques avanc\u00e9es Liste<\/p>\n","protected":false},"author":1,"featured_media":1693,"parent":0,"menu_order":0,"comment_status":"closed","ping_status":"closed","template":"","meta":{"_uag_custom_page_level_css":"","footnotes":""},"class_list":["post-1005","page","type-page","status-publish","has-post-thumbnail","hentry"],"yoast_head":"<!-- This site is optimized with the Yoast SEO plugin v25.6 - https:\/\/yoast.com\/wordpress\/plugins\/seo\/ -->\n<title>Techniques avanc\u00e9es - Au large avec GIMP<\/title>\n<meta name=\"robots\" content=\"index, follow, max-snippet:-1, max-image-preview:large, max-video-preview:-1\" \/>\n<link rel=\"canonical\" href=\"https:\/\/skrav.fr\/alag\/techniques-avancees\/\" \/>\n<link rel=\"next\" href=\"https:\/\/skrav.fr\/alag\/techniques-avancees\/1005?query-0-page=2\" \/>\n<meta property=\"og:locale\" content=\"fr_FR\" \/>\n<meta property=\"og:type\" content=\"article\" \/>\n<meta property=\"og:title\" content=\"Techniques avanc\u00e9es - Au large avec GIMP\" \/>\n<meta property=\"og:description\" content=\"Techniques avanc\u00e9es Liste\" \/>\n<meta property=\"og:url\" content=\"https:\/\/skrav.fr\/alag\/techniques-avancees\/\" \/>\n<meta property=\"og:site_name\" content=\"Au large avec GIMP\" \/>\n<meta property=\"article:modified_time\" content=\"2024-04-30T17:21:57+00:00\" \/>\n<meta property=\"og:image\" content=\"https:\/\/skrav.fr\/alag\/wp-content\/uploads\/2020\/03\/cropped-cropped-cropped-cropped-cropped-banniereAuLargeGd.jpg\" \/>\n\t<meta property=\"og:image:width\" content=\"2000\" \/>\n\t<meta property=\"og:image:height\" content=\"203\" \/>\n\t<meta property=\"og:image:type\" content=\"image\/jpeg\" \/>\n<meta name=\"twitter:card\" content=\"summary_large_image\" \/>\n<meta name=\"twitter:label1\" content=\"Dur\u00e9e de lecture estim\u00e9e\" \/>\n\t<meta name=\"twitter:data1\" content=\"1 minute\" \/>\n<script type=\"application\/ld+json\" class=\"yoast-schema-graph\">{\"@context\":\"https:\/\/schema.org\",\"@graph\":[{\"@type\":\"WebPage\",\"@id\":\"https:\/\/skrav.fr\/alag\/techniques-avancees\/\",\"url\":\"https:\/\/skrav.fr\/alag\/techniques-avancees\/\",\"name\":\"Techniques avanc\u00e9es - Au large avec GIMP\",\"isPartOf\":{\"@id\":\"https:\/\/skrav.fr\/alag\/#website\"},\"primaryImageOfPage\":{\"@id\":\"https:\/\/skrav.fr\/alag\/techniques-avancees\/#primaryimage\"},\"image\":{\"@id\":\"https:\/\/skrav.fr\/alag\/techniques-avancees\/#primaryimage\"},\"thumbnailUrl\":\"https:\/\/i0.wp.com\/skrav.fr\/alag\/wp-content\/uploads\/2020\/03\/cropped-cropped-cropped-cropped-cropped-banniereAuLargeGd.jpg?fit=2000%2C203&ssl=1\",\"datePublished\":\"2021-08-06T08:20:14+00:00\",\"dateModified\":\"2024-04-30T17:21:57+00:00\",\"breadcrumb\":{\"@id\":\"https:\/\/skrav.fr\/alag\/techniques-avancees\/#breadcrumb\"},\"inLanguage\":\"fr-FR\",\"potentialAction\":[{\"@type\":\"ReadAction\",\"target\":[\"https:\/\/skrav.fr\/alag\/techniques-avancees\/\"]}]},{\"@type\":\"ImageObject\",\"inLanguage\":\"fr-FR\",\"@id\":\"https:\/\/skrav.fr\/alag\/techniques-avancees\/#primaryimage\",\"url\":\"https:\/\/i0.wp.com\/skrav.fr\/alag\/wp-content\/uploads\/2020\/03\/cropped-cropped-cropped-cropped-cropped-banniereAuLargeGd.jpg?fit=2000%2C203&ssl=1\",\"contentUrl\":\"https:\/\/i0.wp.com\/skrav.fr\/alag\/wp-content\/uploads\/2020\/03\/cropped-cropped-cropped-cropped-cropped-banniereAuLargeGd.jpg?fit=2000%2C203&ssl=1\",\"width\":2000,\"height\":203},{\"@type\":\"BreadcrumbList\",\"@id\":\"https:\/\/skrav.fr\/alag\/techniques-avancees\/#breadcrumb\",\"itemListElement\":[{\"@type\":\"ListItem\",\"position\":1,\"name\":\"Accueil\",\"item\":\"https:\/\/skrav.fr\/alag\/\"},{\"@type\":\"ListItem\",\"position\":2,\"name\":\"Techniques avanc\u00e9es\"}]},{\"@type\":\"WebSite\",\"@id\":\"https:\/\/skrav.fr\/alag\/#website\",\"url\":\"https:\/\/skrav.fr\/alag\/\",\"name\":\"Au large avec GIMP\",\"description\":\"Lib\u00e9rer votre cr\u00e9ativit\u00e9 avec GIMP\",\"publisher\":{\"@id\":\"https:\/\/skrav.fr\/alag\/#organization\"},\"potentialAction\":[{\"@type\":\"SearchAction\",\"target\":{\"@type\":\"EntryPoint\",\"urlTemplate\":\"https:\/\/skrav.fr\/alag\/?s={search_term_string}\"},\"query-input\":{\"@type\":\"PropertyValueSpecification\",\"valueRequired\":true,\"valueName\":\"search_term_string\"}}],\"inLanguage\":\"fr-FR\"},{\"@type\":\"Organization\",\"@id\":\"https:\/\/skrav.fr\/alag\/#organization\",\"name\":\"Au large avec GIMP\",\"url\":\"https:\/\/skrav.fr\/alag\/\",\"logo\":{\"@type\":\"ImageObject\",\"inLanguage\":\"fr-FR\",\"@id\":\"https:\/\/skrav.fr\/alag\/#\/schema\/logo\/image\/\",\"url\":\"https:\/\/i0.wp.com\/skrav.fr\/alag\/wp-content\/uploads\/2024\/04\/Logo-sterne.png?fit=200%2C209&ssl=1\",\"contentUrl\":\"https:\/\/i0.wp.com\/skrav.fr\/alag\/wp-content\/uploads\/2024\/04\/Logo-sterne.png?fit=200%2C209&ssl=1\",\"width\":200,\"height\":209,\"caption\":\"Au large avec GIMP\"},\"image\":{\"@id\":\"https:\/\/skrav.fr\/alag\/#\/schema\/logo\/image\/\"}}]}<\/script>\n<!-- \/ Yoast SEO plugin. -->","yoast_head_json":{"title":"Techniques avanc\u00e9es - Au large avec GIMP","robots":{"index":"index","follow":"follow","max-snippet":"max-snippet:-1","max-image-preview":"max-image-preview:large","max-video-preview":"max-video-preview:-1"},"canonical":"https:\/\/skrav.fr\/alag\/techniques-avancees\/","next":"https:\/\/skrav.fr\/alag\/techniques-avancees\/1005?query-0-page=2","og_locale":"fr_FR","og_type":"article","og_title":"Techniques avanc\u00e9es - Au large avec GIMP","og_description":"Techniques avanc\u00e9es Liste","og_url":"https:\/\/skrav.fr\/alag\/techniques-avancees\/","og_site_name":"Au large avec GIMP","article_modified_time":"2024-04-30T17:21:57+00:00","og_image":[{"width":2000,"height":203,"url":"https:\/\/skrav.fr\/alag\/wp-content\/uploads\/2020\/03\/cropped-cropped-cropped-cropped-cropped-banniereAuLargeGd.jpg","type":"image\/jpeg"}],"twitter_card":"summary_large_image","twitter_misc":{"Dur\u00e9e de lecture estim\u00e9e":"1 minute"},"schema":{"@context":"https:\/\/schema.org","@graph":[{"@type":"WebPage","@id":"https:\/\/skrav.fr\/alag\/techniques-avancees\/","url":"https:\/\/skrav.fr\/alag\/techniques-avancees\/","name":"Techniques avanc\u00e9es - Au large avec GIMP","isPartOf":{"@id":"https:\/\/skrav.fr\/alag\/#website"},"primaryImageOfPage":{"@id":"https:\/\/skrav.fr\/alag\/techniques-avancees\/#primaryimage"},"image":{"@id":"https:\/\/skrav.fr\/alag\/techniques-avancees\/#primaryimage"},"thumbnailUrl":"https:\/\/i0.wp.com\/skrav.fr\/alag\/wp-content\/uploads\/2020\/03\/cropped-cropped-cropped-cropped-cropped-banniereAuLargeGd.jpg?fit=2000%2C203&ssl=1","datePublished":"2021-08-06T08:20:14+00:00","dateModified":"2024-04-30T17:21:57+00:00","breadcrumb":{"@id":"https:\/\/skrav.fr\/alag\/techniques-avancees\/#breadcrumb"},"inLanguage":"fr-FR","potentialAction":[{"@type":"ReadAction","target":["https:\/\/skrav.fr\/alag\/techniques-avancees\/"]}]},{"@type":"ImageObject","inLanguage":"fr-FR","@id":"https:\/\/skrav.fr\/alag\/techniques-avancees\/#primaryimage","url":"https:\/\/i0.wp.com\/skrav.fr\/alag\/wp-content\/uploads\/2020\/03\/cropped-cropped-cropped-cropped-cropped-banniereAuLargeGd.jpg?fit=2000%2C203&ssl=1","contentUrl":"https:\/\/i0.wp.com\/skrav.fr\/alag\/wp-content\/uploads\/2020\/03\/cropped-cropped-cropped-cropped-cropped-banniereAuLargeGd.jpg?fit=2000%2C203&ssl=1","width":2000,"height":203},{"@type":"BreadcrumbList","@id":"https:\/\/skrav.fr\/alag\/techniques-avancees\/#breadcrumb","itemListElement":[{"@type":"ListItem","position":1,"name":"Accueil","item":"https:\/\/skrav.fr\/alag\/"},{"@type":"ListItem","position":2,"name":"Techniques avanc\u00e9es"}]},{"@type":"WebSite","@id":"https:\/\/skrav.fr\/alag\/#website","url":"https:\/\/skrav.fr\/alag\/","name":"Au large avec GIMP","description":"Lib\u00e9rer votre cr\u00e9ativit\u00e9 avec GIMP","publisher":{"@id":"https:\/\/skrav.fr\/alag\/#organization"},"potentialAction":[{"@type":"SearchAction","target":{"@type":"EntryPoint","urlTemplate":"https:\/\/skrav.fr\/alag\/?s={search_term_string}"},"query-input":{"@type":"PropertyValueSpecification","valueRequired":true,"valueName":"search_term_string"}}],"inLanguage":"fr-FR"},{"@type":"Organization","@id":"https:\/\/skrav.fr\/alag\/#organization","name":"Au large avec GIMP","url":"https:\/\/skrav.fr\/alag\/","logo":{"@type":"ImageObject","inLanguage":"fr-FR","@id":"https:\/\/skrav.fr\/alag\/#\/schema\/logo\/image\/","url":"https:\/\/i0.wp.com\/skrav.fr\/alag\/wp-content\/uploads\/2024\/04\/Logo-sterne.png?fit=200%2C209&ssl=1","contentUrl":"https:\/\/i0.wp.com\/skrav.fr\/alag\/wp-content\/uploads\/2024\/04\/Logo-sterne.png?fit=200%2C209&ssl=1","width":200,"height":209,"caption":"Au large avec GIMP"},"image":{"@id":"https:\/\/skrav.fr\/alag\/#\/schema\/logo\/image\/"}}]}},"uagb_featured_image_src":{"full":["https:\/\/i0.wp.com\/skrav.fr\/alag\/wp-content\/uploads\/2020\/03\/cropped-cropped-cropped-cropped-cropped-banniereAuLargeGd.jpg?fit=2000%2C203&ssl=1",2000,203,false],"thumbnail":["https:\/\/i0.wp.com\/skrav.fr\/alag\/wp-content\/uploads\/2020\/03\/cropped-cropped-cropped-cropped-cropped-banniereAuLargeGd.jpg?resize=150%2C150&ssl=1",150,150,true],"medium":["https:\/\/i0.wp.com\/skrav.fr\/alag\/wp-content\/uploads\/2020\/03\/cropped-cropped-cropped-cropped-cropped-banniereAuLargeGd.jpg?fit=300%2C30&ssl=1",300,30,true],"medium_large":["https:\/\/i0.wp.com\/skrav.fr\/alag\/wp-content\/uploads\/2020\/03\/cropped-cropped-cropped-cropped-cropped-banniereAuLargeGd.jpg?fit=768%2C78&ssl=1",768,78,true],"large":["https:\/\/i0.wp.com\/skrav.fr\/alag\/wp-content\/uploads\/2020\/03\/cropped-cropped-cropped-cropped-cropped-banniereAuLargeGd.jpg?fit=1024%2C104&ssl=1",1024,104,true],"1536x1536":["https:\/\/i0.wp.com\/skrav.fr\/alag\/wp-content\/uploads\/2020\/03\/cropped-cropped-cropped-cropped-cropped-banniereAuLargeGd.jpg?fit=1536%2C156&ssl=1",1536,156,true],"2048x2048":["https:\/\/i0.wp.com\/skrav.fr\/alag\/wp-content\/uploads\/2020\/03\/cropped-cropped-cropped-cropped-cropped-banniereAuLargeGd.jpg?fit=2000%2C203&ssl=1",2000,203,true]},"uagb_author_info":{"display_name":"pierre","author_link":"https:\/\/skrav.fr\/alag\/author\/pierre\/"},"uagb_comment_info":0,"uagb_excerpt":"Techniques avanc\u00e9es Liste","_links":{"self":[{"href":"https:\/\/skrav.fr\/alag\/wp-json\/wp\/v2\/pages\/1005"}],"collection":[{"href":"https:\/\/skrav.fr\/alag\/wp-json\/wp\/v2\/pages"}],"about":[{"href":"https:\/\/skrav.fr\/alag\/wp-json\/wp\/v2\/types\/page"}],"author":[{"embeddable":true,"href":"https:\/\/skrav.fr\/alag\/wp-json\/wp\/v2\/users\/1"}],"replies":[{"embeddable":true,"href":"https:\/\/skrav.fr\/alag\/wp-json\/wp\/v2\/comments?post=1005"}],"version-history":[{"count":38,"href":"https:\/\/skrav.fr\/alag\/wp-json\/wp\/v2\/pages\/1005\/revisions"}],"predecessor-version":[{"id":2954,"href":"https:\/\/skrav.fr\/alag\/wp-json\/wp\/v2\/pages\/1005\/revisions\/2954"}],"wp:featuredmedia":[{"embeddable":true,"href":"https:\/\/skrav.fr\/alag\/wp-json\/wp\/v2\/media\/1693"}],"wp:attachment":[{"href":"https:\/\/skrav.fr\/alag\/wp-json\/wp\/v2\/media?parent=1005"}],"curies":[{"name":"wp","href":"https:\/\/api.w.org\/{rel}","templated":true}]}}