{"id":1007,"date":"2021-08-06T10:20:58","date_gmt":"2021-08-06T08:20:58","guid":{"rendered":"https:\/\/skrav.fr\/aularge-wp\/?page_id=1007"},"modified":"2024-04-30T19:34:21","modified_gmt":"2024-04-30T17:34:21","slug":"realisations","status":"publish","type":"page","link":"https:\/\/skrav.fr\/alag\/realisations\/","title":{"rendered":"R\u00e9alisations"},"content":{"rendered":"\n<h2 class=\"wp-block-heading has-text-align-center has-base-2-color has-accent-2-background-color has-text-color has-background has-link-color wp-elements-63a9c04146c20d04a792473a9fac9a92\" style=\"margin-top:var(--wp--preset--spacing--10);margin-bottom:var(--wp--preset--spacing--10);padding-top:var(--wp--preset--spacing--10);padding-right:var(--wp--preset--spacing--10);padding-bottom:var(--wp--preset--spacing--10);padding-left:var(--wp--preset--spacing--10)\">Les r\u00e9alisations<\/h2>\n\n\n\n<div class=\"wp-block-query alignwide is-layout-flow wp-block-query-is-layout-flow\"><ul class=\"columns-3 wp-block-post-template is-layout-grid wp-container-core-post-template-is-layout-1 wp-block-post-template-is-layout-grid\"><li class=\"wp-block-post post-1834 post type-post status-publish format-standard hentry category-darktable\">\n<h2 class=\"has-link-color wp-elements-3088317eb720f4eef4de063609420567 wp-block-post-title\"><a href=\"https:\/\/skrav.fr\/alag\/darktable-4-01\/\" target=\"_self\" >Darktable 4.4.1<\/a><\/h2>\n\n<div class=\"wp-block-post-date\"><time datetime=\"2024-03-03T18:23:24+01:00\">3 mars 2024<\/time><\/div>\n\n<div class=\"has-link-color wp-elements-13242eab49ecde709a71f059cbfed500 wp-block-post-excerpt\"><p class=\"wp-block-post-excerpt__excerpt\">Bonjour \u00e0 tous, je viens de mettre en ligne une actualisation des tutos d&rsquo;initiation au logiciel darktable dans sa derni\u00e8re version la 4.4.1 sortie en d\u00e9cembre 2023. Vous trouverez tous\u2026 <\/p><\/div>\n<\/li><li class=\"wp-block-post post-92 post type-post status-publish format-standard has-post-thumbnail hentry category-techniques\">\n<h2 class=\"has-link-color wp-elements-3088317eb720f4eef4de063609420567 wp-block-post-title\"><a href=\"https:\/\/skrav.fr\/alag\/initiation-aux-masque-de-calques\/\" target=\"_self\" >Initiation aux masques de calques<\/a><\/h2>\n\n<div class=\"wp-block-post-date\"><time datetime=\"2024-01-14T22:45:00+01:00\">14 janvier 2024<\/time><\/div>\n\n<div class=\"has-link-color wp-elements-13242eab49ecde709a71f059cbfed500 wp-block-post-excerpt\"><p class=\"wp-block-post-excerpt__excerpt\">Un masque de calque permet de d\u00e9finir des parties du calque qui resteront totalement oupartiellement visibles, le reste \u00e9tant rendu transparent. Dans un masque de calque les partiesopaques sont en\u2026 <\/p><\/div>\n<\/li><li class=\"wp-block-post post-2134 post type-post status-publish format-standard hentry category-outils-de-gimp\">\n<h2 class=\"has-link-color wp-elements-3088317eb720f4eef4de063609420567 wp-block-post-title\"><a href=\"https:\/\/skrav.fr\/alag\/outil-chemin-2020\/\" target=\"_self\" >Outil chemin 2024<\/a><\/h2>\n\n<div class=\"wp-block-post-date\"><time datetime=\"2023-12-31T18:13:34+01:00\">31 d\u00e9cembre 2023<\/time><\/div>\n\n<div class=\"has-link-color wp-elements-13242eab49ecde709a71f059cbfed500 wp-block-post-excerpt\"><p class=\"wp-block-post-excerpt__excerpt\">Le tuto en PDF se trouve ici : Outil Chemin T\u00e9l\u00e9charger les images <\/p><\/div>\n<\/li><li class=\"wp-block-post post-2103 post type-post status-publish format-standard hentry category-non-classe category-au-secours\">\n<h2 class=\"has-link-color wp-elements-3088317eb720f4eef4de063609420567 wp-block-post-title\"><a href=\"https:\/\/skrav.fr\/alag\/mettre-des-caracteres-speciaux\/\" target=\"_self\" >Cartes de v\u0153ux, mettre des caract\u00e8res sp\u00e9ciaux<\/a><\/h2>\n\n<div class=\"wp-block-post-date\"><time datetime=\"2023-12-18T12:51:26+01:00\">18 d\u00e9cembre 2023<\/time><\/div>\n\n<div class=\"has-link-color wp-elements-13242eab49ecde709a71f059cbfed500 wp-block-post-excerpt\"><p class=\"wp-block-post-excerpt__excerpt\">Voici venu le temps des v\u0153ux et nous avons envie de cr\u00e9er de somptueuses cartes \u00e0 partir de nos photos ou cr\u00e9ations num\u00e9riques, mais comment \u00e9crire le \u0153 de v\u0153ux\u2026 <\/p><\/div>\n<\/li><li class=\"wp-block-post post-2020 post type-post status-publish format-standard hentry category-realisations\">\n<h2 class=\"has-link-color wp-elements-3088317eb720f4eef4de063609420567 wp-block-post-title\"><a href=\"https:\/\/skrav.fr\/alag\/nouveaux-hors-cadre\/\" target=\"_self\" >Nouveaux Hors-cadre<\/a><\/h2>\n\n<div class=\"wp-block-post-date\"><time datetime=\"2023-05-25T11:12:23+02:00\">25 mai 2023<\/time><\/div>\n\n<div class=\"has-link-color wp-elements-13242eab49ecde709a71f059cbfed500 wp-block-post-excerpt\"><p class=\"wp-block-post-excerpt__excerpt\">Au cours de cette s\u00e9ance nous allons de nouveau utiliser les calques et les masques pour cr\u00e9er des images originales appel\u00e9es : Hors-cadre. Dans cette illustration, nous imaginons que la\u2026 <\/p><\/div>\n<\/li><li class=\"wp-block-post post-1553 post type-post status-publish format-standard hentry category-technique-photographique\">\n<h2 class=\"has-link-color wp-elements-3088317eb720f4eef4de063609420567 wp-block-post-title\"><a href=\"https:\/\/skrav.fr\/alag\/creation-dune-profondeur-de-champ-2021\/\" target=\"_self\" >Cr\u00e9ation d&rsquo;une profondeur de champ avec un masque de calque<\/a><\/h2>\n\n<div class=\"wp-block-post-date\"><time datetime=\"2022-12-16T17:39:00+01:00\">16 d\u00e9cembre 2022<\/time><\/div>\n\n<div class=\"has-link-color wp-elements-13242eab49ecde709a71f059cbfed500 wp-block-post-excerpt\"><p class=\"wp-block-post-excerpt__excerpt\">Dans ce tuto montrant comment simuler une profondeur de champ \u00e0 l&rsquo;aide d&rsquo;un masque de calque et de l&rsquo;outil de d\u00e9grad\u00e9, j&rsquo;aborde d&rsquo;autres outils comme les ciseaux intelligents et le\u2026 <\/p><\/div>\n<\/li><li class=\"wp-block-post post-1277 post type-post status-publish format-standard hentry category-non-classe\">\n<h2 class=\"has-link-color wp-elements-3088317eb720f4eef4de063609420567 wp-block-post-title\"><a href=\"https:\/\/skrav.fr\/alag\/cours-gimp-2021\/\" target=\"_self\" >Cours GIMP 2021<\/a><\/h2>\n\n<div class=\"wp-block-post-date\"><time datetime=\"2021-09-24T00:35:04+02:00\">24 septembre 2021<\/time><\/div>\n\n<div class=\"has-link-color wp-elements-13242eab49ecde709a71f059cbfed500 wp-block-post-excerpt\"><p class=\"wp-block-post-excerpt__excerpt\"> <\/p><\/div>\n<\/li><li class=\"wp-block-post post-1054 post type-post status-publish format-standard hentry category-au-secours\">\n<h2 class=\"has-link-color wp-elements-3088317eb720f4eef4de063609420567 wp-block-post-title\"><a href=\"https:\/\/skrav.fr\/alag\/interface-gimp-2-10\/\" target=\"_self\" >Organiser l&rsquo;interface dans GIMP 2.10<\/a><\/h2>\n\n<div class=\"wp-block-post-date\"><time datetime=\"2021-08-06T17:29:37+02:00\">6 ao\u00fbt 2021<\/time><\/div>\n\n<div class=\"has-link-color wp-elements-13242eab49ecde709a71f059cbfed500 wp-block-post-excerpt\"><p class=\"wp-block-post-excerpt__excerpt\">L&rsquo;interface de GIMP 2.10 est tr\u00e8s diff\u00e9rente de la version 2.8 quand on la t\u00e9l\u00e9charge aussi si vous vous \u00eates habitu\u00e9 \u00e0 la pr\u00e9sentation pr\u00e9c\u00e9dente, je vous propose un petit\u2026 <\/p><\/div>\n<\/li><li class=\"wp-block-post post-1033 post type-post status-publish format-standard hentry category-techniques\">\n<h2 class=\"has-link-color wp-elements-3088317eb720f4eef4de063609420567 wp-block-post-title\"><a href=\"https:\/\/skrav.fr\/alag\/correction-tonale\/\" target=\"_self\" >Gimp-Correction tonale<\/a><\/h2>\n\n<div class=\"wp-block-post-date\"><time datetime=\"2021-08-06T12:08:04+02:00\">6 ao\u00fbt 2021<\/time><\/div>\n\n<div class=\"has-link-color wp-elements-13242eab49ecde709a71f059cbfed500 wp-block-post-excerpt\"><p class=\"wp-block-post-excerpt__excerpt\">Le mode de fusion Superposer pour \u00e9claircir et assombrir des zones de l&rsquo;image. Correction tonale : Le Puy Pariou <\/p><\/div>\n<\/li><\/ul>\n\n\n<div style=\"height:20px\" aria-hidden=\"true\" class=\"wp-block-spacer\"><\/div>\n\n\n<nav class=\"has-link-color wp-elements-9d0d651bc0842b7f7764d997c21ca8b8 wp-block-query-pagination has-background has-accent-4-background-color is-content-justification-center is-layout-flex wp-container-core-query-pagination-is-layout-1 wp-block-query-pagination-is-layout-flex\" aria-label=\"Pagination\">\n\n\n<div class=\"wp-block-query-pagination-numbers\"><span aria-current=\"page\" class=\"page-numbers current\">1<\/span>\n<a class=\"page-numbers\" href=\"?query-0-page=2\">2<\/a>\n<a class=\"page-numbers\" href=\"?query-0-page=3\">3<\/a>\n<span class=\"page-numbers dots\">\u2026<\/span>\n<a class=\"page-numbers\" href=\"?query-0-page=12\">12<\/a><\/div>\n\n<a href=\"\/alag\/wp-json\/wp\/v2\/pages\/1007?query-0-page=2\" class=\"wp-block-query-pagination-next\">Page suivante<\/a>\n<\/nav>\n\n\n<div style=\"height:20px\" aria-hidden=\"true\" class=\"wp-block-spacer\"><\/div>\n\n\n<\/div>\n\n\n\n<h2 class=\"wp-block-heading has-text-align-center has-accent-4-background-color has-background\" style=\"margin-top:var(--wp--preset--spacing--10);margin-bottom:var(--wp--preset--spacing--10);padding-top:0;padding-right:var(--wp--preset--spacing--50);padding-bottom:0;padding-left:var(--wp--preset--spacing--50)\">Liste<\/h2>\n\n\n\n<div class=\"wp-block-group has-accent-4-background-color has-background has-global-padding is-layout-constrained wp-block-group-is-layout-constrained\">\n<p style=\"padding-top:var(--wp--preset--spacing--10);padding-right:var(--wp--preset--spacing--10);padding-bottom:var(--wp--preset--spacing--10);padding-left:var(--wp--preset--spacing--10)\"> <ul class=\"lcp_catlist\" id=\"lcp_instance_0\"><li><a href=\"https:\/\/skrav.fr\/alag\/bonne-annee-2019\/\">Bonne ann\u00e9e 2019<\/a><\/li><li><a href=\"https:\/\/skrav.fr\/alag\/cartes-de-voeux\/\">Cartes de voeux<\/a><\/li><li><a href=\"https:\/\/skrav.fr\/alag\/cartes-de-voeux-2014\/\">Cartes de voeux 2014<\/a><\/li><li><a href=\"https:\/\/skrav.fr\/alag\/cartes-de-voeux-2018\/\">Cartes de voeux 2018<\/a><\/li><li><a href=\"https:\/\/skrav.fr\/alag\/colorisation\/\">Colorisation<\/a><\/li><li><a href=\"https:\/\/skrav.fr\/alag\/creation-d-un-avatar\/\">Cr\u00e9ation d&rsquo;un avatar<\/a><\/li><li><a href=\"https:\/\/skrav.fr\/alag\/eclaboussures\/\">Eclaboussures<\/a><\/li><li><a href=\"https:\/\/skrav.fr\/alag\/elaboration-d-un-pele-mele\/\">Elaboration d&rsquo;un p\u00eale-m\u00eale<\/a><\/li><li><a href=\"https:\/\/skrav.fr\/alag\/exemple-de-cartes-de-voeux\/\">Exemples de cartes de voeux<\/a><\/li><li><a href=\"https:\/\/skrav.fr\/alag\/recherche-creation-numerique-creanum\/\">Fusion de deux images<\/a><\/li><li><a href=\"https:\/\/skrav.fr\/alag\/incrustation\/\">Incrustation de go\u00e9lands<\/a><\/li><li><a href=\"https:\/\/skrav.fr\/alag\/incrustation-ou-la-balade-de-m-hulot\/\">Incrustation ou la balade de M. Hulot<\/a><\/li><li><a href=\"https:\/\/skrav.fr\/alag\/manuscrit-et-loupe\/\">Manuscrit et loupe<\/a><\/li><li><a href=\"https:\/\/skrav.fr\/alag\/mosaique-d-escalier\/\">Mosa\u00efque d&rsquo;escaliers<\/a><\/li><li><a href=\"https:\/\/skrav.fr\/alag\/nouveaux-hors-cadre\/\">Nouveaux Hors-cadre<\/a><\/li><li><a href=\"https:\/\/skrav.fr\/alag\/nouvelle-incrustation\/\">Nouvelle incrustation<\/a><\/li><li><a href=\"https:\/\/skrav.fr\/alag\/nouvelles-cartes-de-voeux\/\">Nouvelles cartes de voeux<\/a><\/li><li><a href=\"https:\/\/skrav.fr\/alag\/panoramique-vertical\/\">Panoramique vertical<\/a><\/li><li><a href=\"https:\/\/skrav.fr\/alag\/photos-hors-cadres\/\">Photos hors cadres<\/a><\/li><li><a href=\"https:\/\/skrav.fr\/alag\/portrait-pop-art\/\">Portrait Pop Art<\/a><\/li><\/ul>  <\/p>\n<\/div>\n","protected":false},"excerpt":{"rendered":"<p>Les r\u00e9alisations Liste<\/p>\n","protected":false},"author":1,"featured_media":0,"parent":0,"menu_order":0,"comment_status":"closed","ping_status":"closed","template":"","meta":{"_uag_custom_page_level_css":"","footnotes":""},"class_list":["post-1007","page","type-page","status-publish","hentry"],"yoast_head":"<!-- This site is optimized with the Yoast SEO plugin v25.6 - https:\/\/yoast.com\/wordpress\/plugins\/seo\/ -->\n<title>R\u00e9alisations - Au large avec GIMP<\/title>\n<meta name=\"robots\" content=\"index, follow, max-snippet:-1, max-image-preview:large, max-video-preview:-1\" \/>\n<link rel=\"canonical\" href=\"https:\/\/skrav.fr\/alag\/realisations\/\" \/>\n<link rel=\"next\" href=\"https:\/\/skrav.fr\/alag\/realisations\/1007?query-0-page=2\" \/>\n<meta property=\"og:locale\" content=\"fr_FR\" \/>\n<meta property=\"og:type\" content=\"article\" \/>\n<meta property=\"og:title\" content=\"R\u00e9alisations - Au large avec GIMP\" \/>\n<meta property=\"og:description\" content=\"Les r\u00e9alisations Liste\" \/>\n<meta property=\"og:url\" content=\"https:\/\/skrav.fr\/alag\/realisations\/\" \/>\n<meta property=\"og:site_name\" content=\"Au large avec GIMP\" \/>\n<meta property=\"article:modified_time\" content=\"2024-04-30T17:34:21+00:00\" \/>\n<meta name=\"twitter:card\" content=\"summary_large_image\" \/>\n<meta name=\"twitter:label1\" content=\"Dur\u00e9e de lecture estim\u00e9e\" \/>\n\t<meta name=\"twitter:data1\" content=\"1 minute\" \/>\n<script type=\"application\/ld+json\" class=\"yoast-schema-graph\">{\"@context\":\"https:\/\/schema.org\",\"@graph\":[{\"@type\":\"WebPage\",\"@id\":\"https:\/\/skrav.fr\/alag\/realisations\/\",\"url\":\"https:\/\/skrav.fr\/alag\/realisations\/\",\"name\":\"R\u00e9alisations - Au large avec GIMP\",\"isPartOf\":{\"@id\":\"https:\/\/skrav.fr\/alag\/#website\"},\"datePublished\":\"2021-08-06T08:20:58+00:00\",\"dateModified\":\"2024-04-30T17:34:21+00:00\",\"breadcrumb\":{\"@id\":\"https:\/\/skrav.fr\/alag\/realisations\/#breadcrumb\"},\"inLanguage\":\"fr-FR\",\"potentialAction\":[{\"@type\":\"ReadAction\",\"target\":[\"https:\/\/skrav.fr\/alag\/realisations\/\"]}]},{\"@type\":\"BreadcrumbList\",\"@id\":\"https:\/\/skrav.fr\/alag\/realisations\/#breadcrumb\",\"itemListElement\":[{\"@type\":\"ListItem\",\"position\":1,\"name\":\"Accueil\",\"item\":\"https:\/\/skrav.fr\/alag\/\"},{\"@type\":\"ListItem\",\"position\":2,\"name\":\"R\u00e9alisations\"}]},{\"@type\":\"WebSite\",\"@id\":\"https:\/\/skrav.fr\/alag\/#website\",\"url\":\"https:\/\/skrav.fr\/alag\/\",\"name\":\"Au large avec GIMP\",\"description\":\"Lib\u00e9rer votre cr\u00e9ativit\u00e9 avec GIMP\",\"publisher\":{\"@id\":\"https:\/\/skrav.fr\/alag\/#organization\"},\"potentialAction\":[{\"@type\":\"SearchAction\",\"target\":{\"@type\":\"EntryPoint\",\"urlTemplate\":\"https:\/\/skrav.fr\/alag\/?s={search_term_string}\"},\"query-input\":{\"@type\":\"PropertyValueSpecification\",\"valueRequired\":true,\"valueName\":\"search_term_string\"}}],\"inLanguage\":\"fr-FR\"},{\"@type\":\"Organization\",\"@id\":\"https:\/\/skrav.fr\/alag\/#organization\",\"name\":\"Au large avec GIMP\",\"url\":\"https:\/\/skrav.fr\/alag\/\",\"logo\":{\"@type\":\"ImageObject\",\"inLanguage\":\"fr-FR\",\"@id\":\"https:\/\/skrav.fr\/alag\/#\/schema\/logo\/image\/\",\"url\":\"https:\/\/i0.wp.com\/skrav.fr\/alag\/wp-content\/uploads\/2024\/04\/Logo-sterne.png?fit=200%2C209&ssl=1\",\"contentUrl\":\"https:\/\/i0.wp.com\/skrav.fr\/alag\/wp-content\/uploads\/2024\/04\/Logo-sterne.png?fit=200%2C209&ssl=1\",\"width\":200,\"height\":209,\"caption\":\"Au large avec GIMP\"},\"image\":{\"@id\":\"https:\/\/skrav.fr\/alag\/#\/schema\/logo\/image\/\"}}]}<\/script>\n<!-- \/ Yoast SEO plugin. -->","yoast_head_json":{"title":"R\u00e9alisations - Au large avec GIMP","robots":{"index":"index","follow":"follow","max-snippet":"max-snippet:-1","max-image-preview":"max-image-preview:large","max-video-preview":"max-video-preview:-1"},"canonical":"https:\/\/skrav.fr\/alag\/realisations\/","next":"https:\/\/skrav.fr\/alag\/realisations\/1007?query-0-page=2","og_locale":"fr_FR","og_type":"article","og_title":"R\u00e9alisations - Au large avec GIMP","og_description":"Les r\u00e9alisations Liste","og_url":"https:\/\/skrav.fr\/alag\/realisations\/","og_site_name":"Au large avec GIMP","article_modified_time":"2024-04-30T17:34:21+00:00","twitter_card":"summary_large_image","twitter_misc":{"Dur\u00e9e de lecture estim\u00e9e":"1 minute"},"schema":{"@context":"https:\/\/schema.org","@graph":[{"@type":"WebPage","@id":"https:\/\/skrav.fr\/alag\/realisations\/","url":"https:\/\/skrav.fr\/alag\/realisations\/","name":"R\u00e9alisations - Au large avec GIMP","isPartOf":{"@id":"https:\/\/skrav.fr\/alag\/#website"},"datePublished":"2021-08-06T08:20:58+00:00","dateModified":"2024-04-30T17:34:21+00:00","breadcrumb":{"@id":"https:\/\/skrav.fr\/alag\/realisations\/#breadcrumb"},"inLanguage":"fr-FR","potentialAction":[{"@type":"ReadAction","target":["https:\/\/skrav.fr\/alag\/realisations\/"]}]},{"@type":"BreadcrumbList","@id":"https:\/\/skrav.fr\/alag\/realisations\/#breadcrumb","itemListElement":[{"@type":"ListItem","position":1,"name":"Accueil","item":"https:\/\/skrav.fr\/alag\/"},{"@type":"ListItem","position":2,"name":"R\u00e9alisations"}]},{"@type":"WebSite","@id":"https:\/\/skrav.fr\/alag\/#website","url":"https:\/\/skrav.fr\/alag\/","name":"Au large avec GIMP","description":"Lib\u00e9rer votre cr\u00e9ativit\u00e9 avec GIMP","publisher":{"@id":"https:\/\/skrav.fr\/alag\/#organization"},"potentialAction":[{"@type":"SearchAction","target":{"@type":"EntryPoint","urlTemplate":"https:\/\/skrav.fr\/alag\/?s={search_term_string}"},"query-input":{"@type":"PropertyValueSpecification","valueRequired":true,"valueName":"search_term_string"}}],"inLanguage":"fr-FR"},{"@type":"Organization","@id":"https:\/\/skrav.fr\/alag\/#organization","name":"Au large avec GIMP","url":"https:\/\/skrav.fr\/alag\/","logo":{"@type":"ImageObject","inLanguage":"fr-FR","@id":"https:\/\/skrav.fr\/alag\/#\/schema\/logo\/image\/","url":"https:\/\/i0.wp.com\/skrav.fr\/alag\/wp-content\/uploads\/2024\/04\/Logo-sterne.png?fit=200%2C209&ssl=1","contentUrl":"https:\/\/i0.wp.com\/skrav.fr\/alag\/wp-content\/uploads\/2024\/04\/Logo-sterne.png?fit=200%2C209&ssl=1","width":200,"height":209,"caption":"Au large avec GIMP"},"image":{"@id":"https:\/\/skrav.fr\/alag\/#\/schema\/logo\/image\/"}}]}},"uagb_featured_image_src":{"full":false,"thumbnail":false,"medium":false,"medium_large":false,"large":false,"1536x1536":false,"2048x2048":false},"uagb_author_info":{"display_name":"pierre","author_link":"https:\/\/skrav.fr\/alag\/author\/pierre\/"},"uagb_comment_info":0,"uagb_excerpt":"Les r\u00e9alisations Liste","_links":{"self":[{"href":"https:\/\/skrav.fr\/alag\/wp-json\/wp\/v2\/pages\/1007"}],"collection":[{"href":"https:\/\/skrav.fr\/alag\/wp-json\/wp\/v2\/pages"}],"about":[{"href":"https:\/\/skrav.fr\/alag\/wp-json\/wp\/v2\/types\/page"}],"author":[{"embeddable":true,"href":"https:\/\/skrav.fr\/alag\/wp-json\/wp\/v2\/users\/1"}],"replies":[{"embeddable":true,"href":"https:\/\/skrav.fr\/alag\/wp-json\/wp\/v2\/comments?post=1007"}],"version-history":[{"count":10,"href":"https:\/\/skrav.fr\/alag\/wp-json\/wp\/v2\/pages\/1007\/revisions"}],"predecessor-version":[{"id":2966,"href":"https:\/\/skrav.fr\/alag\/wp-json\/wp\/v2\/pages\/1007\/revisions\/2966"}],"wp:attachment":[{"href":"https:\/\/skrav.fr\/alag\/wp-json\/wp\/v2\/media?parent=1007"}],"curies":[{"name":"wp","href":"https:\/\/api.w.org\/{rel}","templated":true}]}}