{"id":1014,"date":"2021-08-06T10:31:59","date_gmt":"2021-08-06T08:31:59","guid":{"rendered":"https:\/\/skrav.fr\/aularge-wp\/?page_id=1014"},"modified":"2024-04-30T20:00:37","modified_gmt":"2024-04-30T18:00:37","slug":"trucs","status":"publish","type":"page","link":"https:\/\/skrav.fr\/alag\/trucs\/","title":{"rendered":"Trucs"},"content":{"rendered":"\n<h2 class=\"wp-block-heading has-text-align-center has-base-2-color has-accent-2-background-color has-text-color has-background has-link-color wp-elements-18f0bab9729b907408a3dd1cc8868351\" style=\"margin-top:var(--wp--preset--spacing--10);margin-bottom:var(--wp--preset--spacing--10);padding-top:var(--wp--preset--spacing--10);padding-right:var(--wp--preset--spacing--10);padding-bottom:var(--wp--preset--spacing--10);padding-left:var(--wp--preset--spacing--10)\">Petits trucs<\/h2>\n\n\n\n<div class=\"wp-block-query alignwide is-layout-flow wp-block-query-is-layout-flow\"><ul class=\"columns-3 wp-block-post-template is-layout-grid wp-container-core-post-template-is-layout-1 wp-block-post-template-is-layout-grid\"><li class=\"wp-block-post post-2103 post type-post status-publish format-standard hentry category-non-classe category-au-secours\">\n<h2 class=\"wp-elements-d336024a56716b89da2051b1a4ca4945 wp-block-post-title\"><a href=\"https:\/\/skrav.fr\/alag\/mettre-des-caracteres-speciaux\/\" target=\"_self\" >Cartes de v\u0153ux, mettre des caract\u00e8res sp\u00e9ciaux<\/a><\/h2>\n\n<div class=\"wp-block-post-date\"><time datetime=\"2023-12-18T12:51:26+01:00\">18 d\u00e9cembre 2023<\/time><\/div>\n\n<div class=\"wp-block-post-excerpt\"><p class=\"wp-block-post-excerpt__excerpt\">Voici venu le temps des v\u0153ux et nous avons envie de cr\u00e9er de somptueuses cartes \u00e0 partir de nos photos ou cr\u00e9ations num\u00e9riques, mais comment \u00e9crire le \u0153 de v\u0153ux\u2026 <\/p><\/div>\n<\/li><li class=\"wp-block-post post-1054 post type-post status-publish format-standard hentry category-au-secours\">\n<h2 class=\"wp-elements-d336024a56716b89da2051b1a4ca4945 wp-block-post-title\"><a href=\"https:\/\/skrav.fr\/alag\/interface-gimp-2-10\/\" target=\"_self\" >Organiser l&rsquo;interface dans GIMP 2.10<\/a><\/h2>\n\n<div class=\"wp-block-post-date\"><time datetime=\"2021-08-06T17:29:37+02:00\">6 ao\u00fbt 2021<\/time><\/div>\n\n<div class=\"wp-block-post-excerpt\"><p class=\"wp-block-post-excerpt__excerpt\">L&rsquo;interface de GIMP 2.10 est tr\u00e8s diff\u00e9rente de la version 2.8 quand on la t\u00e9l\u00e9charge aussi si vous vous \u00eates habitu\u00e9 \u00e0 la pr\u00e9sentation pr\u00e9c\u00e9dente, je vous propose un petit\u2026 <\/p><\/div>\n<\/li><li class=\"wp-block-post post-1065 post type-post status-publish format-standard hentry category-au-secours category-tutos-animes\">\n<h2 class=\"wp-elements-d336024a56716b89da2051b1a4ca4945 wp-block-post-title\"><a href=\"https:\/\/skrav.fr\/alag\/reechantillonnage-pour-envoi-sur-internet\/\" target=\"_self\" >R\u00e9\u00e9chantillonnage pour envoi sur internet<\/a><\/h2>\n\n<div class=\"wp-block-post-date\"><time datetime=\"2020-08-06T23:44:00+02:00\">6 ao\u00fbt 2020<\/time><\/div>\n\n<div class=\"wp-block-post-excerpt\"><p class=\"wp-block-post-excerpt__excerpt\">Si vous voulez r\u00e9duire le nombre de pixels d&rsquo;une image pour par exemple l&rsquo;envoyer par courriel ou la placer sur votre site, vous devrez effectuer un r\u00e9\u00e9chantillonnage Le petit tuto\u2026 <\/p><\/div>\n<\/li><li class=\"wp-block-post post-212 post type-post status-publish format-standard hentry category-outils-de-gimp category-au-secours\">\n<h2 class=\"wp-elements-d336024a56716b89da2051b1a4ca4945 wp-block-post-title\"><a href=\"https:\/\/skrav.fr\/alag\/installation-de-greffons\/\" target=\"_self\" >Installation de greffons<\/a><\/h2>\n\n<div class=\"wp-block-post-date\"><time datetime=\"2019-02-03T22:39:38+01:00\">3 f\u00e9vrier 2019<\/time><\/div>\n\n<div class=\"wp-block-post-excerpt\"><p class=\"wp-block-post-excerpt__excerpt\">Il existe de nombreux greffons dans GIMP qui permettent de r\u00e9aliser des images tr\u00e8s originales. Parmi ceux-ci, la librairie de greffons GMic regroupe plus de 500 \u00e9l\u00e9ments. Pour les installer\u2026 <\/p><\/div>\n<\/li><li class=\"wp-block-post post-207 post type-post status-publish format-standard hentry category-techniques category-au-secours\">\n<h2 class=\"wp-elements-d336024a56716b89da2051b1a4ca4945 wp-block-post-title\"><a href=\"https:\/\/skrav.fr\/alag\/sauvegarder-ses-selections\/\" target=\"_self\" >Sauvegarder ses s\u00e9lections<\/a><\/h2>\n\n<div class=\"wp-block-post-date\"><time datetime=\"2018-01-30T10:33:58+01:00\">30 janvier 2018<\/time><\/div>\n\n<div class=\"wp-block-post-excerpt\"><p class=\"wp-block-post-excerpt__excerpt\">T\u00e9l\u00e9charger le document Sauvegarde_S\u00e9lection <\/p><\/div>\n<\/li><li class=\"wp-block-post post-201 post type-post status-publish format-standard hentry category-au-secours\">\n<h2 class=\"wp-elements-d336024a56716b89da2051b1a4ca4945 wp-block-post-title\"><a href=\"https:\/\/skrav.fr\/alag\/aide-de-gimp\/\" target=\"_self\" >Aide de GIMP<\/a><\/h2>\n\n<div class=\"wp-block-post-date\"><time datetime=\"2017-10-12T10:29:37+02:00\">12 octobre 2017<\/time><\/div>\n\n<div class=\"wp-block-post-excerpt\"><p class=\"wp-block-post-excerpt__excerpt\">Pour avoir l&rsquo;aide de GIMP voil\u00e0 comment proc\u00e9der. <\/p><\/div>\n<\/li><li class=\"wp-block-post post-1059 post type-post status-publish format-standard hentry category-au-secours\">\n<h2 class=\"wp-elements-d336024a56716b89da2051b1a4ca4945 wp-block-post-title\"><a href=\"https:\/\/skrav.fr\/alag\/definition-et-resolution\/\" target=\"_self\" >D\u00e9finition et r\u00e9solution<\/a><\/h2>\n\n<div class=\"wp-block-post-date\"><time datetime=\"2017-08-06T17:41:00+02:00\">6 ao\u00fbt 2017<\/time><\/div>\n\n<div class=\"wp-block-post-excerpt\"><p class=\"wp-block-post-excerpt__excerpt\">Peut-\u00eatre que ces notions ne vous sont pas tr\u00e8s famili\u00e8res aussi dans ce petit document je m&rsquo;efforce de clarifier ces diff\u00e9rences. D\u00e9finition et r\u00e9solution <\/p><\/div>\n<\/li><li class=\"wp-block-post post-198 post type-post status-publish format-standard hentry category-outils-de-gimp category-au-secours category-tutos-animes\">\n<h2 class=\"wp-elements-d336024a56716b89da2051b1a4ca4945 wp-block-post-title\"><a href=\"https:\/\/skrav.fr\/alag\/utiliser-la-molette-pour-regler-la-taille-du-pinceau\/\" target=\"_self\" >Utiliser la molette pour r\u00e9gler la taille des outils<\/a><\/h2>\n\n<div class=\"wp-block-post-date\"><time datetime=\"2017-02-26T15:41:50+01:00\">26 f\u00e9vrier 2017<\/time><\/div>\n\n<div class=\"wp-block-post-excerpt\"><p class=\"wp-block-post-excerpt__excerpt\">Notice PDF Vous trouverez ci-joint une vid\u00e9o expliquant comment r\u00e9aliser cette op\u00e9ration : La molette <\/p><\/div>\n<\/li><li class=\"wp-block-post post-147 post type-post status-publish format-standard hentry category-outils-de-gimp category-au-secours\">\n<h2 class=\"wp-elements-d336024a56716b89da2051b1a4ca4945 wp-block-post-title\"><a href=\"https:\/\/skrav.fr\/alag\/gimp-et-les-fichiers-raw\/\" target=\"_self\" >GIMP et les fichiers RAW<\/a><\/h2>\n\n<div class=\"wp-block-post-date\"><time datetime=\"2012-04-21T18:55:51+02:00\">21 avril 2012<\/time><\/div>\n\n<div class=\"wp-block-post-excerpt\"><p class=\"wp-block-post-excerpt__excerpt\">Si vous souhaiter utiliser les fichiers RAW dans GIMP et qu\u2019un message vous indique que GIMP ne reconnait pas ce format, c&rsquo;est que GIMP ne traite pas directement ces fichiers.\u2026 <\/p><\/div>\n<\/li><\/ul>\n\n<nav class=\"has-link-color wp-elements-3aa11ae1401be782bed75fd4ddfba785 wp-block-query-pagination has-background has-accent-4-background-color is-content-justification-center is-layout-flex wp-container-core-query-pagination-is-layout-1 wp-block-query-pagination-is-layout-flex\" aria-label=\"Pagination\">\n\n\n<div class=\"wp-block-query-pagination-numbers\"><span aria-current=\"page\" class=\"page-numbers current\">1<\/span>\n<a class=\"page-numbers\" href=\"?query-0-page=2\">2<\/a><\/div>\n\n<a href=\"\/alag\/wp-json\/wp\/v2\/pages\/1014?query-0-page=2\" class=\"wp-block-query-pagination-next\">Page suivante<\/a>\n<\/nav>\n\n\n<div style=\"height:20px\" aria-hidden=\"true\" class=\"wp-block-spacer\"><\/div>\n\n\n<\/div>\n\n\n\n<div style=\"height:20px\" aria-hidden=\"true\" class=\"wp-block-spacer\"><\/div>\n\n\n\n<h2 class=\"wp-block-heading has-text-align-center has-accent-4-background-color has-background has-x-large-font-size\" style=\"margin-top:var(--wp--preset--spacing--10);margin-right:0;margin-bottom:var(--wp--preset--spacing--10);margin-left:0;padding-top:0;padding-right:var(--wp--preset--spacing--50);padding-bottom:0;padding-left:var(--wp--preset--spacing--50)\">Liste<\/h2>\n\n\n\n<div class=\"wp-block-group has-accent-4-background-color has-background has-global-padding is-layout-constrained wp-block-group-is-layout-constrained\">\n<p class=\"has-accent-4-background-color has-background\" style=\"margin-right:0;margin-left:0;padding-top:var(--wp--preset--spacing--10);padding-right:var(--wp--preset--spacing--10);padding-bottom:var(--wp--preset--spacing--10);padding-left:var(--wp--preset--spacing--10)\"> <ul class=\"lcp_catlist\" id=\"lcp_instance_0\"><li><a href=\"https:\/\/skrav.fr\/alag\/aide-de-gimp\/\">Aide de GIMP<\/a><\/li><li><a href=\"https:\/\/skrav.fr\/alag\/mettre-des-caracteres-speciaux\/\">Cartes de v\u0153ux, mettre des caract\u00e8res sp\u00e9ciaux<\/a><\/li><li><a href=\"https:\/\/skrav.fr\/alag\/definition-et-resolution\/\">D\u00e9finition et r\u00e9solution<\/a><\/li><li><a href=\"https:\/\/skrav.fr\/alag\/gimp-en-anglais\/\">GIMP en anglais<\/a><\/li><li><a href=\"https:\/\/skrav.fr\/alag\/gimp-et-les-fichiers-raw\/\">GIMP et les fichiers RAW<\/a><\/li><li><a href=\"https:\/\/skrav.fr\/alag\/installation-de-greffons\/\">Installation de greffons<\/a><\/li><li><a href=\"https:\/\/skrav.fr\/alag\/la-baguette-magique-complements\/\">La baguette magique &#8211; Compl\u00e9ments<\/a><\/li><li><a href=\"https:\/\/skrav.fr\/alag\/les-fenetres-ancrables-et-les-onglets\/\">Les fen\u00eatres ancrables et les onglets<\/a><\/li><li><a href=\"https:\/\/skrav.fr\/alag\/les-palettes\/\">Les palettes<\/a><\/li><li><a href=\"https:\/\/skrav.fr\/alag\/les-raccourcis\/\">Les raccourcis<\/a><\/li><li><a href=\"https:\/\/skrav.fr\/alag\/interface-gimp-2-10\/\">Organiser l&rsquo;interface dans GIMP 2.10<\/a><\/li><li><a href=\"https:\/\/skrav.fr\/alag\/faq\/\">Plus de fen\u00eatre des calques, &#8230;<\/a><\/li><li><a href=\"https:\/\/skrav.fr\/alag\/preferences-d-affichage\/\">Pr\u00e9f\u00e9rences d&rsquo;affichage<\/a><\/li><li><a href=\"https:\/\/skrav.fr\/alag\/reechantillonnage-pour-envoi-sur-internet\/\">R\u00e9\u00e9chantillonnage pour envoi sur internet<\/a><\/li><li><a href=\"https:\/\/skrav.fr\/alag\/sauvegarder-ses-selections\/\">Sauvegarder ses s\u00e9lections<\/a><\/li><li><a href=\"https:\/\/skrav.fr\/alag\/utiliser-la-molette-pour-regler-la-taille-du-pinceau\/\">Utiliser la molette pour r\u00e9gler la taille des outils<\/a><\/li><\/ul>  <\/p>\n<\/div>\n","protected":false},"excerpt":{"rendered":"<p>Petits trucs Liste<\/p>\n","protected":false},"author":1,"featured_media":0,"parent":0,"menu_order":0,"comment_status":"closed","ping_status":"closed","template":"","meta":{"_uag_custom_page_level_css":"","footnotes":""},"class_list":["post-1014","page","type-page","status-publish","hentry"],"yoast_head":"<!-- This site is optimized with the Yoast SEO plugin v25.6 - https:\/\/yoast.com\/wordpress\/plugins\/seo\/ -->\n<title>Trucs - Au large avec GIMP<\/title>\n<meta name=\"robots\" content=\"index, follow, max-snippet:-1, max-image-preview:large, max-video-preview:-1\" \/>\n<link rel=\"canonical\" href=\"https:\/\/skrav.fr\/alag\/trucs\/\" \/>\n<link rel=\"next\" href=\"https:\/\/skrav.fr\/alag\/trucs\/1014?query-0-page=2\" \/>\n<meta property=\"og:locale\" content=\"fr_FR\" \/>\n<meta property=\"og:type\" content=\"article\" \/>\n<meta property=\"og:title\" content=\"Trucs - Au large avec GIMP\" \/>\n<meta property=\"og:description\" content=\"Petits trucs Liste\" \/>\n<meta property=\"og:url\" content=\"https:\/\/skrav.fr\/alag\/trucs\/\" \/>\n<meta property=\"og:site_name\" content=\"Au large avec GIMP\" \/>\n<meta property=\"article:modified_time\" content=\"2024-04-30T18:00:37+00:00\" \/>\n<meta name=\"twitter:card\" content=\"summary_large_image\" \/>\n<meta name=\"twitter:label1\" content=\"Dur\u00e9e de lecture estim\u00e9e\" \/>\n\t<meta name=\"twitter:data1\" content=\"1 minute\" \/>\n<script type=\"application\/ld+json\" class=\"yoast-schema-graph\">{\"@context\":\"https:\/\/schema.org\",\"@graph\":[{\"@type\":\"WebPage\",\"@id\":\"https:\/\/skrav.fr\/alag\/trucs\/\",\"url\":\"https:\/\/skrav.fr\/alag\/trucs\/\",\"name\":\"Trucs - Au large avec GIMP\",\"isPartOf\":{\"@id\":\"https:\/\/skrav.fr\/alag\/#website\"},\"datePublished\":\"2021-08-06T08:31:59+00:00\",\"dateModified\":\"2024-04-30T18:00:37+00:00\",\"breadcrumb\":{\"@id\":\"https:\/\/skrav.fr\/alag\/trucs\/#breadcrumb\"},\"inLanguage\":\"fr-FR\",\"potentialAction\":[{\"@type\":\"ReadAction\",\"target\":[\"https:\/\/skrav.fr\/alag\/trucs\/\"]}]},{\"@type\":\"BreadcrumbList\",\"@id\":\"https:\/\/skrav.fr\/alag\/trucs\/#breadcrumb\",\"itemListElement\":[{\"@type\":\"ListItem\",\"position\":1,\"name\":\"Accueil\",\"item\":\"https:\/\/skrav.fr\/alag\/\"},{\"@type\":\"ListItem\",\"position\":2,\"name\":\"Trucs\"}]},{\"@type\":\"WebSite\",\"@id\":\"https:\/\/skrav.fr\/alag\/#website\",\"url\":\"https:\/\/skrav.fr\/alag\/\",\"name\":\"Au large avec GIMP\",\"description\":\"Lib\u00e9rer votre cr\u00e9ativit\u00e9 avec GIMP\",\"publisher\":{\"@id\":\"https:\/\/skrav.fr\/alag\/#organization\"},\"potentialAction\":[{\"@type\":\"SearchAction\",\"target\":{\"@type\":\"EntryPoint\",\"urlTemplate\":\"https:\/\/skrav.fr\/alag\/?s={search_term_string}\"},\"query-input\":{\"@type\":\"PropertyValueSpecification\",\"valueRequired\":true,\"valueName\":\"search_term_string\"}}],\"inLanguage\":\"fr-FR\"},{\"@type\":\"Organization\",\"@id\":\"https:\/\/skrav.fr\/alag\/#organization\",\"name\":\"Au large avec GIMP\",\"url\":\"https:\/\/skrav.fr\/alag\/\",\"logo\":{\"@type\":\"ImageObject\",\"inLanguage\":\"fr-FR\",\"@id\":\"https:\/\/skrav.fr\/alag\/#\/schema\/logo\/image\/\",\"url\":\"https:\/\/i0.wp.com\/skrav.fr\/alag\/wp-content\/uploads\/2024\/04\/Logo-sterne.png?fit=200%2C209&ssl=1\",\"contentUrl\":\"https:\/\/i0.wp.com\/skrav.fr\/alag\/wp-content\/uploads\/2024\/04\/Logo-sterne.png?fit=200%2C209&ssl=1\",\"width\":200,\"height\":209,\"caption\":\"Au large avec GIMP\"},\"image\":{\"@id\":\"https:\/\/skrav.fr\/alag\/#\/schema\/logo\/image\/\"}}]}<\/script>\n<!-- \/ Yoast SEO plugin. -->","yoast_head_json":{"title":"Trucs - Au large avec GIMP","robots":{"index":"index","follow":"follow","max-snippet":"max-snippet:-1","max-image-preview":"max-image-preview:large","max-video-preview":"max-video-preview:-1"},"canonical":"https:\/\/skrav.fr\/alag\/trucs\/","next":"https:\/\/skrav.fr\/alag\/trucs\/1014?query-0-page=2","og_locale":"fr_FR","og_type":"article","og_title":"Trucs - Au large avec GIMP","og_description":"Petits trucs Liste","og_url":"https:\/\/skrav.fr\/alag\/trucs\/","og_site_name":"Au large avec GIMP","article_modified_time":"2024-04-30T18:00:37+00:00","twitter_card":"summary_large_image","twitter_misc":{"Dur\u00e9e de lecture estim\u00e9e":"1 minute"},"schema":{"@context":"https:\/\/schema.org","@graph":[{"@type":"WebPage","@id":"https:\/\/skrav.fr\/alag\/trucs\/","url":"https:\/\/skrav.fr\/alag\/trucs\/","name":"Trucs - Au large avec GIMP","isPartOf":{"@id":"https:\/\/skrav.fr\/alag\/#website"},"datePublished":"2021-08-06T08:31:59+00:00","dateModified":"2024-04-30T18:00:37+00:00","breadcrumb":{"@id":"https:\/\/skrav.fr\/alag\/trucs\/#breadcrumb"},"inLanguage":"fr-FR","potentialAction":[{"@type":"ReadAction","target":["https:\/\/skrav.fr\/alag\/trucs\/"]}]},{"@type":"BreadcrumbList","@id":"https:\/\/skrav.fr\/alag\/trucs\/#breadcrumb","itemListElement":[{"@type":"ListItem","position":1,"name":"Accueil","item":"https:\/\/skrav.fr\/alag\/"},{"@type":"ListItem","position":2,"name":"Trucs"}]},{"@type":"WebSite","@id":"https:\/\/skrav.fr\/alag\/#website","url":"https:\/\/skrav.fr\/alag\/","name":"Au large avec GIMP","description":"Lib\u00e9rer votre cr\u00e9ativit\u00e9 avec GIMP","publisher":{"@id":"https:\/\/skrav.fr\/alag\/#organization"},"potentialAction":[{"@type":"SearchAction","target":{"@type":"EntryPoint","urlTemplate":"https:\/\/skrav.fr\/alag\/?s={search_term_string}"},"query-input":{"@type":"PropertyValueSpecification","valueRequired":true,"valueName":"search_term_string"}}],"inLanguage":"fr-FR"},{"@type":"Organization","@id":"https:\/\/skrav.fr\/alag\/#organization","name":"Au large avec GIMP","url":"https:\/\/skrav.fr\/alag\/","logo":{"@type":"ImageObject","inLanguage":"fr-FR","@id":"https:\/\/skrav.fr\/alag\/#\/schema\/logo\/image\/","url":"https:\/\/i0.wp.com\/skrav.fr\/alag\/wp-content\/uploads\/2024\/04\/Logo-sterne.png?fit=200%2C209&ssl=1","contentUrl":"https:\/\/i0.wp.com\/skrav.fr\/alag\/wp-content\/uploads\/2024\/04\/Logo-sterne.png?fit=200%2C209&ssl=1","width":200,"height":209,"caption":"Au large avec GIMP"},"image":{"@id":"https:\/\/skrav.fr\/alag\/#\/schema\/logo\/image\/"}}]}},"uagb_featured_image_src":{"full":false,"thumbnail":false,"medium":false,"medium_large":false,"large":false,"1536x1536":false,"2048x2048":false},"uagb_author_info":{"display_name":"pierre","author_link":"https:\/\/skrav.fr\/alag\/author\/pierre\/"},"uagb_comment_info":0,"uagb_excerpt":"Petits trucs Liste","_links":{"self":[{"href":"https:\/\/skrav.fr\/alag\/wp-json\/wp\/v2\/pages\/1014"}],"collection":[{"href":"https:\/\/skrav.fr\/alag\/wp-json\/wp\/v2\/pages"}],"about":[{"href":"https:\/\/skrav.fr\/alag\/wp-json\/wp\/v2\/types\/page"}],"author":[{"embeddable":true,"href":"https:\/\/skrav.fr\/alag\/wp-json\/wp\/v2\/users\/1"}],"replies":[{"embeddable":true,"href":"https:\/\/skrav.fr\/alag\/wp-json\/wp\/v2\/comments?post=1014"}],"version-history":[{"count":13,"href":"https:\/\/skrav.fr\/alag\/wp-json\/wp\/v2\/pages\/1014\/revisions"}],"predecessor-version":[{"id":2974,"href":"https:\/\/skrav.fr\/alag\/wp-json\/wp\/v2\/pages\/1014\/revisions\/2974"}],"wp:attachment":[{"href":"https:\/\/skrav.fr\/alag\/wp-json\/wp\/v2\/media?parent=1014"}],"curies":[{"name":"wp","href":"https:\/\/api.w.org\/{rel}","templated":true}]}}