{"id":1106,"date":"2021-09-07T14:29:00","date_gmt":"2021-09-07T12:29:00","guid":{"rendered":"https:\/\/skrav.fr\/aularge-wp\/?page_id=1106"},"modified":"2024-04-26T17:28:25","modified_gmt":"2024-04-26T15:28:25","slug":"cours-gimp-2021","status":"publish","type":"page","link":"https:\/\/skrav.fr\/alag\/cours-gimp-2021\/","title":{"rendered":"Cours GIMP 2022"},"content":{"rendered":"\n<h2 class=\"wp-block-heading has-base-color has-accent-2-background-color has-text-color has-background has-link-color has-x-large-font-size wp-elements-b50c8434b949000af32401095485e3ea\" style=\"margin-top:var(--wp--preset--spacing--10);margin-right:0;margin-bottom:var(--wp--preset--spacing--10);margin-left:0\">Initiation \u00e0 la retouche photo<\/h2>\n\n\n\n<div style=\"height:30px\" aria-hidden=\"true\" class=\"wp-block-spacer\"><\/div>\n\n\n\n<div class=\"wp-block-group has-contrast-color has-accent-4-background-color has-text-color has-background has-link-color has-large-font-size wp-elements-8228f951e33af79c26d4f31e79039b62 has-global-padding is-layout-constrained wp-container-core-group-is-layout-1 wp-block-group-is-layout-constrained\" style=\"padding-right:var(--wp--preset--spacing--20);padding-left:var(--wp--preset--spacing--20)\">\n<p class=\"has-text-align-left\"><a href=\"https:\/\/skrav.fr\/alag\/wp-content\/uploads\/2022\/10\/GIMP_init_I_prise-en-main-du-logiciel.pdf\" target=\"_blank\" rel=\"noopener\">I L&rsquo;interface de GIMP2.10<\/a><\/p>\n\n\n\n<p><a href=\"https:\/\/skrav.fr\/alag\/wp-content\/uploads\/2023\/01\/GIMP_init_II__images-numeriques.pdf\" target=\"_blank\" rel=\"noopener\">II Images num\u00e9riques<\/a><\/p>\n\n\n\n<p><a href=\"https:\/\/skrav.fr\/alag\/wp-content\/uploads\/2023\/01\/GIMP_init_III_retouches-de-recomposition.pdf\" target=\"_blank\" rel=\"noopener\">III Retouches de recomposition<\/a><\/p>\n\n\n\n<p><a href=\"https:\/\/skrav.fr\/alag\/wp-content\/uploads\/2023\/01\/GIMP_init_IV-retouches_exposition.pdf\" target=\"_blank\" rel=\"noopener\">IV Retouches globales d\u2019exposition<\/a><\/p>\n\n\n\n<p><a href=\"https:\/\/skrav.fr\/alag\/wp-content\/uploads\/2023\/01\/GIMP_init_V_calques_2022.pdf\" target=\"_blank\" rel=\"noopener\">V Travailler sur des calques<\/a><\/p>\n\n\n\n<p><a href=\"https:\/\/skrav.fr\/alag\/wp-content\/uploads\/2023\/01\/GIMP_init_VI_retouches-locales_nettoyer_2022.pdf\" target=\"_blank\" rel=\"noopener\">VI Retouches de d\u00e9tails<\/a><\/p>\n\n\n\n<p><a href=\"https:\/\/skrav.fr\/alag\/wp-content\/uploads\/2023\/01\/GIMP_init_VII_selections_introduction_2022.pdf\" target=\"_blank\" rel=\"noopener\">VII S\u00e9lections : retouches locales<\/a><\/p>\n\n\n\n<p><a href=\"https:\/\/skrav.fr\/alag\/wp-content\/uploads\/2023\/01\/GIMP_init_VIlI_Outils-de-selections2_2022.pdf\" target=\"_blank\" rel=\"noopener\">VIII S\u00e9lections par trac\u00e9 et contrastes<\/a><\/p>\n\n\n\n<p><a href=\"https:\/\/skrav.fr\/alag\/wp-content\/uploads\/2023\/01\/GIMP_init_IX_Outils-de-selections3_2022.pdf\" target=\"_blank\" rel=\"noopener\">IX S\u00e9lections par couleurs<\/a><\/p>\n\n\n\n<p><a href=\"https:\/\/skrav.fr\/alag\/wp-content\/uploads\/2023\/01\/GIMP_init_X_masques-de-calques_2022.pdf\" target=\"_blank\" rel=\"noopener\">X Masque de calque<\/a><\/p>\n\n\n\n<p><a href=\"https:\/\/skrav.fr\/alag\/wp-content\/uploads\/2023\/01\/GIMP_init_XI_Couleurs_canaux_NB_2022.pdf\" target=\"_blank\" rel=\"noopener\">XI Mixeur de canaux, Noir et Blanc <\/a><\/p>\n\n\n\n<p><a href=\"https:\/\/skrav.fr\/alag\/wp-content\/uploads\/2023\/01\/GIMP_init_XII_FusiondesCalques-exemples_2022.pdf\" target=\"_blank\" rel=\"noopener\">XII Mode de fusion des calques<\/a><\/p>\n<\/div>\n","protected":false},"excerpt":{"rendered":"<p>Initiation \u00e0 la retouche photo I L&rsquo;interface de GIMP2.10 II Images num\u00e9riques III Retouches de recomposition IV Retouches globales d\u2019exposition V Travailler sur des calques VI Retouches de d\u00e9tails VII S\u00e9lections : retouches locales VIII S\u00e9lections par trac\u00e9 et contrastes IX S\u00e9lections par couleurs X Masque de calque XI Mixeur de canaux, Noir et Blanc [&hellip;]<\/p>\n","protected":false},"author":1,"featured_media":304,"parent":0,"menu_order":0,"comment_status":"closed","ping_status":"closed","template":"","meta":{"_uag_custom_page_level_css":"","footnotes":""},"class_list":["post-1106","page","type-page","status-publish","has-post-thumbnail","hentry"],"yoast_head":"<!-- This site is optimized with the Yoast SEO plugin v25.6 - https:\/\/yoast.com\/wordpress\/plugins\/seo\/ -->\n<title>Cours GIMP 2022 - Au large avec GIMP<\/title>\n<meta name=\"robots\" content=\"index, follow, max-snippet:-1, max-image-preview:large, max-video-preview:-1\" \/>\n<link rel=\"canonical\" href=\"https:\/\/skrav.fr\/alag\/cours-gimp-2021\/\" \/>\n<meta property=\"og:locale\" content=\"fr_FR\" \/>\n<meta property=\"og:type\" content=\"article\" \/>\n<meta property=\"og:title\" content=\"Cours GIMP 2022 - Au large avec GIMP\" \/>\n<meta property=\"og:description\" content=\"Initiation \u00e0 la retouche photo I L&rsquo;interface de GIMP2.10 II Images num\u00e9riques III Retouches de recomposition IV Retouches globales d\u2019exposition V Travailler sur des calques VI Retouches de d\u00e9tails VII S\u00e9lections : retouches locales VIII S\u00e9lections par trac\u00e9 et contrastes IX S\u00e9lections par couleurs X Masque de calque XI Mixeur de canaux, Noir et Blanc [&hellip;]\" \/>\n<meta property=\"og:url\" content=\"https:\/\/skrav.fr\/alag\/cours-gimp-2021\/\" \/>\n<meta property=\"og:site_name\" content=\"Au large avec GIMP\" \/>\n<meta property=\"article:modified_time\" content=\"2024-04-26T15:28:25+00:00\" \/>\n<meta property=\"og:image\" content=\"https:\/\/skrav.fr\/alag\/wp-content\/uploads\/2020\/03\/cropped-wilber-big-1.png\" \/>\n\t<meta property=\"og:image:width\" content=\"512\" \/>\n\t<meta property=\"og:image:height\" content=\"512\" \/>\n\t<meta property=\"og:image:type\" content=\"image\/png\" \/>\n<meta name=\"twitter:card\" content=\"summary_large_image\" \/>\n<meta name=\"twitter:label1\" content=\"Dur\u00e9e de lecture estim\u00e9e\" \/>\n\t<meta name=\"twitter:data1\" content=\"1 minute\" \/>\n<script type=\"application\/ld+json\" class=\"yoast-schema-graph\">{\"@context\":\"https:\/\/schema.org\",\"@graph\":[{\"@type\":\"WebPage\",\"@id\":\"https:\/\/skrav.fr\/alag\/cours-gimp-2021\/\",\"url\":\"https:\/\/skrav.fr\/alag\/cours-gimp-2021\/\",\"name\":\"Cours GIMP 2022 - Au large avec GIMP\",\"isPartOf\":{\"@id\":\"https:\/\/skrav.fr\/alag\/#website\"},\"primaryImageOfPage\":{\"@id\":\"https:\/\/skrav.fr\/alag\/cours-gimp-2021\/#primaryimage\"},\"image\":{\"@id\":\"https:\/\/skrav.fr\/alag\/cours-gimp-2021\/#primaryimage\"},\"thumbnailUrl\":\"https:\/\/i0.wp.com\/skrav.fr\/alag\/wp-content\/uploads\/2020\/03\/cropped-wilber-big-1.png?fit=512%2C512&ssl=1\",\"datePublished\":\"2021-09-07T12:29:00+00:00\",\"dateModified\":\"2024-04-26T15:28:25+00:00\",\"breadcrumb\":{\"@id\":\"https:\/\/skrav.fr\/alag\/cours-gimp-2021\/#breadcrumb\"},\"inLanguage\":\"fr-FR\",\"potentialAction\":[{\"@type\":\"ReadAction\",\"target\":[\"https:\/\/skrav.fr\/alag\/cours-gimp-2021\/\"]}]},{\"@type\":\"ImageObject\",\"inLanguage\":\"fr-FR\",\"@id\":\"https:\/\/skrav.fr\/alag\/cours-gimp-2021\/#primaryimage\",\"url\":\"https:\/\/i0.wp.com\/skrav.fr\/alag\/wp-content\/uploads\/2020\/03\/cropped-wilber-big-1.png?fit=512%2C512&ssl=1\",\"contentUrl\":\"https:\/\/i0.wp.com\/skrav.fr\/alag\/wp-content\/uploads\/2020\/03\/cropped-wilber-big-1.png?fit=512%2C512&ssl=1\",\"width\":512,\"height\":512},{\"@type\":\"BreadcrumbList\",\"@id\":\"https:\/\/skrav.fr\/alag\/cours-gimp-2021\/#breadcrumb\",\"itemListElement\":[{\"@type\":\"ListItem\",\"position\":1,\"name\":\"Accueil\",\"item\":\"https:\/\/skrav.fr\/alag\/\"},{\"@type\":\"ListItem\",\"position\":2,\"name\":\"Cours GIMP 2022\"}]},{\"@type\":\"WebSite\",\"@id\":\"https:\/\/skrav.fr\/alag\/#website\",\"url\":\"https:\/\/skrav.fr\/alag\/\",\"name\":\"Au large avec GIMP\",\"description\":\"Lib\u00e9rer votre cr\u00e9ativit\u00e9 avec GIMP\",\"publisher\":{\"@id\":\"https:\/\/skrav.fr\/alag\/#organization\"},\"potentialAction\":[{\"@type\":\"SearchAction\",\"target\":{\"@type\":\"EntryPoint\",\"urlTemplate\":\"https:\/\/skrav.fr\/alag\/?s={search_term_string}\"},\"query-input\":{\"@type\":\"PropertyValueSpecification\",\"valueRequired\":true,\"valueName\":\"search_term_string\"}}],\"inLanguage\":\"fr-FR\"},{\"@type\":\"Organization\",\"@id\":\"https:\/\/skrav.fr\/alag\/#organization\",\"name\":\"Au large avec GIMP\",\"url\":\"https:\/\/skrav.fr\/alag\/\",\"logo\":{\"@type\":\"ImageObject\",\"inLanguage\":\"fr-FR\",\"@id\":\"https:\/\/skrav.fr\/alag\/#\/schema\/logo\/image\/\",\"url\":\"https:\/\/i0.wp.com\/skrav.fr\/alag\/wp-content\/uploads\/2024\/04\/Logo-sterne.png?fit=200%2C209&ssl=1\",\"contentUrl\":\"https:\/\/i0.wp.com\/skrav.fr\/alag\/wp-content\/uploads\/2024\/04\/Logo-sterne.png?fit=200%2C209&ssl=1\",\"width\":200,\"height\":209,\"caption\":\"Au large avec GIMP\"},\"image\":{\"@id\":\"https:\/\/skrav.fr\/alag\/#\/schema\/logo\/image\/\"}}]}<\/script>\n<!-- \/ Yoast SEO plugin. -->","yoast_head_json":{"title":"Cours GIMP 2022 - Au large avec GIMP","robots":{"index":"index","follow":"follow","max-snippet":"max-snippet:-1","max-image-preview":"max-image-preview:large","max-video-preview":"max-video-preview:-1"},"canonical":"https:\/\/skrav.fr\/alag\/cours-gimp-2021\/","og_locale":"fr_FR","og_type":"article","og_title":"Cours GIMP 2022 - Au large avec GIMP","og_description":"Initiation \u00e0 la retouche photo I L&rsquo;interface de GIMP2.10 II Images num\u00e9riques III Retouches de recomposition IV Retouches globales d\u2019exposition V Travailler sur des calques VI Retouches de d\u00e9tails VII S\u00e9lections : retouches locales VIII S\u00e9lections par trac\u00e9 et contrastes IX S\u00e9lections par couleurs X Masque de calque XI Mixeur de canaux, Noir et Blanc [&hellip;]","og_url":"https:\/\/skrav.fr\/alag\/cours-gimp-2021\/","og_site_name":"Au large avec GIMP","article_modified_time":"2024-04-26T15:28:25+00:00","og_image":[{"width":512,"height":512,"url":"https:\/\/skrav.fr\/alag\/wp-content\/uploads\/2020\/03\/cropped-wilber-big-1.png","type":"image\/png"}],"twitter_card":"summary_large_image","twitter_misc":{"Dur\u00e9e de lecture estim\u00e9e":"1 minute"},"schema":{"@context":"https:\/\/schema.org","@graph":[{"@type":"WebPage","@id":"https:\/\/skrav.fr\/alag\/cours-gimp-2021\/","url":"https:\/\/skrav.fr\/alag\/cours-gimp-2021\/","name":"Cours GIMP 2022 - Au large avec GIMP","isPartOf":{"@id":"https:\/\/skrav.fr\/alag\/#website"},"primaryImageOfPage":{"@id":"https:\/\/skrav.fr\/alag\/cours-gimp-2021\/#primaryimage"},"image":{"@id":"https:\/\/skrav.fr\/alag\/cours-gimp-2021\/#primaryimage"},"thumbnailUrl":"https:\/\/i0.wp.com\/skrav.fr\/alag\/wp-content\/uploads\/2020\/03\/cropped-wilber-big-1.png?fit=512%2C512&ssl=1","datePublished":"2021-09-07T12:29:00+00:00","dateModified":"2024-04-26T15:28:25+00:00","breadcrumb":{"@id":"https:\/\/skrav.fr\/alag\/cours-gimp-2021\/#breadcrumb"},"inLanguage":"fr-FR","potentialAction":[{"@type":"ReadAction","target":["https:\/\/skrav.fr\/alag\/cours-gimp-2021\/"]}]},{"@type":"ImageObject","inLanguage":"fr-FR","@id":"https:\/\/skrav.fr\/alag\/cours-gimp-2021\/#primaryimage","url":"https:\/\/i0.wp.com\/skrav.fr\/alag\/wp-content\/uploads\/2020\/03\/cropped-wilber-big-1.png?fit=512%2C512&ssl=1","contentUrl":"https:\/\/i0.wp.com\/skrav.fr\/alag\/wp-content\/uploads\/2020\/03\/cropped-wilber-big-1.png?fit=512%2C512&ssl=1","width":512,"height":512},{"@type":"BreadcrumbList","@id":"https:\/\/skrav.fr\/alag\/cours-gimp-2021\/#breadcrumb","itemListElement":[{"@type":"ListItem","position":1,"name":"Accueil","item":"https:\/\/skrav.fr\/alag\/"},{"@type":"ListItem","position":2,"name":"Cours GIMP 2022"}]},{"@type":"WebSite","@id":"https:\/\/skrav.fr\/alag\/#website","url":"https:\/\/skrav.fr\/alag\/","name":"Au large avec GIMP","description":"Lib\u00e9rer votre cr\u00e9ativit\u00e9 avec GIMP","publisher":{"@id":"https:\/\/skrav.fr\/alag\/#organization"},"potentialAction":[{"@type":"SearchAction","target":{"@type":"EntryPoint","urlTemplate":"https:\/\/skrav.fr\/alag\/?s={search_term_string}"},"query-input":{"@type":"PropertyValueSpecification","valueRequired":true,"valueName":"search_term_string"}}],"inLanguage":"fr-FR"},{"@type":"Organization","@id":"https:\/\/skrav.fr\/alag\/#organization","name":"Au large avec GIMP","url":"https:\/\/skrav.fr\/alag\/","logo":{"@type":"ImageObject","inLanguage":"fr-FR","@id":"https:\/\/skrav.fr\/alag\/#\/schema\/logo\/image\/","url":"https:\/\/i0.wp.com\/skrav.fr\/alag\/wp-content\/uploads\/2024\/04\/Logo-sterne.png?fit=200%2C209&ssl=1","contentUrl":"https:\/\/i0.wp.com\/skrav.fr\/alag\/wp-content\/uploads\/2024\/04\/Logo-sterne.png?fit=200%2C209&ssl=1","width":200,"height":209,"caption":"Au large avec GIMP"},"image":{"@id":"https:\/\/skrav.fr\/alag\/#\/schema\/logo\/image\/"}}]}},"uagb_featured_image_src":{"full":["https:\/\/i0.wp.com\/skrav.fr\/alag\/wp-content\/uploads\/2020\/03\/cropped-wilber-big-1.png?fit=512%2C512&ssl=1",512,512,false],"thumbnail":["https:\/\/i0.wp.com\/skrav.fr\/alag\/wp-content\/uploads\/2020\/03\/cropped-wilber-big-1.png?resize=150%2C150&ssl=1",150,150,true],"medium":["https:\/\/i0.wp.com\/skrav.fr\/alag\/wp-content\/uploads\/2020\/03\/cropped-wilber-big-1.png?fit=300%2C300&ssl=1",300,300,true],"medium_large":["https:\/\/i0.wp.com\/skrav.fr\/alag\/wp-content\/uploads\/2020\/03\/cropped-wilber-big-1.png?fit=512%2C512&ssl=1",512,512,true],"large":["https:\/\/i0.wp.com\/skrav.fr\/alag\/wp-content\/uploads\/2020\/03\/cropped-wilber-big-1.png?fit=512%2C512&ssl=1",512,512,true],"1536x1536":["https:\/\/i0.wp.com\/skrav.fr\/alag\/wp-content\/uploads\/2020\/03\/cropped-wilber-big-1.png?fit=512%2C512&ssl=1",512,512,true],"2048x2048":["https:\/\/i0.wp.com\/skrav.fr\/alag\/wp-content\/uploads\/2020\/03\/cropped-wilber-big-1.png?fit=512%2C512&ssl=1",512,512,true]},"uagb_author_info":{"display_name":"pierre","author_link":"https:\/\/skrav.fr\/alag\/author\/pierre\/"},"uagb_comment_info":0,"uagb_excerpt":"Initiation \u00e0 la retouche photo I L&rsquo;interface de GIMP2.10 II Images num\u00e9riques III Retouches de recomposition IV Retouches globales d\u2019exposition V Travailler sur des calques VI Retouches de d\u00e9tails VII S\u00e9lections : retouches locales VIII S\u00e9lections par trac\u00e9 et contrastes IX S\u00e9lections par couleurs X Masque de calque XI Mixeur de canaux, Noir et Blanc\u2026","_links":{"self":[{"href":"https:\/\/skrav.fr\/alag\/wp-json\/wp\/v2\/pages\/1106"}],"collection":[{"href":"https:\/\/skrav.fr\/alag\/wp-json\/wp\/v2\/pages"}],"about":[{"href":"https:\/\/skrav.fr\/alag\/wp-json\/wp\/v2\/types\/page"}],"author":[{"embeddable":true,"href":"https:\/\/skrav.fr\/alag\/wp-json\/wp\/v2\/users\/1"}],"replies":[{"embeddable":true,"href":"https:\/\/skrav.fr\/alag\/wp-json\/wp\/v2\/comments?post=1106"}],"version-history":[{"count":166,"href":"https:\/\/skrav.fr\/alag\/wp-json\/wp\/v2\/pages\/1106\/revisions"}],"predecessor-version":[{"id":2754,"href":"https:\/\/skrav.fr\/alag\/wp-json\/wp\/v2\/pages\/1106\/revisions\/2754"}],"wp:featuredmedia":[{"embeddable":true,"href":"https:\/\/skrav.fr\/alag\/wp-json\/wp\/v2\/media\/304"}],"wp:attachment":[{"href":"https:\/\/skrav.fr\/alag\/wp-json\/wp\/v2\/media?parent=1106"}],"curies":[{"name":"wp","href":"https:\/\/api.w.org\/{rel}","templated":true}]}}