{"id":19,"date":"2012-04-14T12:38:47","date_gmt":"2012-04-14T10:38:47","guid":{"rendered":"https:\/\/skrav.fr\/aularge-wp\/2012\/04\/14\/preambule\/"},"modified":"2024-04-26T17:26:13","modified_gmt":"2024-04-26T15:26:13","slug":"preambule","status":"publish","type":"page","link":"https:\/\/skrav.fr\/alag\/preambule\/","title":{"rendered":"Premi\u00e8re approche de GIMP"},"content":{"rendered":"\n<div class=\"wp-block-group has-accent-4-background-color has-background has-global-padding is-layout-constrained wp-container-core-group-is-layout-1 wp-block-group-is-layout-constrained\" style=\"margin-top:var(--wp--preset--spacing--10);margin-bottom:var(--wp--preset--spacing--10);padding-top:0;padding-right:var(--wp--preset--spacing--10);padding-bottom:0;padding-left:var(--wp--preset--spacing--10)\">\n<h2 class=\"wp-block-heading has-x-large-font-size\" style=\"margin-top:var(--wp--preset--spacing--10);margin-bottom:var(--wp--preset--spacing--10)\">Premi\u00e8re approche de GIMP<\/h2>\n\n\n\n<p>Ce \u00ab\u00a0cours\u00a0\u00bb \u00e9labor\u00e9 en 2007, a \u00e9t\u00e9 revu et actualis\u00e9 en 2021 pour s&rsquo;adapter aux nombreuses am\u00e9liorations de GIMP.<\/p>\n\n\n\n<p>Cette initiation comporte quatre volets et permet une approche tr\u00e8s progressive du logiciel libre GIMP.<\/p>\n\n\n\n<p>Apr\u00e8s le t\u00e9l\u00e9chargement et l&rsquo;installation, une s\u00e9rie d&rsquo;exercices sur quelques photos exemples, vous permettra l&rsquo;apprentissage de quelques outils fondamentaux disponibles dans GIMP.<\/p>\n\n\n\n<p class=\"has-normal-font-size\">Pour r\u00e9cup\u00e9rer les images, cliquer en dessous sur la fleur*. <\/p>\n\n\n\n<p class=\"has-black-color has-text-color has-small-font-size\">* Remarque : La petite ic\u00f4ne  <img data-recalc-dims=\"1\" loading=\"lazy\" decoding=\"async\" width=\"40\" height=\"38\" class=\"wp-image-1366\" style=\"width: 40px;\" src=\"https:\/\/i0.wp.com\/skrav.fr\/alag\/wp-content\/uploads\/2012\/04\/icone.png?resize=40%2C38&#038;ssl=1\" alt=\"\"> <strong>T\u00e9l\u00e9charger<\/strong>, en haut \u00e0 droite de la page des images permet de r\u00e9cup\u00e9rer toutes les images dans un fichier zip.<\/p>\n\n\n\n<figure class=\"wp-block-image alignleft is-resized\"><a href=\"https:\/\/app.box.com\/s\/vux2f4p95pet3hbaco4e\" target=\"_blank\" rel=\"noopener noreferrer\"><img data-recalc-dims=\"1\" loading=\"lazy\" decoding=\"async\" width=\"96\" height=\"72\" src=\"https:\/\/i0.wp.com\/skrav.fr\/alag\/wp-content\/uploads\/2012\/04\/Fleur-vg.jpg?resize=96%2C72&#038;ssl=1\" alt=\"Images cours\" class=\"wp-image-8\" style=\"width:171px;height:128px\" title=\"Images cours\"\/><\/a><figcaption class=\"wp-element-caption\">T\u00e9l\u00e9charger les Images<\/figcaption><\/figure>\n\n\n\n<p>&nbsp; 1- <a href=\"https:\/\/skrav.fr\/alag\/wp-content\/uploads\/2021\/08\/Installation-2021.pdf\" target=\"_blank\" rel=\"noopener noreferrer\">Installation et interface de GIMP<\/a><\/p>\n\n\n\n<p>&nbsp; 2- <a href=\"https:\/\/skrav.fr\/alag\/wp-content\/uploads\/2021\/08\/Dessiner.pdf\" target=\"_blank\" rel=\"noopener noreferrer\">Dessiner &#8211; Introduction aux calques<\/a><\/p>\n\n\n\n<p>&nbsp; 3- <a href=\"https:\/\/skrav.fr\/alag\/wp-content\/uploads\/2021\/08\/Ameliorations.pdf\" target=\"_blank\" rel=\"noopener noreferrer\">Am\u00e9liorations des images<\/a><\/p>\n\n\n\n<p>&nbsp; 4- <a href=\"https:\/\/skrav.fr\/alag\/wp-content\/uploads\/2021\/08\/Selections.pdf\" target=\"_blank\" rel=\"noopener noreferrer\">S\u00e9lection et calques<\/a><\/p>\n\n\n\n<p><\/p>\n\n\n\n<div style=\"height:30px\" aria-hidden=\"true\" class=\"wp-block-spacer\"><\/div>\n<\/div>\n","protected":false},"excerpt":{"rendered":"<p>Premi\u00e8re approche de GIMP Ce \u00ab\u00a0cours\u00a0\u00bb \u00e9labor\u00e9 en 2007, a \u00e9t\u00e9 revu et actualis\u00e9 en 2021 pour s&rsquo;adapter aux nombreuses am\u00e9liorations de GIMP. Cette initiation comporte quatre volets et permet une approche tr\u00e8s progressive du logiciel libre GIMP. Apr\u00e8s le t\u00e9l\u00e9chargement et l&rsquo;installation, une s\u00e9rie d&rsquo;exercices sur quelques photos exemples, vous permettra l&rsquo;apprentissage de quelques [&hellip;]<\/p>\n","protected":false},"author":1,"featured_media":8,"parent":0,"menu_order":6,"comment_status":"closed","ping_status":"open","template":"","meta":{"_uag_custom_page_level_css":"","footnotes":""},"class_list":["post-19","page","type-page","status-publish","has-post-thumbnail","hentry"],"yoast_head":"<!-- This site is optimized with the Yoast SEO plugin v25.6 - https:\/\/yoast.com\/wordpress\/plugins\/seo\/ -->\n<title>Premi\u00e8re approche de GIMP - Au large avec GIMP<\/title>\n<meta name=\"robots\" content=\"index, follow, max-snippet:-1, max-image-preview:large, max-video-preview:-1\" \/>\n<link rel=\"canonical\" href=\"https:\/\/skrav.fr\/alag\/preambule\/\" \/>\n<meta property=\"og:locale\" content=\"fr_FR\" \/>\n<meta property=\"og:type\" content=\"article\" \/>\n<meta property=\"og:title\" content=\"Premi\u00e8re approche de GIMP - Au large avec GIMP\" \/>\n<meta property=\"og:description\" content=\"Premi\u00e8re approche de GIMP Ce \u00ab\u00a0cours\u00a0\u00bb \u00e9labor\u00e9 en 2007, a \u00e9t\u00e9 revu et actualis\u00e9 en 2021 pour s&rsquo;adapter aux nombreuses am\u00e9liorations de GIMP. Cette initiation comporte quatre volets et permet une approche tr\u00e8s progressive du logiciel libre GIMP. Apr\u00e8s le t\u00e9l\u00e9chargement et l&rsquo;installation, une s\u00e9rie d&rsquo;exercices sur quelques photos exemples, vous permettra l&rsquo;apprentissage de quelques [&hellip;]\" \/>\n<meta property=\"og:url\" content=\"https:\/\/skrav.fr\/alag\/preambule\/\" \/>\n<meta property=\"og:site_name\" content=\"Au large avec GIMP\" \/>\n<meta property=\"article:modified_time\" content=\"2024-04-26T15:26:13+00:00\" \/>\n<meta property=\"og:image\" content=\"https:\/\/skrav.fr\/alag\/wp-content\/uploads\/2012\/04\/Fleur-vg.jpg\" \/>\n\t<meta property=\"og:image:width\" content=\"96\" \/>\n\t<meta property=\"og:image:height\" content=\"72\" \/>\n\t<meta property=\"og:image:type\" content=\"image\/jpeg\" \/>\n<meta name=\"twitter:card\" content=\"summary_large_image\" \/>\n<meta name=\"twitter:label1\" content=\"Dur\u00e9e de lecture estim\u00e9e\" \/>\n\t<meta name=\"twitter:data1\" content=\"2 minutes\" \/>\n<script type=\"application\/ld+json\" class=\"yoast-schema-graph\">{\"@context\":\"https:\/\/schema.org\",\"@graph\":[{\"@type\":\"WebPage\",\"@id\":\"https:\/\/skrav.fr\/alag\/preambule\/\",\"url\":\"https:\/\/skrav.fr\/alag\/preambule\/\",\"name\":\"Premi\u00e8re approche de GIMP - Au large avec GIMP\",\"isPartOf\":{\"@id\":\"https:\/\/skrav.fr\/alag\/#website\"},\"primaryImageOfPage\":{\"@id\":\"https:\/\/skrav.fr\/alag\/preambule\/#primaryimage\"},\"image\":{\"@id\":\"https:\/\/skrav.fr\/alag\/preambule\/#primaryimage\"},\"thumbnailUrl\":\"https:\/\/i0.wp.com\/skrav.fr\/alag\/wp-content\/uploads\/2012\/04\/Fleur-vg.jpg?fit=96%2C72&ssl=1\",\"datePublished\":\"2012-04-14T10:38:47+00:00\",\"dateModified\":\"2024-04-26T15:26:13+00:00\",\"breadcrumb\":{\"@id\":\"https:\/\/skrav.fr\/alag\/preambule\/#breadcrumb\"},\"inLanguage\":\"fr-FR\",\"potentialAction\":[{\"@type\":\"ReadAction\",\"target\":[\"https:\/\/skrav.fr\/alag\/preambule\/\"]}]},{\"@type\":\"ImageObject\",\"inLanguage\":\"fr-FR\",\"@id\":\"https:\/\/skrav.fr\/alag\/preambule\/#primaryimage\",\"url\":\"https:\/\/i0.wp.com\/skrav.fr\/alag\/wp-content\/uploads\/2012\/04\/Fleur-vg.jpg?fit=96%2C72&ssl=1\",\"contentUrl\":\"https:\/\/i0.wp.com\/skrav.fr\/alag\/wp-content\/uploads\/2012\/04\/Fleur-vg.jpg?fit=96%2C72&ssl=1\",\"width\":96,\"height\":72,\"caption\":\"Images cours\"},{\"@type\":\"BreadcrumbList\",\"@id\":\"https:\/\/skrav.fr\/alag\/preambule\/#breadcrumb\",\"itemListElement\":[{\"@type\":\"ListItem\",\"position\":1,\"name\":\"Accueil\",\"item\":\"https:\/\/skrav.fr\/alag\/\"},{\"@type\":\"ListItem\",\"position\":2,\"name\":\"Premi\u00e8re approche de GIMP\"}]},{\"@type\":\"WebSite\",\"@id\":\"https:\/\/skrav.fr\/alag\/#website\",\"url\":\"https:\/\/skrav.fr\/alag\/\",\"name\":\"Au large avec GIMP\",\"description\":\"Lib\u00e9rer votre cr\u00e9ativit\u00e9 avec GIMP\",\"publisher\":{\"@id\":\"https:\/\/skrav.fr\/alag\/#organization\"},\"potentialAction\":[{\"@type\":\"SearchAction\",\"target\":{\"@type\":\"EntryPoint\",\"urlTemplate\":\"https:\/\/skrav.fr\/alag\/?s={search_term_string}\"},\"query-input\":{\"@type\":\"PropertyValueSpecification\",\"valueRequired\":true,\"valueName\":\"search_term_string\"}}],\"inLanguage\":\"fr-FR\"},{\"@type\":\"Organization\",\"@id\":\"https:\/\/skrav.fr\/alag\/#organization\",\"name\":\"Au large avec GIMP\",\"url\":\"https:\/\/skrav.fr\/alag\/\",\"logo\":{\"@type\":\"ImageObject\",\"inLanguage\":\"fr-FR\",\"@id\":\"https:\/\/skrav.fr\/alag\/#\/schema\/logo\/image\/\",\"url\":\"https:\/\/i0.wp.com\/skrav.fr\/alag\/wp-content\/uploads\/2024\/04\/Logo-sterne.png?fit=200%2C209&ssl=1\",\"contentUrl\":\"https:\/\/i0.wp.com\/skrav.fr\/alag\/wp-content\/uploads\/2024\/04\/Logo-sterne.png?fit=200%2C209&ssl=1\",\"width\":200,\"height\":209,\"caption\":\"Au large avec GIMP\"},\"image\":{\"@id\":\"https:\/\/skrav.fr\/alag\/#\/schema\/logo\/image\/\"}}]}<\/script>\n<!-- \/ Yoast SEO plugin. -->","yoast_head_json":{"title":"Premi\u00e8re approche de GIMP - Au large avec GIMP","robots":{"index":"index","follow":"follow","max-snippet":"max-snippet:-1","max-image-preview":"max-image-preview:large","max-video-preview":"max-video-preview:-1"},"canonical":"https:\/\/skrav.fr\/alag\/preambule\/","og_locale":"fr_FR","og_type":"article","og_title":"Premi\u00e8re approche de GIMP - Au large avec GIMP","og_description":"Premi\u00e8re approche de GIMP Ce \u00ab\u00a0cours\u00a0\u00bb \u00e9labor\u00e9 en 2007, a \u00e9t\u00e9 revu et actualis\u00e9 en 2021 pour s&rsquo;adapter aux nombreuses am\u00e9liorations de GIMP. Cette initiation comporte quatre volets et permet une approche tr\u00e8s progressive du logiciel libre GIMP. Apr\u00e8s le t\u00e9l\u00e9chargement et l&rsquo;installation, une s\u00e9rie d&rsquo;exercices sur quelques photos exemples, vous permettra l&rsquo;apprentissage de quelques [&hellip;]","og_url":"https:\/\/skrav.fr\/alag\/preambule\/","og_site_name":"Au large avec GIMP","article_modified_time":"2024-04-26T15:26:13+00:00","og_image":[{"width":96,"height":72,"url":"https:\/\/skrav.fr\/alag\/wp-content\/uploads\/2012\/04\/Fleur-vg.jpg","type":"image\/jpeg"}],"twitter_card":"summary_large_image","twitter_misc":{"Dur\u00e9e de lecture estim\u00e9e":"2 minutes"},"schema":{"@context":"https:\/\/schema.org","@graph":[{"@type":"WebPage","@id":"https:\/\/skrav.fr\/alag\/preambule\/","url":"https:\/\/skrav.fr\/alag\/preambule\/","name":"Premi\u00e8re approche de GIMP - Au large avec GIMP","isPartOf":{"@id":"https:\/\/skrav.fr\/alag\/#website"},"primaryImageOfPage":{"@id":"https:\/\/skrav.fr\/alag\/preambule\/#primaryimage"},"image":{"@id":"https:\/\/skrav.fr\/alag\/preambule\/#primaryimage"},"thumbnailUrl":"https:\/\/i0.wp.com\/skrav.fr\/alag\/wp-content\/uploads\/2012\/04\/Fleur-vg.jpg?fit=96%2C72&ssl=1","datePublished":"2012-04-14T10:38:47+00:00","dateModified":"2024-04-26T15:26:13+00:00","breadcrumb":{"@id":"https:\/\/skrav.fr\/alag\/preambule\/#breadcrumb"},"inLanguage":"fr-FR","potentialAction":[{"@type":"ReadAction","target":["https:\/\/skrav.fr\/alag\/preambule\/"]}]},{"@type":"ImageObject","inLanguage":"fr-FR","@id":"https:\/\/skrav.fr\/alag\/preambule\/#primaryimage","url":"https:\/\/i0.wp.com\/skrav.fr\/alag\/wp-content\/uploads\/2012\/04\/Fleur-vg.jpg?fit=96%2C72&ssl=1","contentUrl":"https:\/\/i0.wp.com\/skrav.fr\/alag\/wp-content\/uploads\/2012\/04\/Fleur-vg.jpg?fit=96%2C72&ssl=1","width":96,"height":72,"caption":"Images cours"},{"@type":"BreadcrumbList","@id":"https:\/\/skrav.fr\/alag\/preambule\/#breadcrumb","itemListElement":[{"@type":"ListItem","position":1,"name":"Accueil","item":"https:\/\/skrav.fr\/alag\/"},{"@type":"ListItem","position":2,"name":"Premi\u00e8re approche de GIMP"}]},{"@type":"WebSite","@id":"https:\/\/skrav.fr\/alag\/#website","url":"https:\/\/skrav.fr\/alag\/","name":"Au large avec GIMP","description":"Lib\u00e9rer votre cr\u00e9ativit\u00e9 avec GIMP","publisher":{"@id":"https:\/\/skrav.fr\/alag\/#organization"},"potentialAction":[{"@type":"SearchAction","target":{"@type":"EntryPoint","urlTemplate":"https:\/\/skrav.fr\/alag\/?s={search_term_string}"},"query-input":{"@type":"PropertyValueSpecification","valueRequired":true,"valueName":"search_term_string"}}],"inLanguage":"fr-FR"},{"@type":"Organization","@id":"https:\/\/skrav.fr\/alag\/#organization","name":"Au large avec GIMP","url":"https:\/\/skrav.fr\/alag\/","logo":{"@type":"ImageObject","inLanguage":"fr-FR","@id":"https:\/\/skrav.fr\/alag\/#\/schema\/logo\/image\/","url":"https:\/\/i0.wp.com\/skrav.fr\/alag\/wp-content\/uploads\/2024\/04\/Logo-sterne.png?fit=200%2C209&ssl=1","contentUrl":"https:\/\/i0.wp.com\/skrav.fr\/alag\/wp-content\/uploads\/2024\/04\/Logo-sterne.png?fit=200%2C209&ssl=1","width":200,"height":209,"caption":"Au large avec GIMP"},"image":{"@id":"https:\/\/skrav.fr\/alag\/#\/schema\/logo\/image\/"}}]}},"uagb_featured_image_src":{"full":["https:\/\/i0.wp.com\/skrav.fr\/alag\/wp-content\/uploads\/2012\/04\/Fleur-vg.jpg?fit=96%2C72&ssl=1",96,72,false],"thumbnail":["https:\/\/i0.wp.com\/skrav.fr\/alag\/wp-content\/uploads\/2012\/04\/Fleur-vg.jpg?resize=96%2C72&ssl=1",96,72,true],"medium":["https:\/\/i0.wp.com\/skrav.fr\/alag\/wp-content\/uploads\/2012\/04\/Fleur-vg.jpg?fit=96%2C72&ssl=1",96,72,true],"medium_large":["https:\/\/i0.wp.com\/skrav.fr\/alag\/wp-content\/uploads\/2012\/04\/Fleur-vg.jpg?fit=96%2C72&ssl=1",96,72,true],"large":["https:\/\/i0.wp.com\/skrav.fr\/alag\/wp-content\/uploads\/2012\/04\/Fleur-vg.jpg?fit=96%2C72&ssl=1",96,72,true],"1536x1536":["https:\/\/i0.wp.com\/skrav.fr\/alag\/wp-content\/uploads\/2012\/04\/Fleur-vg.jpg?fit=96%2C72&ssl=1",96,72,true],"2048x2048":["https:\/\/i0.wp.com\/skrav.fr\/alag\/wp-content\/uploads\/2012\/04\/Fleur-vg.jpg?fit=96%2C72&ssl=1",96,72,true]},"uagb_author_info":{"display_name":"pierre","author_link":"https:\/\/skrav.fr\/alag\/author\/pierre\/"},"uagb_comment_info":0,"uagb_excerpt":"Premi\u00e8re approche de GIMP Ce \u00ab\u00a0cours\u00a0\u00bb \u00e9labor\u00e9 en 2007, a \u00e9t\u00e9 revu et actualis\u00e9 en 2021 pour s&rsquo;adapter aux nombreuses am\u00e9liorations de GIMP. Cette initiation comporte quatre volets et permet une approche tr\u00e8s progressive du logiciel libre GIMP. Apr\u00e8s le t\u00e9l\u00e9chargement et l&rsquo;installation, une s\u00e9rie d&rsquo;exercices sur quelques photos exemples, vous permettra l&rsquo;apprentissage de quelques\u2026","_links":{"self":[{"href":"https:\/\/skrav.fr\/alag\/wp-json\/wp\/v2\/pages\/19"}],"collection":[{"href":"https:\/\/skrav.fr\/alag\/wp-json\/wp\/v2\/pages"}],"about":[{"href":"https:\/\/skrav.fr\/alag\/wp-json\/wp\/v2\/types\/page"}],"author":[{"embeddable":true,"href":"https:\/\/skrav.fr\/alag\/wp-json\/wp\/v2\/users\/1"}],"replies":[{"embeddable":true,"href":"https:\/\/skrav.fr\/alag\/wp-json\/wp\/v2\/comments?post=19"}],"version-history":[{"count":45,"href":"https:\/\/skrav.fr\/alag\/wp-json\/wp\/v2\/pages\/19\/revisions"}],"predecessor-version":[{"id":2752,"href":"https:\/\/skrav.fr\/alag\/wp-json\/wp\/v2\/pages\/19\/revisions\/2752"}],"wp:featuredmedia":[{"embeddable":true,"href":"https:\/\/skrav.fr\/alag\/wp-json\/wp\/v2\/media\/8"}],"wp:attachment":[{"href":"https:\/\/skrav.fr\/alag\/wp-json\/wp\/v2\/media?parent=19"}],"curies":[{"name":"wp","href":"https:\/\/api.w.org\/{rel}","templated":true}]}}