{"id":192,"date":"2016-09-28T15:37:10","date_gmt":"2016-09-28T13:37:10","guid":{"rendered":"https:\/\/skrav.fr\/aularge-wp\/2016\/09\/28\/introduction-a-inkscape\/"},"modified":"2024-11-12T09:14:53","modified_gmt":"2024-11-12T08:14:53","slug":"introduction-a-inkscape","status":"publish","type":"page","link":"https:\/\/skrav.fr\/alag\/introduction-a-inkscape\/","title":{"rendered":""},"content":{"rendered":"\n<div class=\"wp-block-group has-accent-4-background-color has-background has-global-padding is-layout-constrained wp-container-core-group-is-layout-2 wp-block-group-is-layout-constrained\" style=\"margin-top:var(--wp--preset--spacing--10);margin-bottom:var(--wp--preset--spacing--10);padding-top:var(--wp--preset--spacing--10);padding-right:var(--wp--preset--spacing--10);padding-bottom:var(--wp--preset--spacing--10);padding-left:var(--wp--preset--spacing--10)\">\n<div class=\"wp-block-group is-nowrap is-layout-flex wp-container-core-group-is-layout-1 wp-block-group-is-layout-flex\">\n<figure class=\"wp-block-image size-full is-resized\"><img data-recalc-dims=\"1\" loading=\"lazy\" decoding=\"async\" width=\"512\" height=\"512\" src=\"https:\/\/i0.wp.com\/skrav.fr\/alag\/wp-content\/uploads\/2024\/03\/inkscape-1.webp?resize=512%2C512&#038;ssl=1\" alt=\"\" class=\"wp-image-2268\" style=\"width:149px;height:auto\" srcset=\"https:\/\/i0.wp.com\/skrav.fr\/alag\/wp-content\/uploads\/2024\/03\/inkscape-1.webp?w=512&amp;ssl=1 512w, https:\/\/i0.wp.com\/skrav.fr\/alag\/wp-content\/uploads\/2024\/03\/inkscape-1.webp?resize=300%2C300&amp;ssl=1 300w, https:\/\/i0.wp.com\/skrav.fr\/alag\/wp-content\/uploads\/2024\/03\/inkscape-1.webp?resize=150%2C150&amp;ssl=1 150w\" sizes=\"(max-width: 512px) 100vw, 512px\" \/><\/figure>\n\n\n\n<p class=\"has-x-large-font-size\">Introduction \u00e0 Inkscape<\/p>\n<\/div>\n\n\n\n<p class=\"has-text-align-center\" style=\"padding-right:var(--wp--preset--spacing--20);padding-left:var(--wp--preset--spacing--20);font-size:clamp(0.929rem, 0.929rem + ((1vw - 0.2rem) * 0.785), 1.4rem);\">Inkscape est un logiciel libre de dessin vectoriel<\/p>\n\n\n\n<div style=\"height:51px\" aria-hidden=\"true\" class=\"wp-block-spacer\"><\/div>\n\n\n\n<div class=\"wp-block-buttons is-content-justification-center is-layout-flex wp-container-core-buttons-is-layout-1 wp-block-buttons-is-layout-flex\">\n<div class=\"wp-block-button has-custom-width wp-block-button__width-75 has-custom-font-size has-large-font-size\"><a class=\"wp-block-button__link has-contrast-color has-contrast-3-background-color has-text-color has-background has-link-color wp-element-button\" href=\"https:\/\/skrav.fr\/alag\/wp-content\/uploads\/2016\/09\/Intro-Inkscape.pdf\" style=\"border-radius:20px\" target=\"_blank\" rel=\"noreferrer noopener\">Lire l&rsquo;article<\/a><\/div>\n<\/div>\n\n\n\n<div style=\"height:23px\" aria-hidden=\"true\" class=\"wp-block-spacer\"><\/div>\n\n\n\n<div class=\"wp-block-buttons is-content-justification-center is-layout-flex wp-container-core-buttons-is-layout-2 wp-block-buttons-is-layout-flex\">\n<div class=\"wp-block-button has-custom-width wp-block-button__width-75 has-custom-font-size has-large-font-size\"><a class=\"wp-block-button__link has-contrast-color has-contrast-3-background-color has-text-color has-background has-link-color wp-element-button\" href=\"https:\/\/skrav.fr\/alag\/wp-content\/uploads\/2021\/12\/coeur.pdf\" style=\"border-radius:24px\" target=\"_blank\" rel=\"noreferrer noopener\">Dessiner un c\u0153ur entour\u00e9 d&rsquo;un texte <br>(Diaporama-PDF)<\/a><\/div>\n<\/div>\n\n\n\n<div style=\"height:47px\" aria-hidden=\"true\" class=\"wp-block-spacer\"><\/div>\n\n\n\n<figure class=\"wp-block-image aligncenter is-resized\"><a href=\"https:\/\/skrav.fr\/alag\/wp-content\/uploads\/2021\/12\/coeur.pdf\" target=\"_blank\" rel=\"noreferrer noopener\"><img data-recalc-dims=\"1\" loading=\"lazy\" decoding=\"async\" width=\"698\" height=\"773\" src=\"https:\/\/i0.wp.com\/skrav.fr\/alag\/wp-content\/uploads\/2016\/09\/coeur.png?resize=698%2C773&#038;ssl=1\" alt=\"coeur\" class=\"wp-image-190\" style=\"width:249px;height:auto\" srcset=\"https:\/\/i0.wp.com\/skrav.fr\/alag\/wp-content\/uploads\/2016\/09\/coeur.png?w=698&amp;ssl=1 698w, https:\/\/i0.wp.com\/skrav.fr\/alag\/wp-content\/uploads\/2016\/09\/coeur.png?resize=271%2C300&amp;ssl=1 271w\" sizes=\"(max-width: 698px) 100vw, 698px\" \/><\/a><\/figure>\n\n\n\n<p class=\"has-text-align-center\"><\/p>\n<\/div>\n","protected":false},"excerpt":{"rendered":"<p>Introduction \u00e0 Inkscape Inkscape est un logiciel libre de dessin vectoriel<\/p>\n","protected":false},"author":1,"featured_media":0,"parent":0,"menu_order":3,"comment_status":"closed","ping_status":"open","template":"","meta":{"_uag_custom_page_level_css":"","footnotes":""},"class_list":["post-192","page","type-page","status-publish","hentry"],"yoast_head":"<!-- This site is optimized with the Yoast SEO plugin v25.6 - https:\/\/yoast.com\/wordpress\/plugins\/seo\/ -->\n<title>- Au large avec GIMP<\/title>\n<meta name=\"robots\" content=\"index, follow, max-snippet:-1, max-image-preview:large, max-video-preview:-1\" \/>\n<link rel=\"canonical\" href=\"https:\/\/skrav.fr\/alag\/introduction-a-inkscape\/\" \/>\n<meta property=\"og:locale\" content=\"fr_FR\" \/>\n<meta property=\"og:type\" content=\"article\" \/>\n<meta property=\"og:title\" content=\"- Au large avec GIMP\" \/>\n<meta property=\"og:description\" content=\"Introduction \u00e0 Inkscape Inkscape est un logiciel libre de dessin vectoriel\" \/>\n<meta property=\"og:url\" content=\"https:\/\/skrav.fr\/alag\/introduction-a-inkscape\/\" \/>\n<meta property=\"og:site_name\" content=\"Au large avec GIMP\" \/>\n<meta property=\"article:modified_time\" content=\"2024-11-12T08:14:53+00:00\" \/>\n<meta property=\"og:image\" content=\"https:\/\/skrav.fr\/alag\/wp-content\/uploads\/2024\/03\/inkscape-1.webp\" \/>\n<meta name=\"twitter:card\" content=\"summary_large_image\" \/>\n<meta name=\"twitter:label1\" content=\"Dur\u00e9e de lecture estim\u00e9e\" \/>\n\t<meta name=\"twitter:data1\" content=\"1 minute\" \/>\n<script type=\"application\/ld+json\" class=\"yoast-schema-graph\">{\"@context\":\"https:\/\/schema.org\",\"@graph\":[{\"@type\":\"WebPage\",\"@id\":\"https:\/\/skrav.fr\/alag\/introduction-a-inkscape\/\",\"url\":\"https:\/\/skrav.fr\/alag\/introduction-a-inkscape\/\",\"name\":\"- Au large avec GIMP\",\"isPartOf\":{\"@id\":\"https:\/\/skrav.fr\/alag\/#website\"},\"primaryImageOfPage\":{\"@id\":\"https:\/\/skrav.fr\/alag\/introduction-a-inkscape\/#primaryimage\"},\"image\":{\"@id\":\"https:\/\/skrav.fr\/alag\/introduction-a-inkscape\/#primaryimage\"},\"thumbnailUrl\":\"https:\/\/skrav.fr\/alag\/wp-content\/uploads\/2024\/03\/inkscape-1.webp\",\"datePublished\":\"2016-09-28T13:37:10+00:00\",\"dateModified\":\"2024-11-12T08:14:53+00:00\",\"inLanguage\":\"fr-FR\",\"potentialAction\":[{\"@type\":\"ReadAction\",\"target\":[\"https:\/\/skrav.fr\/alag\/introduction-a-inkscape\/\"]}]},{\"@type\":\"ImageObject\",\"inLanguage\":\"fr-FR\",\"@id\":\"https:\/\/skrav.fr\/alag\/introduction-a-inkscape\/#primaryimage\",\"url\":\"https:\/\/i0.wp.com\/skrav.fr\/alag\/wp-content\/uploads\/2024\/03\/inkscape-1.webp?fit=512%2C512&ssl=1\",\"contentUrl\":\"https:\/\/i0.wp.com\/skrav.fr\/alag\/wp-content\/uploads\/2024\/03\/inkscape-1.webp?fit=512%2C512&ssl=1\",\"width\":512,\"height\":512},{\"@type\":\"WebSite\",\"@id\":\"https:\/\/skrav.fr\/alag\/#website\",\"url\":\"https:\/\/skrav.fr\/alag\/\",\"name\":\"Au large avec GIMP\",\"description\":\"Lib\u00e9rer votre cr\u00e9ativit\u00e9 avec GIMP\",\"publisher\":{\"@id\":\"https:\/\/skrav.fr\/alag\/#organization\"},\"potentialAction\":[{\"@type\":\"SearchAction\",\"target\":{\"@type\":\"EntryPoint\",\"urlTemplate\":\"https:\/\/skrav.fr\/alag\/?s={search_term_string}\"},\"query-input\":{\"@type\":\"PropertyValueSpecification\",\"valueRequired\":true,\"valueName\":\"search_term_string\"}}],\"inLanguage\":\"fr-FR\"},{\"@type\":\"Organization\",\"@id\":\"https:\/\/skrav.fr\/alag\/#organization\",\"name\":\"Au large avec GIMP\",\"url\":\"https:\/\/skrav.fr\/alag\/\",\"logo\":{\"@type\":\"ImageObject\",\"inLanguage\":\"fr-FR\",\"@id\":\"https:\/\/skrav.fr\/alag\/#\/schema\/logo\/image\/\",\"url\":\"https:\/\/i0.wp.com\/skrav.fr\/alag\/wp-content\/uploads\/2024\/04\/Logo-sterne.png?fit=200%2C209&ssl=1\",\"contentUrl\":\"https:\/\/i0.wp.com\/skrav.fr\/alag\/wp-content\/uploads\/2024\/04\/Logo-sterne.png?fit=200%2C209&ssl=1\",\"width\":200,\"height\":209,\"caption\":\"Au large avec GIMP\"},\"image\":{\"@id\":\"https:\/\/skrav.fr\/alag\/#\/schema\/logo\/image\/\"}}]}<\/script>\n<!-- \/ Yoast SEO plugin. -->","yoast_head_json":{"title":"- Au large avec GIMP","robots":{"index":"index","follow":"follow","max-snippet":"max-snippet:-1","max-image-preview":"max-image-preview:large","max-video-preview":"max-video-preview:-1"},"canonical":"https:\/\/skrav.fr\/alag\/introduction-a-inkscape\/","og_locale":"fr_FR","og_type":"article","og_title":"- Au large avec GIMP","og_description":"Introduction \u00e0 Inkscape Inkscape est un logiciel libre de dessin vectoriel","og_url":"https:\/\/skrav.fr\/alag\/introduction-a-inkscape\/","og_site_name":"Au large avec GIMP","article_modified_time":"2024-11-12T08:14:53+00:00","og_image":[{"url":"https:\/\/skrav.fr\/alag\/wp-content\/uploads\/2024\/03\/inkscape-1.webp","type":"","width":"","height":""}],"twitter_card":"summary_large_image","twitter_misc":{"Dur\u00e9e de lecture estim\u00e9e":"1 minute"},"schema":{"@context":"https:\/\/schema.org","@graph":[{"@type":"WebPage","@id":"https:\/\/skrav.fr\/alag\/introduction-a-inkscape\/","url":"https:\/\/skrav.fr\/alag\/introduction-a-inkscape\/","name":"- Au large avec GIMP","isPartOf":{"@id":"https:\/\/skrav.fr\/alag\/#website"},"primaryImageOfPage":{"@id":"https:\/\/skrav.fr\/alag\/introduction-a-inkscape\/#primaryimage"},"image":{"@id":"https:\/\/skrav.fr\/alag\/introduction-a-inkscape\/#primaryimage"},"thumbnailUrl":"https:\/\/skrav.fr\/alag\/wp-content\/uploads\/2024\/03\/inkscape-1.webp","datePublished":"2016-09-28T13:37:10+00:00","dateModified":"2024-11-12T08:14:53+00:00","inLanguage":"fr-FR","potentialAction":[{"@type":"ReadAction","target":["https:\/\/skrav.fr\/alag\/introduction-a-inkscape\/"]}]},{"@type":"ImageObject","inLanguage":"fr-FR","@id":"https:\/\/skrav.fr\/alag\/introduction-a-inkscape\/#primaryimage","url":"https:\/\/i0.wp.com\/skrav.fr\/alag\/wp-content\/uploads\/2024\/03\/inkscape-1.webp?fit=512%2C512&ssl=1","contentUrl":"https:\/\/i0.wp.com\/skrav.fr\/alag\/wp-content\/uploads\/2024\/03\/inkscape-1.webp?fit=512%2C512&ssl=1","width":512,"height":512},{"@type":"WebSite","@id":"https:\/\/skrav.fr\/alag\/#website","url":"https:\/\/skrav.fr\/alag\/","name":"Au large avec GIMP","description":"Lib\u00e9rer votre cr\u00e9ativit\u00e9 avec GIMP","publisher":{"@id":"https:\/\/skrav.fr\/alag\/#organization"},"potentialAction":[{"@type":"SearchAction","target":{"@type":"EntryPoint","urlTemplate":"https:\/\/skrav.fr\/alag\/?s={search_term_string}"},"query-input":{"@type":"PropertyValueSpecification","valueRequired":true,"valueName":"search_term_string"}}],"inLanguage":"fr-FR"},{"@type":"Organization","@id":"https:\/\/skrav.fr\/alag\/#organization","name":"Au large avec GIMP","url":"https:\/\/skrav.fr\/alag\/","logo":{"@type":"ImageObject","inLanguage":"fr-FR","@id":"https:\/\/skrav.fr\/alag\/#\/schema\/logo\/image\/","url":"https:\/\/i0.wp.com\/skrav.fr\/alag\/wp-content\/uploads\/2024\/04\/Logo-sterne.png?fit=200%2C209&ssl=1","contentUrl":"https:\/\/i0.wp.com\/skrav.fr\/alag\/wp-content\/uploads\/2024\/04\/Logo-sterne.png?fit=200%2C209&ssl=1","width":200,"height":209,"caption":"Au large avec GIMP"},"image":{"@id":"https:\/\/skrav.fr\/alag\/#\/schema\/logo\/image\/"}}]}},"uagb_featured_image_src":{"full":false,"thumbnail":false,"medium":false,"medium_large":false,"large":false,"1536x1536":false,"2048x2048":false},"uagb_author_info":{"display_name":"pierre","author_link":"https:\/\/skrav.fr\/alag\/author\/pierre\/"},"uagb_comment_info":0,"uagb_excerpt":"Introduction \u00e0 Inkscape Inkscape est un logiciel libre de dessin vectoriel","_links":{"self":[{"href":"https:\/\/skrav.fr\/alag\/wp-json\/wp\/v2\/pages\/192"}],"collection":[{"href":"https:\/\/skrav.fr\/alag\/wp-json\/wp\/v2\/pages"}],"about":[{"href":"https:\/\/skrav.fr\/alag\/wp-json\/wp\/v2\/types\/page"}],"author":[{"embeddable":true,"href":"https:\/\/skrav.fr\/alag\/wp-json\/wp\/v2\/users\/1"}],"replies":[{"embeddable":true,"href":"https:\/\/skrav.fr\/alag\/wp-json\/wp\/v2\/comments?post=192"}],"version-history":[{"count":21,"href":"https:\/\/skrav.fr\/alag\/wp-json\/wp\/v2\/pages\/192\/revisions"}],"predecessor-version":[{"id":3084,"href":"https:\/\/skrav.fr\/alag\/wp-json\/wp\/v2\/pages\/192\/revisions\/3084"}],"wp:attachment":[{"href":"https:\/\/skrav.fr\/alag\/wp-json\/wp\/v2\/media?parent=192"}],"curies":[{"name":"wp","href":"https:\/\/api.w.org\/{rel}","templated":true}]}}