{"id":2211,"date":"2024-03-25T12:11:58","date_gmt":"2024-03-25T11:11:58","guid":{"rendered":"http:\/\/alag\/?page_id=2211"},"modified":"2024-04-08T14:19:37","modified_gmt":"2024-04-08T12:19:37","slug":"a-propos","status":"publish","type":"page","link":"https:\/\/skrav.fr\/alag\/a-propos\/","title":{"rendered":"A propos"},"content":{"rendered":"\n<div class=\"wp-block-cover\" style=\"min-height:100px;aspect-ratio:unset;\"><span aria-hidden=\"true\" class=\"wp-block-cover__background has-background-dim-100 has-background-dim\" style=\"background-color:#2c3e6b\"><\/span><div class=\"wp-block-cover__inner-container has-global-padding is-layout-constrained wp-block-cover-is-layout-constrained\">\n<p class=\"has-text-align-center has-large-font-size\">D\u00e9couverte de logiciels libres de traitement d&rsquo;images<\/p>\n<\/div><\/div>\n\n\n\n<div class=\"wp-block-group has-accent-4-background-color has-background is-layout-flow wp-block-group-is-layout-flow\" style=\"padding-top:var(--wp--preset--spacing--10);padding-right:var(--wp--preset--spacing--10);padding-bottom:var(--wp--preset--spacing--10);padding-left:var(--wp--preset--spacing--10)\">\n<p style=\"font-size:clamp(16.293px, 1.018rem + ((1vw - 3.2px) * 0.907), 25px);\">Ce site est ouvert \u00e0 toutes les personnes int\u00e9ress\u00e9es par la pratique de logiciels libres de traitement d\u2019images.<\/p>\n\n\n\n<p class=\"has-text-align-left\" style=\"margin-top:10px;margin-right:0px;margin-bottom:10px;margin-left:0px;font-size:clamp(16.293px, 1.018rem + ((1vw - 3.2px) * 0.907), 25px);\">Au d\u00e9part, il a \u00e9t\u00e9 cr\u00e9\u00e9 pour initier les \u00e9tudiants de l\u2019atelier Photo de l\u2019UIA (Universit\u00e9 inter-\u00e2ges) de Saint-Nazaire au logiciel libre de manipulation d\u2019images : <strong>GIMP<\/strong>.<br>Il regroupe les cours d\u2019initiation et l\u2019ensemble des tutoriels et activit\u00e9s propos\u00e9s depuis la cr\u00e9ation de ce cours en ao\u00fbt 2008.<\/p>\n\n\n\n<p style=\"font-size:clamp(16.293px, 1.018rem + ((1vw - 3.2px) * 0.907), 25px);\"><\/p>\n\n\n\n<p style=\"font-size:clamp(16.293px, 1.018rem + ((1vw - 3.2px) * 0.907), 25px);\">Depuis 2019, \u00e0 la demande d\u2019un certain nombre d\u2019\u00e9tudiants, <strong>Darktable<\/strong>, un autre logiciel libre, fait partie de l\u2019apprentissage dispens\u00e9.<br>Ce logiciel de d\u00e9veloppement des photos RAW compl\u00e8te GIMP et se comporte comme un greffon quand il est install\u00e9 sur votre ordinateur. C\u2019est aussi un logiciel de catalogage tr\u00e8s performant.<\/p>\n<\/div>\n","protected":false},"excerpt":{"rendered":"<p>Ce site est ouvert \u00e0 toutes les personnes int\u00e9ress\u00e9es par la pratique de logiciels libres de traitement d\u2019images. Au d\u00e9part, il a \u00e9t\u00e9 cr\u00e9\u00e9 pour initier les \u00e9tudiants de l\u2019atelier Photo de l\u2019UIA (Universit\u00e9 inter-\u00e2ges) de Saint-Nazaire au logiciel libre de manipulation d\u2019images : GIMP.Il regroupe les cours d\u2019initiation et l\u2019ensemble des tutoriels et activit\u00e9s [&hellip;]<\/p>\n","protected":false},"author":1,"featured_media":0,"parent":0,"menu_order":0,"comment_status":"closed","ping_status":"closed","template":"","meta":{"_uag_custom_page_level_css":"","footnotes":""},"class_list":["post-2211","page","type-page","status-publish","hentry"],"yoast_head":"<!-- This site is optimized with the Yoast SEO plugin v25.6 - https:\/\/yoast.com\/wordpress\/plugins\/seo\/ -->\n<title>A propos - Au large avec GIMP<\/title>\n<meta name=\"robots\" content=\"index, follow, max-snippet:-1, max-image-preview:large, max-video-preview:-1\" \/>\n<link rel=\"canonical\" href=\"https:\/\/skrav.fr\/alag\/a-propos\/\" \/>\n<meta property=\"og:locale\" content=\"fr_FR\" \/>\n<meta property=\"og:type\" content=\"article\" \/>\n<meta property=\"og:title\" content=\"A propos - Au large avec GIMP\" \/>\n<meta property=\"og:description\" content=\"Ce site est ouvert \u00e0 toutes les personnes int\u00e9ress\u00e9es par la pratique de logiciels libres de traitement d\u2019images. Au d\u00e9part, il a \u00e9t\u00e9 cr\u00e9\u00e9 pour initier les \u00e9tudiants de l\u2019atelier Photo de l\u2019UIA (Universit\u00e9 inter-\u00e2ges) de Saint-Nazaire au logiciel libre de manipulation d\u2019images : GIMP.Il regroupe les cours d\u2019initiation et l\u2019ensemble des tutoriels et activit\u00e9s [&hellip;]\" \/>\n<meta property=\"og:url\" content=\"https:\/\/skrav.fr\/alag\/a-propos\/\" \/>\n<meta property=\"og:site_name\" content=\"Au large avec GIMP\" \/>\n<meta property=\"article:modified_time\" content=\"2024-04-08T12:19:37+00:00\" \/>\n<meta name=\"twitter:card\" content=\"summary_large_image\" \/>\n<meta name=\"twitter:label1\" content=\"Dur\u00e9e de lecture estim\u00e9e\" \/>\n\t<meta name=\"twitter:data1\" content=\"1 minute\" \/>\n<script type=\"application\/ld+json\" class=\"yoast-schema-graph\">{\"@context\":\"https:\/\/schema.org\",\"@graph\":[{\"@type\":\"WebPage\",\"@id\":\"https:\/\/skrav.fr\/alag\/a-propos\/\",\"url\":\"https:\/\/skrav.fr\/alag\/a-propos\/\",\"name\":\"A propos - Au large avec GIMP\",\"isPartOf\":{\"@id\":\"https:\/\/skrav.fr\/alag\/#website\"},\"datePublished\":\"2024-03-25T11:11:58+00:00\",\"dateModified\":\"2024-04-08T12:19:37+00:00\",\"breadcrumb\":{\"@id\":\"https:\/\/skrav.fr\/alag\/a-propos\/#breadcrumb\"},\"inLanguage\":\"fr-FR\",\"potentialAction\":[{\"@type\":\"ReadAction\",\"target\":[\"https:\/\/skrav.fr\/alag\/a-propos\/\"]}]},{\"@type\":\"BreadcrumbList\",\"@id\":\"https:\/\/skrav.fr\/alag\/a-propos\/#breadcrumb\",\"itemListElement\":[{\"@type\":\"ListItem\",\"position\":1,\"name\":\"Accueil\",\"item\":\"https:\/\/skrav.fr\/alag\/\"},{\"@type\":\"ListItem\",\"position\":2,\"name\":\"A propos\"}]},{\"@type\":\"WebSite\",\"@id\":\"https:\/\/skrav.fr\/alag\/#website\",\"url\":\"https:\/\/skrav.fr\/alag\/\",\"name\":\"Au large avec GIMP\",\"description\":\"Lib\u00e9rer votre cr\u00e9ativit\u00e9 avec GIMP\",\"publisher\":{\"@id\":\"https:\/\/skrav.fr\/alag\/#organization\"},\"potentialAction\":[{\"@type\":\"SearchAction\",\"target\":{\"@type\":\"EntryPoint\",\"urlTemplate\":\"https:\/\/skrav.fr\/alag\/?s={search_term_string}\"},\"query-input\":{\"@type\":\"PropertyValueSpecification\",\"valueRequired\":true,\"valueName\":\"search_term_string\"}}],\"inLanguage\":\"fr-FR\"},{\"@type\":\"Organization\",\"@id\":\"https:\/\/skrav.fr\/alag\/#organization\",\"name\":\"Au large avec GIMP\",\"url\":\"https:\/\/skrav.fr\/alag\/\",\"logo\":{\"@type\":\"ImageObject\",\"inLanguage\":\"fr-FR\",\"@id\":\"https:\/\/skrav.fr\/alag\/#\/schema\/logo\/image\/\",\"url\":\"https:\/\/i0.wp.com\/skrav.fr\/alag\/wp-content\/uploads\/2024\/04\/Logo-sterne.png?fit=200%2C209&ssl=1\",\"contentUrl\":\"https:\/\/i0.wp.com\/skrav.fr\/alag\/wp-content\/uploads\/2024\/04\/Logo-sterne.png?fit=200%2C209&ssl=1\",\"width\":200,\"height\":209,\"caption\":\"Au large avec GIMP\"},\"image\":{\"@id\":\"https:\/\/skrav.fr\/alag\/#\/schema\/logo\/image\/\"}}]}<\/script>\n<!-- \/ Yoast SEO plugin. -->","yoast_head_json":{"title":"A propos - Au large avec GIMP","robots":{"index":"index","follow":"follow","max-snippet":"max-snippet:-1","max-image-preview":"max-image-preview:large","max-video-preview":"max-video-preview:-1"},"canonical":"https:\/\/skrav.fr\/alag\/a-propos\/","og_locale":"fr_FR","og_type":"article","og_title":"A propos - Au large avec GIMP","og_description":"Ce site est ouvert \u00e0 toutes les personnes int\u00e9ress\u00e9es par la pratique de logiciels libres de traitement d\u2019images. Au d\u00e9part, il a \u00e9t\u00e9 cr\u00e9\u00e9 pour initier les \u00e9tudiants de l\u2019atelier Photo de l\u2019UIA (Universit\u00e9 inter-\u00e2ges) de Saint-Nazaire au logiciel libre de manipulation d\u2019images : GIMP.Il regroupe les cours d\u2019initiation et l\u2019ensemble des tutoriels et activit\u00e9s [&hellip;]","og_url":"https:\/\/skrav.fr\/alag\/a-propos\/","og_site_name":"Au large avec GIMP","article_modified_time":"2024-04-08T12:19:37+00:00","twitter_card":"summary_large_image","twitter_misc":{"Dur\u00e9e de lecture estim\u00e9e":"1 minute"},"schema":{"@context":"https:\/\/schema.org","@graph":[{"@type":"WebPage","@id":"https:\/\/skrav.fr\/alag\/a-propos\/","url":"https:\/\/skrav.fr\/alag\/a-propos\/","name":"A propos - Au large avec GIMP","isPartOf":{"@id":"https:\/\/skrav.fr\/alag\/#website"},"datePublished":"2024-03-25T11:11:58+00:00","dateModified":"2024-04-08T12:19:37+00:00","breadcrumb":{"@id":"https:\/\/skrav.fr\/alag\/a-propos\/#breadcrumb"},"inLanguage":"fr-FR","potentialAction":[{"@type":"ReadAction","target":["https:\/\/skrav.fr\/alag\/a-propos\/"]}]},{"@type":"BreadcrumbList","@id":"https:\/\/skrav.fr\/alag\/a-propos\/#breadcrumb","itemListElement":[{"@type":"ListItem","position":1,"name":"Accueil","item":"https:\/\/skrav.fr\/alag\/"},{"@type":"ListItem","position":2,"name":"A propos"}]},{"@type":"WebSite","@id":"https:\/\/skrav.fr\/alag\/#website","url":"https:\/\/skrav.fr\/alag\/","name":"Au large avec GIMP","description":"Lib\u00e9rer votre cr\u00e9ativit\u00e9 avec GIMP","publisher":{"@id":"https:\/\/skrav.fr\/alag\/#organization"},"potentialAction":[{"@type":"SearchAction","target":{"@type":"EntryPoint","urlTemplate":"https:\/\/skrav.fr\/alag\/?s={search_term_string}"},"query-input":{"@type":"PropertyValueSpecification","valueRequired":true,"valueName":"search_term_string"}}],"inLanguage":"fr-FR"},{"@type":"Organization","@id":"https:\/\/skrav.fr\/alag\/#organization","name":"Au large avec GIMP","url":"https:\/\/skrav.fr\/alag\/","logo":{"@type":"ImageObject","inLanguage":"fr-FR","@id":"https:\/\/skrav.fr\/alag\/#\/schema\/logo\/image\/","url":"https:\/\/i0.wp.com\/skrav.fr\/alag\/wp-content\/uploads\/2024\/04\/Logo-sterne.png?fit=200%2C209&ssl=1","contentUrl":"https:\/\/i0.wp.com\/skrav.fr\/alag\/wp-content\/uploads\/2024\/04\/Logo-sterne.png?fit=200%2C209&ssl=1","width":200,"height":209,"caption":"Au large avec GIMP"},"image":{"@id":"https:\/\/skrav.fr\/alag\/#\/schema\/logo\/image\/"}}]}},"uagb_featured_image_src":{"full":false,"thumbnail":false,"medium":false,"medium_large":false,"large":false,"1536x1536":false,"2048x2048":false},"uagb_author_info":{"display_name":"pierre","author_link":"https:\/\/skrav.fr\/alag\/author\/pierre\/"},"uagb_comment_info":0,"uagb_excerpt":"Ce site est ouvert \u00e0 toutes les personnes int\u00e9ress\u00e9es par la pratique de logiciels libres de traitement d\u2019images. Au d\u00e9part, il a \u00e9t\u00e9 cr\u00e9\u00e9 pour initier les \u00e9tudiants de l\u2019atelier Photo de l\u2019UIA (Universit\u00e9 inter-\u00e2ges) de Saint-Nazaire au logiciel libre de manipulation d\u2019images : GIMP.Il regroupe les cours d\u2019initiation et l\u2019ensemble des tutoriels et activit\u00e9s\u2026","_links":{"self":[{"href":"https:\/\/skrav.fr\/alag\/wp-json\/wp\/v2\/pages\/2211"}],"collection":[{"href":"https:\/\/skrav.fr\/alag\/wp-json\/wp\/v2\/pages"}],"about":[{"href":"https:\/\/skrav.fr\/alag\/wp-json\/wp\/v2\/types\/page"}],"author":[{"embeddable":true,"href":"https:\/\/skrav.fr\/alag\/wp-json\/wp\/v2\/users\/1"}],"replies":[{"embeddable":true,"href":"https:\/\/skrav.fr\/alag\/wp-json\/wp\/v2\/comments?post=2211"}],"version-history":[{"count":6,"href":"https:\/\/skrav.fr\/alag\/wp-json\/wp\/v2\/pages\/2211\/revisions"}],"predecessor-version":[{"id":2582,"href":"https:\/\/skrav.fr\/alag\/wp-json\/wp\/v2\/pages\/2211\/revisions\/2582"}],"wp:attachment":[{"href":"https:\/\/skrav.fr\/alag\/wp-json\/wp\/v2\/media?parent=2211"}],"curies":[{"name":"wp","href":"https:\/\/api.w.org\/{rel}","templated":true}]}}