{"id":2227,"date":"2024-03-24T16:24:46","date_gmt":"2024-03-24T15:24:46","guid":{"rendered":"http:\/\/localhost\/wordpress\/?page_id=179"},"modified":"2024-04-06T17:07:49","modified_gmt":"2024-04-06T15:07:49","slug":"autres-logiciels","status":"publish","type":"page","link":"https:\/\/skrav.fr\/alag\/autres-logiciels\/","title":{"rendered":"Autres logiciels"},"content":{"rendered":"\n<div class=\"wp-block-group has-accent-4-background-color has-background has-global-padding is-layout-constrained wp-container-core-group-is-layout-1 wp-block-group-is-layout-constrained\" style=\"padding-top:var(--wp--preset--spacing--10);padding-right:var(--wp--preset--spacing--10);padding-bottom:var(--wp--preset--spacing--10);padding-left:var(--wp--preset--spacing--10)\">\n<p class=\"has-text-align-center\" style=\"font-size:clamp(16.834px, 1.052rem + ((1vw - 3.2px) * 0.955), 26px);\">Cliquer sur les ic\u00f4nes pour acc\u00e9der aux tutos <\/p>\n\n\n<div class=\"kb-row-layout-wrap kb-row-layout-id2227_ecb84b-84 alignnone wp-block-kadence-rowlayout\"><div class=\"kt-row-column-wrap kt-has-5-columns kt-row-layout-equal kt-tab-layout-inherit kt-mobile-layout-row kt-row-valign-top\">\n\n<div class=\"wp-block-kadence-column kadence-column2227_93660a-c1\"><div class=\"kt-inside-inner-col\">\n<figure class=\"wp-block-image size-full\"><a href=\"https:\/\/skrav.fr\/alag\/darktable\/\" target=\"_blank\" rel=\"noreferrer noopener\"><img data-recalc-dims=\"1\" loading=\"lazy\" decoding=\"async\" width=\"768\" height=\"768\" src=\"https:\/\/i0.wp.com\/skrav.fr\/alag\/wp-content\/uploads\/2024\/03\/Darktable_icon-768x768-1.png?resize=768%2C768&#038;ssl=1\" alt=\"\" class=\"wp-image-2266\" srcset=\"https:\/\/i0.wp.com\/skrav.fr\/alag\/wp-content\/uploads\/2024\/03\/Darktable_icon-768x768-1.png?w=768&amp;ssl=1 768w, https:\/\/i0.wp.com\/skrav.fr\/alag\/wp-content\/uploads\/2024\/03\/Darktable_icon-768x768-1.png?resize=300%2C300&amp;ssl=1 300w, https:\/\/i0.wp.com\/skrav.fr\/alag\/wp-content\/uploads\/2024\/03\/Darktable_icon-768x768-1.png?resize=150%2C150&amp;ssl=1 150w\" sizes=\"(max-width: 768px) 100vw, 768px\" \/><\/a><\/figure>\n\n\n\n<p class=\"has-text-align-center has-medium-font-size\"><strong>Darktable<\/strong><\/p>\n<\/div><\/div>\n\n\n\n<div class=\"wp-block-kadence-column kadence-column2227_3053bf-38\"><div class=\"kt-inside-inner-col\">\n<figure class=\"wp-block-image size-full\"><a href=\"https:\/\/skrav.fr\/alag\/introduction-a-inkscape\/\" target=\"_blank\" rel=\"noreferrer noopener\"><img data-recalc-dims=\"1\" loading=\"lazy\" decoding=\"async\" width=\"512\" height=\"512\" src=\"https:\/\/i0.wp.com\/skrav.fr\/alag\/wp-content\/uploads\/2024\/03\/inkscape-1.webp?resize=512%2C512&#038;ssl=1\" alt=\"\" class=\"wp-image-2268\" srcset=\"https:\/\/i0.wp.com\/skrav.fr\/alag\/wp-content\/uploads\/2024\/03\/inkscape-1.webp?w=512&amp;ssl=1 512w, https:\/\/i0.wp.com\/skrav.fr\/alag\/wp-content\/uploads\/2024\/03\/inkscape-1.webp?resize=300%2C300&amp;ssl=1 300w, https:\/\/i0.wp.com\/skrav.fr\/alag\/wp-content\/uploads\/2024\/03\/inkscape-1.webp?resize=150%2C150&amp;ssl=1 150w\" sizes=\"(max-width: 512px) 100vw, 512px\" \/><\/a><\/figure>\n\n\n\n<p class=\"has-text-align-center\"><strong>Inkscape<\/strong><\/p>\n<\/div><\/div>\n\n\n\n<div class=\"wp-block-kadence-column kadence-column2227_028295-e8\"><div class=\"kt-inside-inner-col\">\n<figure class=\"wp-block-image size-full\"><a href=\"https:\/\/skrav.fr\/alag\/xnview-2\/\"><img data-recalc-dims=\"1\" loading=\"lazy\" decoding=\"async\" width=\"512\" height=\"512\" src=\"https:\/\/i0.wp.com\/skrav.fr\/alag\/wp-content\/uploads\/2024\/03\/xnview-icon.png?resize=512%2C512&#038;ssl=1\" alt=\"\" class=\"wp-image-2270\" srcset=\"https:\/\/i0.wp.com\/skrav.fr\/alag\/wp-content\/uploads\/2024\/03\/xnview-icon.png?w=512&amp;ssl=1 512w, https:\/\/i0.wp.com\/skrav.fr\/alag\/wp-content\/uploads\/2024\/03\/xnview-icon.png?resize=300%2C300&amp;ssl=1 300w, https:\/\/i0.wp.com\/skrav.fr\/alag\/wp-content\/uploads\/2024\/03\/xnview-icon.png?resize=150%2C150&amp;ssl=1 150w\" sizes=\"(max-width: 512px) 100vw, 512px\" \/><\/a><\/figure>\n\n\n\n<p class=\"has-text-align-center\"><strong>XnView<\/strong><\/p>\n<\/div><\/div>\n\n\n\n<div class=\"wp-block-kadence-column kadence-column2227_6e7995-48\"><div class=\"kt-inside-inner-col\">\n<figure class=\"wp-block-image size-full\"><a href=\"https:\/\/skrav.fr\/alag\/faststone-image-viewer\/\" target=\"_blank\" rel=\"noreferrer noopener\"><img data-recalc-dims=\"1\" loading=\"lazy\" decoding=\"async\" width=\"600\" height=\"600\" src=\"https:\/\/i0.wp.com\/skrav.fr\/alag\/wp-content\/uploads\/2024\/03\/FastStome-Image-Viewer-Free-Download-1.png?resize=600%2C600&#038;ssl=1\" alt=\"\" class=\"wp-image-2267\" srcset=\"https:\/\/i0.wp.com\/skrav.fr\/alag\/wp-content\/uploads\/2024\/03\/FastStome-Image-Viewer-Free-Download-1.png?w=600&amp;ssl=1 600w, https:\/\/i0.wp.com\/skrav.fr\/alag\/wp-content\/uploads\/2024\/03\/FastStome-Image-Viewer-Free-Download-1.png?resize=300%2C300&amp;ssl=1 300w, https:\/\/i0.wp.com\/skrav.fr\/alag\/wp-content\/uploads\/2024\/03\/FastStome-Image-Viewer-Free-Download-1.png?resize=150%2C150&amp;ssl=1 150w\" sizes=\"(max-width: 600px) 100vw, 600px\" \/><\/a><\/figure>\n\n\n\n<p class=\"has-text-align-center\"><strong>Faststone<\/strong><\/p>\n<\/div><\/div>\n\n\n\n<div class=\"wp-block-kadence-column kadence-column2227_a782ba-6e\"><div class=\"kt-inside-inner-col\">\n<figure class=\"wp-block-image size-full\"><a href=\"https:\/\/skrav.fr\/alag\/scribus\/\" target=\"_blank\" rel=\"noreferrer noopener\"><img data-recalc-dims=\"1\" loading=\"lazy\" decoding=\"async\" width=\"1024\" height=\"1024\" src=\"https:\/\/i0.wp.com\/skrav.fr\/alag\/wp-content\/uploads\/2024\/04\/1024px-Scribus_logo.svg_.webp?resize=1024%2C1024&#038;ssl=1\" alt=\"\" class=\"wp-image-2566\" srcset=\"https:\/\/i0.wp.com\/skrav.fr\/alag\/wp-content\/uploads\/2024\/04\/1024px-Scribus_logo.svg_.webp?w=1024&amp;ssl=1 1024w, https:\/\/i0.wp.com\/skrav.fr\/alag\/wp-content\/uploads\/2024\/04\/1024px-Scribus_logo.svg_.webp?resize=300%2C300&amp;ssl=1 300w, https:\/\/i0.wp.com\/skrav.fr\/alag\/wp-content\/uploads\/2024\/04\/1024px-Scribus_logo.svg_.webp?resize=150%2C150&amp;ssl=1 150w, https:\/\/i0.wp.com\/skrav.fr\/alag\/wp-content\/uploads\/2024\/04\/1024px-Scribus_logo.svg_.webp?resize=768%2C768&amp;ssl=1 768w\" sizes=\"(max-width: 1000px) 100vw, 1000px\" \/><\/a><\/figure>\n\n\n\n<p class=\"has-text-align-center\"><strong>Scribus<\/strong><\/p>\n<\/div><\/div>\n\n<\/div><\/div>\n\n\n<p><\/p>\n\n\n\n<div class=\"wp-block-cover is-light\" style=\"min-height:182px;aspect-ratio:unset;\"><span aria-hidden=\"true\" class=\"wp-block-cover__background has-background-dim-0 has-background-dim\"><\/span><img data-recalc-dims=\"1\" loading=\"lazy\" decoding=\"async\" width=\"1500\" height=\"1125\" class=\"wp-block-cover__image-background wp-image-1926\" alt=\"\" src=\"https:\/\/i0.wp.com\/skrav.fr\/alag\/wp-content\/uploads\/2023\/03\/phare.webp?resize=1500%2C1125&#038;ssl=1\" style=\"object-position:43% 9%\" data-object-fit=\"cover\" data-object-position=\"43% 9%\" srcset=\"https:\/\/i0.wp.com\/skrav.fr\/alag\/wp-content\/uploads\/2023\/03\/phare.webp?w=1500&amp;ssl=1 1500w, https:\/\/i0.wp.com\/skrav.fr\/alag\/wp-content\/uploads\/2023\/03\/phare.webp?resize=300%2C225&amp;ssl=1 300w, https:\/\/i0.wp.com\/skrav.fr\/alag\/wp-content\/uploads\/2023\/03\/phare.webp?resize=1024%2C768&amp;ssl=1 1024w, https:\/\/i0.wp.com\/skrav.fr\/alag\/wp-content\/uploads\/2023\/03\/phare.webp?resize=768%2C576&amp;ssl=1 768w\" sizes=\"(max-width: 1000px) 100vw, 1000px\" \/><div class=\"wp-block-cover__inner-container has-global-padding is-layout-constrained wp-block-cover-is-layout-constrained\">\n<p class=\"has-text-align-center has-large-font-size\"><\/p>\n<\/div><\/div>\n<\/div>\n","protected":false},"excerpt":{"rendered":"<p>Cliquer sur les ic\u00f4nes pour acc\u00e9der aux tutos Darktable Inkscape XnView Faststone Scribus<\/p>\n","protected":false},"author":6,"featured_media":0,"parent":0,"menu_order":0,"comment_status":"closed","ping_status":"closed","template":"","meta":{"_uag_custom_page_level_css":"","footnotes":""},"class_list":["post-2227","page","type-page","status-publish","hentry"],"yoast_head":"<!-- This site is optimized with the Yoast SEO plugin v25.6 - https:\/\/yoast.com\/wordpress\/plugins\/seo\/ -->\n<title>Autres logiciels - Au large avec GIMP<\/title>\n<meta name=\"robots\" content=\"index, follow, max-snippet:-1, max-image-preview:large, max-video-preview:-1\" \/>\n<link rel=\"canonical\" href=\"https:\/\/skrav.fr\/alag\/autres-logiciels\/\" \/>\n<meta property=\"og:locale\" content=\"fr_FR\" \/>\n<meta property=\"og:type\" content=\"article\" \/>\n<meta property=\"og:title\" content=\"Autres logiciels - Au large avec GIMP\" \/>\n<meta property=\"og:description\" content=\"Cliquer sur les ic\u00f4nes pour acc\u00e9der aux tutos Darktable Inkscape XnView Faststone Scribus\" \/>\n<meta property=\"og:url\" content=\"https:\/\/skrav.fr\/alag\/autres-logiciels\/\" \/>\n<meta property=\"og:site_name\" content=\"Au large avec GIMP\" \/>\n<meta property=\"article:modified_time\" content=\"2024-04-06T15:07:49+00:00\" \/>\n<meta property=\"og:image\" content=\"https:\/\/skrav.fr\/alag\/wp-content\/uploads\/2024\/03\/Darktable_icon-768x768-1.png\" \/>\n<meta name=\"twitter:card\" content=\"summary_large_image\" \/>\n<meta name=\"twitter:label1\" content=\"Dur\u00e9e de lecture estim\u00e9e\" \/>\n\t<meta name=\"twitter:data1\" content=\"2 minutes\" \/>\n<script type=\"application\/ld+json\" class=\"yoast-schema-graph\">{\"@context\":\"https:\/\/schema.org\",\"@graph\":[{\"@type\":\"WebPage\",\"@id\":\"https:\/\/skrav.fr\/alag\/autres-logiciels\/\",\"url\":\"https:\/\/skrav.fr\/alag\/autres-logiciels\/\",\"name\":\"Autres logiciels - Au large avec GIMP\",\"isPartOf\":{\"@id\":\"https:\/\/skrav.fr\/alag\/#website\"},\"primaryImageOfPage\":{\"@id\":\"https:\/\/skrav.fr\/alag\/autres-logiciels\/#primaryimage\"},\"image\":{\"@id\":\"https:\/\/skrav.fr\/alag\/autres-logiciels\/#primaryimage\"},\"thumbnailUrl\":\"https:\/\/skrav.fr\/alag\/wp-content\/uploads\/2024\/03\/Darktable_icon-768x768-1.png\",\"datePublished\":\"2024-03-24T15:24:46+00:00\",\"dateModified\":\"2024-04-06T15:07:49+00:00\",\"breadcrumb\":{\"@id\":\"https:\/\/skrav.fr\/alag\/autres-logiciels\/#breadcrumb\"},\"inLanguage\":\"fr-FR\",\"potentialAction\":[{\"@type\":\"ReadAction\",\"target\":[\"https:\/\/skrav.fr\/alag\/autres-logiciels\/\"]}]},{\"@type\":\"ImageObject\",\"inLanguage\":\"fr-FR\",\"@id\":\"https:\/\/skrav.fr\/alag\/autres-logiciels\/#primaryimage\",\"url\":\"https:\/\/i0.wp.com\/skrav.fr\/alag\/wp-content\/uploads\/2024\/03\/Darktable_icon-768x768-1.png?fit=768%2C768&ssl=1\",\"contentUrl\":\"https:\/\/i0.wp.com\/skrav.fr\/alag\/wp-content\/uploads\/2024\/03\/Darktable_icon-768x768-1.png?fit=768%2C768&ssl=1\",\"width\":768,\"height\":768},{\"@type\":\"BreadcrumbList\",\"@id\":\"https:\/\/skrav.fr\/alag\/autres-logiciels\/#breadcrumb\",\"itemListElement\":[{\"@type\":\"ListItem\",\"position\":1,\"name\":\"Accueil\",\"item\":\"https:\/\/skrav.fr\/alag\/\"},{\"@type\":\"ListItem\",\"position\":2,\"name\":\"Autres logiciels\"}]},{\"@type\":\"WebSite\",\"@id\":\"https:\/\/skrav.fr\/alag\/#website\",\"url\":\"https:\/\/skrav.fr\/alag\/\",\"name\":\"Au large avec GIMP\",\"description\":\"Lib\u00e9rer votre cr\u00e9ativit\u00e9 avec GIMP\",\"publisher\":{\"@id\":\"https:\/\/skrav.fr\/alag\/#organization\"},\"potentialAction\":[{\"@type\":\"SearchAction\",\"target\":{\"@type\":\"EntryPoint\",\"urlTemplate\":\"https:\/\/skrav.fr\/alag\/?s={search_term_string}\"},\"query-input\":{\"@type\":\"PropertyValueSpecification\",\"valueRequired\":true,\"valueName\":\"search_term_string\"}}],\"inLanguage\":\"fr-FR\"},{\"@type\":\"Organization\",\"@id\":\"https:\/\/skrav.fr\/alag\/#organization\",\"name\":\"Au large avec GIMP\",\"url\":\"https:\/\/skrav.fr\/alag\/\",\"logo\":{\"@type\":\"ImageObject\",\"inLanguage\":\"fr-FR\",\"@id\":\"https:\/\/skrav.fr\/alag\/#\/schema\/logo\/image\/\",\"url\":\"https:\/\/i0.wp.com\/skrav.fr\/alag\/wp-content\/uploads\/2024\/04\/Logo-sterne.png?fit=200%2C209&ssl=1\",\"contentUrl\":\"https:\/\/i0.wp.com\/skrav.fr\/alag\/wp-content\/uploads\/2024\/04\/Logo-sterne.png?fit=200%2C209&ssl=1\",\"width\":200,\"height\":209,\"caption\":\"Au large avec GIMP\"},\"image\":{\"@id\":\"https:\/\/skrav.fr\/alag\/#\/schema\/logo\/image\/\"}}]}<\/script>\n<!-- \/ Yoast SEO plugin. -->","yoast_head_json":{"title":"Autres logiciels - Au large avec GIMP","robots":{"index":"index","follow":"follow","max-snippet":"max-snippet:-1","max-image-preview":"max-image-preview:large","max-video-preview":"max-video-preview:-1"},"canonical":"https:\/\/skrav.fr\/alag\/autres-logiciels\/","og_locale":"fr_FR","og_type":"article","og_title":"Autres logiciels - Au large avec GIMP","og_description":"Cliquer sur les ic\u00f4nes pour acc\u00e9der aux tutos Darktable Inkscape XnView Faststone Scribus","og_url":"https:\/\/skrav.fr\/alag\/autres-logiciels\/","og_site_name":"Au large avec GIMP","article_modified_time":"2024-04-06T15:07:49+00:00","og_image":[{"url":"https:\/\/skrav.fr\/alag\/wp-content\/uploads\/2024\/03\/Darktable_icon-768x768-1.png","type":"","width":"","height":""}],"twitter_card":"summary_large_image","twitter_misc":{"Dur\u00e9e de lecture estim\u00e9e":"2 minutes"},"schema":{"@context":"https:\/\/schema.org","@graph":[{"@type":"WebPage","@id":"https:\/\/skrav.fr\/alag\/autres-logiciels\/","url":"https:\/\/skrav.fr\/alag\/autres-logiciels\/","name":"Autres logiciels - Au large avec GIMP","isPartOf":{"@id":"https:\/\/skrav.fr\/alag\/#website"},"primaryImageOfPage":{"@id":"https:\/\/skrav.fr\/alag\/autres-logiciels\/#primaryimage"},"image":{"@id":"https:\/\/skrav.fr\/alag\/autres-logiciels\/#primaryimage"},"thumbnailUrl":"https:\/\/skrav.fr\/alag\/wp-content\/uploads\/2024\/03\/Darktable_icon-768x768-1.png","datePublished":"2024-03-24T15:24:46+00:00","dateModified":"2024-04-06T15:07:49+00:00","breadcrumb":{"@id":"https:\/\/skrav.fr\/alag\/autres-logiciels\/#breadcrumb"},"inLanguage":"fr-FR","potentialAction":[{"@type":"ReadAction","target":["https:\/\/skrav.fr\/alag\/autres-logiciels\/"]}]},{"@type":"ImageObject","inLanguage":"fr-FR","@id":"https:\/\/skrav.fr\/alag\/autres-logiciels\/#primaryimage","url":"https:\/\/i0.wp.com\/skrav.fr\/alag\/wp-content\/uploads\/2024\/03\/Darktable_icon-768x768-1.png?fit=768%2C768&ssl=1","contentUrl":"https:\/\/i0.wp.com\/skrav.fr\/alag\/wp-content\/uploads\/2024\/03\/Darktable_icon-768x768-1.png?fit=768%2C768&ssl=1","width":768,"height":768},{"@type":"BreadcrumbList","@id":"https:\/\/skrav.fr\/alag\/autres-logiciels\/#breadcrumb","itemListElement":[{"@type":"ListItem","position":1,"name":"Accueil","item":"https:\/\/skrav.fr\/alag\/"},{"@type":"ListItem","position":2,"name":"Autres logiciels"}]},{"@type":"WebSite","@id":"https:\/\/skrav.fr\/alag\/#website","url":"https:\/\/skrav.fr\/alag\/","name":"Au large avec GIMP","description":"Lib\u00e9rer votre cr\u00e9ativit\u00e9 avec GIMP","publisher":{"@id":"https:\/\/skrav.fr\/alag\/#organization"},"potentialAction":[{"@type":"SearchAction","target":{"@type":"EntryPoint","urlTemplate":"https:\/\/skrav.fr\/alag\/?s={search_term_string}"},"query-input":{"@type":"PropertyValueSpecification","valueRequired":true,"valueName":"search_term_string"}}],"inLanguage":"fr-FR"},{"@type":"Organization","@id":"https:\/\/skrav.fr\/alag\/#organization","name":"Au large avec GIMP","url":"https:\/\/skrav.fr\/alag\/","logo":{"@type":"ImageObject","inLanguage":"fr-FR","@id":"https:\/\/skrav.fr\/alag\/#\/schema\/logo\/image\/","url":"https:\/\/i0.wp.com\/skrav.fr\/alag\/wp-content\/uploads\/2024\/04\/Logo-sterne.png?fit=200%2C209&ssl=1","contentUrl":"https:\/\/i0.wp.com\/skrav.fr\/alag\/wp-content\/uploads\/2024\/04\/Logo-sterne.png?fit=200%2C209&ssl=1","width":200,"height":209,"caption":"Au large avec GIMP"},"image":{"@id":"https:\/\/skrav.fr\/alag\/#\/schema\/logo\/image\/"}}]}},"uagb_featured_image_src":{"full":false,"thumbnail":false,"medium":false,"medium_large":false,"large":false,"1536x1536":false,"2048x2048":false},"uagb_author_info":{"display_name":"Pierre ETIENNE","author_link":"https:\/\/skrav.fr\/alag\/author\/pierre_administrateur\/"},"uagb_comment_info":0,"uagb_excerpt":"Cliquer sur les ic\u00f4nes pour acc\u00e9der aux tutos Darktable Inkscape XnView Faststone Scribus","_links":{"self":[{"href":"https:\/\/skrav.fr\/alag\/wp-json\/wp\/v2\/pages\/2227"}],"collection":[{"href":"https:\/\/skrav.fr\/alag\/wp-json\/wp\/v2\/pages"}],"about":[{"href":"https:\/\/skrav.fr\/alag\/wp-json\/wp\/v2\/types\/page"}],"author":[{"embeddable":true,"href":"https:\/\/skrav.fr\/alag\/wp-json\/wp\/v2\/users\/6"}],"replies":[{"embeddable":true,"href":"https:\/\/skrav.fr\/alag\/wp-json\/wp\/v2\/comments?post=2227"}],"version-history":[{"count":19,"href":"https:\/\/skrav.fr\/alag\/wp-json\/wp\/v2\/pages\/2227\/revisions"}],"predecessor-version":[{"id":2567,"href":"https:\/\/skrav.fr\/alag\/wp-json\/wp\/v2\/pages\/2227\/revisions\/2567"}],"wp:attachment":[{"href":"https:\/\/skrav.fr\/alag\/wp-json\/wp\/v2\/media?parent=2227"}],"curies":[{"name":"wp","href":"https:\/\/api.w.org\/{rel}","templated":true}]}}