{"id":2462,"date":"2024-04-05T15:25:11","date_gmt":"2024-04-05T13:25:11","guid":{"rendered":"https:\/\/skrav.fr\/alag\/?page_id=2462"},"modified":"2024-04-05T16:04:53","modified_gmt":"2024-04-05T14:04:53","slug":"contact-3","status":"publish","type":"page","link":"https:\/\/skrav.fr\/alag\/contact-3\/","title":{"rendered":"Contact-simple"},"content":{"rendered":"\n<p><\/p>\n\n\n\n<div class=\"wp-block-cover alignfull is-light\" style=\"padding-top:2%;min-height:339px;aspect-ratio:unset;\"><span aria-hidden=\"true\" class=\"wp-block-cover__background has-background-dim-0 has-background-dim\" style=\"background-color:#848988\"><\/span><img data-recalc-dims=\"1\" loading=\"lazy\" decoding=\"async\" width=\"1500\" height=\"1125\" class=\"wp-block-cover__image-background wp-image-1926\" alt=\"\" src=\"https:\/\/i0.wp.com\/skrav.fr\/alag\/wp-content\/uploads\/2023\/03\/phare.webp?resize=1500%2C1125&#038;ssl=1\" style=\"object-position:49% 11%\" data-object-fit=\"cover\" data-object-position=\"49% 11%\" srcset=\"https:\/\/i0.wp.com\/skrav.fr\/alag\/wp-content\/uploads\/2023\/03\/phare.webp?w=1500&amp;ssl=1 1500w, https:\/\/i0.wp.com\/skrav.fr\/alag\/wp-content\/uploads\/2023\/03\/phare.webp?resize=300%2C225&amp;ssl=1 300w, https:\/\/i0.wp.com\/skrav.fr\/alag\/wp-content\/uploads\/2023\/03\/phare.webp?resize=1024%2C768&amp;ssl=1 1024w, https:\/\/i0.wp.com\/skrav.fr\/alag\/wp-content\/uploads\/2023\/03\/phare.webp?resize=768%2C576&amp;ssl=1 768w\" sizes=\"(max-width: 1000px) 100vw, 1000px\" \/><div class=\"wp-block-cover__inner-container has-global-padding is-layout-constrained wp-container-core-cover-is-layout-1 wp-block-cover-is-layout-constrained\">\n<div class=\"wp-block-group alignwide is-vertical is-content-justification-left is-layout-flex wp-container-core-group-is-layout-2 wp-block-group-is-layout-flex\" style=\"min-height:8rem\">\n<div class=\"wp-block-group has-global-padding is-layout-constrained wp-container-core-group-is-layout-1 wp-block-group-is-layout-constrained\">\n<h2 class=\"wp-block-heading has-text-align-center has-text-color\" style=\"color:#07277c;margin-top:0rem;margin-bottom:1.01rem;font-size:clamp(2.071rem, 2.071rem + ((1vw - 0.2rem) * 2.732), 3.71rem);font-style:normal;font-weight:400;line-height:1;text-transform:capitalize\">Me contacter !<\/h2>\n<\/div>\n<\/div>\n<\/div><\/div>\n\n\n<div class=\"wp-block-kadence-advanced-form wp-block-kadence-advanced-form2463-cpt-id kb-adv-form-label-style-normal kb-adv-form-input-size-standard kb-form-basic-style kb-form-is-dark wp-block-kadence-advanced-form\"><form id=\"kb-adv-form-2463-cpt-id\" class=\"kb-advanced-form\" method=\"post\" data-error-message=\"Corriger les erreurs\">\n<div class=\"kb-row-layout-wrap kb-row-layout-id2462_e3add2-dc alignnone wp-block-kadence-rowlayout\"><div class=\"kt-row-column-wrap kt-has-2-columns kt-row-layout-equal kt-tab-layout-inherit kt-mobile-layout-row kt-row-valign-top\">\n\n<div class=\"wp-block-kadence-column kadence-column2462_a25cb8-05\"><div class=\"kt-inside-inner-col\"><div class=\"kb-adv-form-field kb-adv-form-text-type-input kb-adv-form-infield-type-input kb-field2463ead2e1-80 wp-block-kadence-advanced-form-text\"><label class=\"kb-adv-form-label\" for=\"field2463ead2e1-80\">Nom et Pr\u00e9nom<span class=\"kb-adv-form-required\">*<\/span><\/label><input name=\"fieldead2e1-80\" id=\"field2463ead2e1-80\" data-label=\"Nom et Pr\u00e9nom\" type=\"text\" placeholder=\"\" value=\"\" data-type=\"text\" class=\"kb-field kb-text-field\" data-required=\"yes\" required aria-required=\"true\"\/><\/div><\/div><\/div>\n\n\n\n<div class=\"wp-block-kadence-column kadence-column2462_2e23b6-98\"><div class=\"kt-inside-inner-col\"><div class=\"kb-adv-form-field kb-adv-form-text-type-input kb-adv-form-infield-type-input kb-field2463529578-b5 wp-block-kadence-advanced-form-email\"><label class=\"kb-adv-form-label\" for=\"field2463529578-b5\">Courriel<span class=\"kb-adv-form-required\">*<\/span><\/label><input name=\"field529578-b5\" id=\"field2463529578-b5\" data-label=\"Courriel\" type=\"email\" placeholder=\"\" value=\"\" data-type=\"email\" class=\"kb-field kb-email-field\" data-required=\"yes\" required aria-required=\"true\"\/><\/div><\/div><\/div>\n\n<\/div><\/div>\n\n<div class=\"kb-adv-form-field kb-adv-form-text-type-input kb-adv-form-infield-type-input kb-field246388db10-8b wp-block-kadence-advanced-form-textarea\"><label class=\"kb-adv-form-label\" for=\"field246388db10-8b\">Message<span class=\"kb-adv-form-required\">*<\/span><\/label><textarea name=\"field88db10-8b\" id=\"field246388db10-8b\" rows=\"3\"  data-label=\"Message\" placeholder=\"\" data-type=\"textarea\" class=\"kb-field kb-textarea-field\" data-required=\"yes\" required aria-required=\"true\"><\/textarea><\/div>\n\n<div class=\"kb-adv-form-field kb-submit-field kb-fieldf0a3dd-07 wp-block-kadence-advanced-form-submit\"><button class=\"kb-button kt-button button kb-adv-form-submit-button kb-btnf0a3dd-07 kt-btn-size-standard kt-btn-width-type-auto kb-btn-global-fill kt-btn-has-text-true kt-btn-has-svg-false\" type=\"submit\"><span class=\"kt-btn-inner-text\">Envoyer<\/span><\/button><\/div>\n<input type=\"hidden\" name=\"_kb_adv_form_post_id\" value=\"2463\"><input type=\"hidden\" name=\"action\" value=\"kb_process_advanced_form_submit\"><input type=\"hidden\" name=\"_kb_adv_form_id\" value=\"2463-cpt-id\"><\/form><\/div>","protected":false},"excerpt":{"rendered":"","protected":false},"author":1,"featured_media":0,"parent":0,"menu_order":0,"comment_status":"closed","ping_status":"closed","template":"","meta":{"_uag_custom_page_level_css":"","footnotes":""},"class_list":["post-2462","page","type-page","status-publish","hentry"],"yoast_head":"<!-- This site is optimized with the Yoast SEO plugin v25.6 - https:\/\/yoast.com\/wordpress\/plugins\/seo\/ -->\n<title>Contact-simple - Au large avec GIMP<\/title>\n<meta name=\"robots\" content=\"index, follow, max-snippet:-1, max-image-preview:large, max-video-preview:-1\" \/>\n<link rel=\"canonical\" href=\"https:\/\/skrav.fr\/alag\/contact-3\/\" \/>\n<meta property=\"og:locale\" content=\"fr_FR\" \/>\n<meta property=\"og:type\" content=\"article\" \/>\n<meta property=\"og:title\" content=\"Contact-simple - Au large avec GIMP\" \/>\n<meta property=\"og:url\" content=\"https:\/\/skrav.fr\/alag\/contact-3\/\" \/>\n<meta property=\"og:site_name\" content=\"Au large avec GIMP\" \/>\n<meta property=\"article:modified_time\" content=\"2024-04-05T14:04:53+00:00\" \/>\n<meta property=\"og:image\" content=\"https:\/\/skrav.fr\/alag\/wp-content\/uploads\/2023\/03\/phare.webp\" \/>\n<meta name=\"twitter:card\" content=\"summary_large_image\" \/>\n<meta name=\"twitter:label1\" content=\"Dur\u00e9e de lecture estim\u00e9e\" \/>\n\t<meta name=\"twitter:data1\" content=\"1 minute\" \/>\n<script type=\"application\/ld+json\" class=\"yoast-schema-graph\">{\"@context\":\"https:\/\/schema.org\",\"@graph\":[{\"@type\":\"WebPage\",\"@id\":\"https:\/\/skrav.fr\/alag\/contact-3\/\",\"url\":\"https:\/\/skrav.fr\/alag\/contact-3\/\",\"name\":\"Contact-simple - Au large avec GIMP\",\"isPartOf\":{\"@id\":\"https:\/\/skrav.fr\/alag\/#website\"},\"primaryImageOfPage\":{\"@id\":\"https:\/\/skrav.fr\/alag\/contact-3\/#primaryimage\"},\"image\":{\"@id\":\"https:\/\/skrav.fr\/alag\/contact-3\/#primaryimage\"},\"thumbnailUrl\":\"https:\/\/skrav.fr\/alag\/wp-content\/uploads\/2023\/03\/phare.webp\",\"datePublished\":\"2024-04-05T13:25:11+00:00\",\"dateModified\":\"2024-04-05T14:04:53+00:00\",\"breadcrumb\":{\"@id\":\"https:\/\/skrav.fr\/alag\/contact-3\/#breadcrumb\"},\"inLanguage\":\"fr-FR\",\"potentialAction\":[{\"@type\":\"ReadAction\",\"target\":[\"https:\/\/skrav.fr\/alag\/contact-3\/\"]}]},{\"@type\":\"ImageObject\",\"inLanguage\":\"fr-FR\",\"@id\":\"https:\/\/skrav.fr\/alag\/contact-3\/#primaryimage\",\"url\":\"https:\/\/i0.wp.com\/skrav.fr\/alag\/wp-content\/uploads\/2023\/03\/phare.webp?fit=1500%2C1125&ssl=1\",\"contentUrl\":\"https:\/\/i0.wp.com\/skrav.fr\/alag\/wp-content\/uploads\/2023\/03\/phare.webp?fit=1500%2C1125&ssl=1\",\"width\":1500,\"height\":1125},{\"@type\":\"BreadcrumbList\",\"@id\":\"https:\/\/skrav.fr\/alag\/contact-3\/#breadcrumb\",\"itemListElement\":[{\"@type\":\"ListItem\",\"position\":1,\"name\":\"Accueil\",\"item\":\"https:\/\/skrav.fr\/alag\/\"},{\"@type\":\"ListItem\",\"position\":2,\"name\":\"Contact-simple\"}]},{\"@type\":\"WebSite\",\"@id\":\"https:\/\/skrav.fr\/alag\/#website\",\"url\":\"https:\/\/skrav.fr\/alag\/\",\"name\":\"Au large avec GIMP\",\"description\":\"Lib\u00e9rer votre cr\u00e9ativit\u00e9 avec GIMP\",\"publisher\":{\"@id\":\"https:\/\/skrav.fr\/alag\/#organization\"},\"potentialAction\":[{\"@type\":\"SearchAction\",\"target\":{\"@type\":\"EntryPoint\",\"urlTemplate\":\"https:\/\/skrav.fr\/alag\/?s={search_term_string}\"},\"query-input\":{\"@type\":\"PropertyValueSpecification\",\"valueRequired\":true,\"valueName\":\"search_term_string\"}}],\"inLanguage\":\"fr-FR\"},{\"@type\":\"Organization\",\"@id\":\"https:\/\/skrav.fr\/alag\/#organization\",\"name\":\"Au large avec GIMP\",\"url\":\"https:\/\/skrav.fr\/alag\/\",\"logo\":{\"@type\":\"ImageObject\",\"inLanguage\":\"fr-FR\",\"@id\":\"https:\/\/skrav.fr\/alag\/#\/schema\/logo\/image\/\",\"url\":\"https:\/\/i0.wp.com\/skrav.fr\/alag\/wp-content\/uploads\/2024\/04\/Logo-sterne.png?fit=200%2C209&ssl=1\",\"contentUrl\":\"https:\/\/i0.wp.com\/skrav.fr\/alag\/wp-content\/uploads\/2024\/04\/Logo-sterne.png?fit=200%2C209&ssl=1\",\"width\":200,\"height\":209,\"caption\":\"Au large avec GIMP\"},\"image\":{\"@id\":\"https:\/\/skrav.fr\/alag\/#\/schema\/logo\/image\/\"}}]}<\/script>\n<!-- \/ Yoast SEO plugin. -->","yoast_head_json":{"title":"Contact-simple - Au large avec GIMP","robots":{"index":"index","follow":"follow","max-snippet":"max-snippet:-1","max-image-preview":"max-image-preview:large","max-video-preview":"max-video-preview:-1"},"canonical":"https:\/\/skrav.fr\/alag\/contact-3\/","og_locale":"fr_FR","og_type":"article","og_title":"Contact-simple - Au large avec GIMP","og_url":"https:\/\/skrav.fr\/alag\/contact-3\/","og_site_name":"Au large avec GIMP","article_modified_time":"2024-04-05T14:04:53+00:00","og_image":[{"url":"https:\/\/skrav.fr\/alag\/wp-content\/uploads\/2023\/03\/phare.webp","type":"","width":"","height":""}],"twitter_card":"summary_large_image","twitter_misc":{"Dur\u00e9e de lecture estim\u00e9e":"1 minute"},"schema":{"@context":"https:\/\/schema.org","@graph":[{"@type":"WebPage","@id":"https:\/\/skrav.fr\/alag\/contact-3\/","url":"https:\/\/skrav.fr\/alag\/contact-3\/","name":"Contact-simple - Au large avec GIMP","isPartOf":{"@id":"https:\/\/skrav.fr\/alag\/#website"},"primaryImageOfPage":{"@id":"https:\/\/skrav.fr\/alag\/contact-3\/#primaryimage"},"image":{"@id":"https:\/\/skrav.fr\/alag\/contact-3\/#primaryimage"},"thumbnailUrl":"https:\/\/skrav.fr\/alag\/wp-content\/uploads\/2023\/03\/phare.webp","datePublished":"2024-04-05T13:25:11+00:00","dateModified":"2024-04-05T14:04:53+00:00","breadcrumb":{"@id":"https:\/\/skrav.fr\/alag\/contact-3\/#breadcrumb"},"inLanguage":"fr-FR","potentialAction":[{"@type":"ReadAction","target":["https:\/\/skrav.fr\/alag\/contact-3\/"]}]},{"@type":"ImageObject","inLanguage":"fr-FR","@id":"https:\/\/skrav.fr\/alag\/contact-3\/#primaryimage","url":"https:\/\/i0.wp.com\/skrav.fr\/alag\/wp-content\/uploads\/2023\/03\/phare.webp?fit=1500%2C1125&ssl=1","contentUrl":"https:\/\/i0.wp.com\/skrav.fr\/alag\/wp-content\/uploads\/2023\/03\/phare.webp?fit=1500%2C1125&ssl=1","width":1500,"height":1125},{"@type":"BreadcrumbList","@id":"https:\/\/skrav.fr\/alag\/contact-3\/#breadcrumb","itemListElement":[{"@type":"ListItem","position":1,"name":"Accueil","item":"https:\/\/skrav.fr\/alag\/"},{"@type":"ListItem","position":2,"name":"Contact-simple"}]},{"@type":"WebSite","@id":"https:\/\/skrav.fr\/alag\/#website","url":"https:\/\/skrav.fr\/alag\/","name":"Au large avec GIMP","description":"Lib\u00e9rer votre cr\u00e9ativit\u00e9 avec GIMP","publisher":{"@id":"https:\/\/skrav.fr\/alag\/#organization"},"potentialAction":[{"@type":"SearchAction","target":{"@type":"EntryPoint","urlTemplate":"https:\/\/skrav.fr\/alag\/?s={search_term_string}"},"query-input":{"@type":"PropertyValueSpecification","valueRequired":true,"valueName":"search_term_string"}}],"inLanguage":"fr-FR"},{"@type":"Organization","@id":"https:\/\/skrav.fr\/alag\/#organization","name":"Au large avec GIMP","url":"https:\/\/skrav.fr\/alag\/","logo":{"@type":"ImageObject","inLanguage":"fr-FR","@id":"https:\/\/skrav.fr\/alag\/#\/schema\/logo\/image\/","url":"https:\/\/i0.wp.com\/skrav.fr\/alag\/wp-content\/uploads\/2024\/04\/Logo-sterne.png?fit=200%2C209&ssl=1","contentUrl":"https:\/\/i0.wp.com\/skrav.fr\/alag\/wp-content\/uploads\/2024\/04\/Logo-sterne.png?fit=200%2C209&ssl=1","width":200,"height":209,"caption":"Au large avec GIMP"},"image":{"@id":"https:\/\/skrav.fr\/alag\/#\/schema\/logo\/image\/"}}]}},"uagb_featured_image_src":{"full":false,"thumbnail":false,"medium":false,"medium_large":false,"large":false,"1536x1536":false,"2048x2048":false},"uagb_author_info":{"display_name":"pierre","author_link":"https:\/\/skrav.fr\/alag\/author\/pierre\/"},"uagb_comment_info":0,"uagb_excerpt":null,"_links":{"self":[{"href":"https:\/\/skrav.fr\/alag\/wp-json\/wp\/v2\/pages\/2462"}],"collection":[{"href":"https:\/\/skrav.fr\/alag\/wp-json\/wp\/v2\/pages"}],"about":[{"href":"https:\/\/skrav.fr\/alag\/wp-json\/wp\/v2\/types\/page"}],"author":[{"embeddable":true,"href":"https:\/\/skrav.fr\/alag\/wp-json\/wp\/v2\/users\/1"}],"replies":[{"embeddable":true,"href":"https:\/\/skrav.fr\/alag\/wp-json\/wp\/v2\/comments?post=2462"}],"version-history":[{"count":3,"href":"https:\/\/skrav.fr\/alag\/wp-json\/wp\/v2\/pages\/2462\/revisions"}],"predecessor-version":[{"id":2479,"href":"https:\/\/skrav.fr\/alag\/wp-json\/wp\/v2\/pages\/2462\/revisions\/2479"}],"wp:attachment":[{"href":"https:\/\/skrav.fr\/alag\/wp-json\/wp\/v2\/media?parent=2462"}],"curies":[{"name":"wp","href":"https:\/\/api.w.org\/{rel}","templated":true}]}}