{"id":474,"date":"2020-05-25T17:22:43","date_gmt":"2020-05-25T15:22:43","guid":{"rendered":"https:\/\/skrav.fr\/aularge-wp\/?p=474"},"modified":"2024-04-26T17:23:52","modified_gmt":"2024-04-26T15:23:52","slug":"faststone-image-viewer","status":"publish","type":"page","link":"https:\/\/skrav.fr\/alag\/faststone-image-viewer\/","title":{"rendered":"FastStone Image Viewer"},"content":{"rendered":"\n<h2 class=\"wp-block-heading has-text-align-center has-base-2-color has-accent-2-background-color has-text-color has-background has-link-color wp-elements-cd0e39727844418ada66e7b4a8355ff6\" style=\"margin-top:var(--wp--preset--spacing--10);margin-bottom:var(--wp--preset--spacing--10);padding-top:var(--wp--preset--spacing--10);padding-right:var(--wp--preset--spacing--10);padding-bottom:var(--wp--preset--spacing--10);padding-left:var(--wp--preset--spacing--10)\">FastStone Image Viewer<\/h2>\n\n\n\n<div class=\"wp-block-group has-accent-4-background-color has-background has-link-color wp-elements-0ea0232558bde4c560172c073f05e2cc has-global-padding is-layout-constrained wp-container-core-group-is-layout-1 wp-block-group-is-layout-constrained\" style=\"padding-top:var(--wp--preset--spacing--10);padding-right:var(--wp--preset--spacing--10);padding-bottom:var(--wp--preset--spacing--10);padding-left:var(--wp--preset--spacing--10)\">\n<p>FSIV est une visionneuse tr\u00e8s performante qui affiche tous les formats d&rsquo;image y compris les RAW. Elle permet en outre de r\u00e9aliser rapidement les r\u00e9glages courants comme le redressement, le recadrage, le redimensionnement et m\u00eame la suppression de petits d\u00e9fauts.<\/p>\n\n\n\n<p>Un petit tuto d&rsquo;initiation de deux pages vous initie \u00e0 ce petit logiciel : <a rel=\"noreferrer noopener\" href=\"https:\/\/skrav.fr\/alag\/wp-content\/uploads\/2020\/05\/Tuto-fastStone-tp.pdf\" target=\"_blank\">Initiation<\/a> <\/p>\n\n\n\n<p>Compl\u00e9ment au tuto d&rsquo;initiation (version 7.6) : <a rel=\"noreferrer noopener\" href=\"https:\/\/skrav.fr\/alag\/wp-content\/uploads\/2022\/04\/Notice-Faststone.pdf\" target=\"_blank\">Initiation 2<\/a><\/p>\n\n\n\n<p>Pour en savoir plus : <a href=\"https:\/\/skrav.fr\/alag\/wp-content\/uploads\/2020\/05\/FSIV_Tutorial_Fr-1.pdf\" target=\"_blank\" rel=\"noreferrer noopener\">Tuto complet<\/a><\/p>\n\n\n\n<p>Vous trouverez ci-joint une vid\u00e9o de la pr\u00e9sentation de FastStone : <a href=\"https:\/\/youtu.be\/yqrEWINgsFA\" target=\"_blank\" rel=\"noopener noreferrer\">Pr\u00e9sentation de FSIV<\/a><\/p>\n\n\n\n<p>Vid\u00e9os compl\u00e9mentaires \u00e0 la pr\u00e9sentation de FastStone Image Viewer :<\/p>\n\n\n\n<ul class=\"wp-block-list\">\n<li><a href=\"https:\/\/youtu.be\/8ziEcZB8xyg\" target=\"_blank\" rel=\"noopener\">Volet 1<\/a><\/li>\n\n\n\n<li><a href=\"https:\/\/youtu.be\/yJQBIa8Lwlc\" target=\"_blank\" rel=\"noopener\">Volet 2<\/a><\/li>\n\n\n\n<li><a href=\"https:\/\/youtu.be\/9giO7JWCcNs\" target=\"_blank\" rel=\"noopener\">Volet 3<\/a><\/li>\n<\/ul>\n\n\n\n<p><\/p>\n<\/div>\n","protected":false},"excerpt":{"rendered":"<p>FastStone Image Viewer FSIV est une visionneuse tr\u00e8s performante qui affiche tous les formats d&rsquo;image y compris les RAW. Elle permet en outre de r\u00e9aliser rapidement les r\u00e9glages courants comme le redressement, le recadrage, le redimensionnement et m\u00eame la suppression de petits d\u00e9fauts. Un petit tuto d&rsquo;initiation de deux pages vous initie \u00e0 ce petit [&hellip;]<\/p>\n","protected":false},"author":1,"featured_media":0,"parent":0,"menu_order":0,"comment_status":"closed","ping_status":"open","template":"","meta":{"_uag_custom_page_level_css":"","footnotes":""},"class_list":["post-474","page","type-page","status-publish","hentry"],"yoast_head":"<!-- This site is optimized with the Yoast SEO plugin v25.6 - https:\/\/yoast.com\/wordpress\/plugins\/seo\/ -->\n<title>FastStone Image Viewer - Au large avec GIMP<\/title>\n<meta name=\"robots\" content=\"index, follow, max-snippet:-1, max-image-preview:large, max-video-preview:-1\" \/>\n<link rel=\"canonical\" href=\"https:\/\/skrav.fr\/alag\/faststone-image-viewer\/\" \/>\n<meta property=\"og:locale\" content=\"fr_FR\" \/>\n<meta property=\"og:type\" content=\"article\" \/>\n<meta property=\"og:title\" content=\"FastStone Image Viewer - Au large avec GIMP\" \/>\n<meta property=\"og:description\" content=\"FastStone Image Viewer FSIV est une visionneuse tr\u00e8s performante qui affiche tous les formats d&rsquo;image y compris les RAW. Elle permet en outre de r\u00e9aliser rapidement les r\u00e9glages courants comme le redressement, le recadrage, le redimensionnement et m\u00eame la suppression de petits d\u00e9fauts. Un petit tuto d&rsquo;initiation de deux pages vous initie \u00e0 ce petit [&hellip;]\" \/>\n<meta property=\"og:url\" content=\"https:\/\/skrav.fr\/alag\/faststone-image-viewer\/\" \/>\n<meta property=\"og:site_name\" content=\"Au large avec GIMP\" \/>\n<meta property=\"article:modified_time\" content=\"2024-04-26T15:23:52+00:00\" \/>\n<meta name=\"twitter:card\" content=\"summary_large_image\" \/>\n<meta name=\"twitter:label1\" content=\"Dur\u00e9e de lecture estim\u00e9e\" \/>\n\t<meta name=\"twitter:data1\" content=\"1 minute\" \/>\n<script type=\"application\/ld+json\" class=\"yoast-schema-graph\">{\"@context\":\"https:\/\/schema.org\",\"@graph\":[{\"@type\":\"WebPage\",\"@id\":\"https:\/\/skrav.fr\/alag\/faststone-image-viewer\/\",\"url\":\"https:\/\/skrav.fr\/alag\/faststone-image-viewer\/\",\"name\":\"FastStone Image Viewer - Au large avec GIMP\",\"isPartOf\":{\"@id\":\"https:\/\/skrav.fr\/alag\/#website\"},\"datePublished\":\"2020-05-25T15:22:43+00:00\",\"dateModified\":\"2024-04-26T15:23:52+00:00\",\"breadcrumb\":{\"@id\":\"https:\/\/skrav.fr\/alag\/faststone-image-viewer\/#breadcrumb\"},\"inLanguage\":\"fr-FR\",\"potentialAction\":[{\"@type\":\"ReadAction\",\"target\":[\"https:\/\/skrav.fr\/alag\/faststone-image-viewer\/\"]}]},{\"@type\":\"BreadcrumbList\",\"@id\":\"https:\/\/skrav.fr\/alag\/faststone-image-viewer\/#breadcrumb\",\"itemListElement\":[{\"@type\":\"ListItem\",\"position\":1,\"name\":\"Accueil\",\"item\":\"https:\/\/skrav.fr\/alag\/\"},{\"@type\":\"ListItem\",\"position\":2,\"name\":\"FastStone Image Viewer\"}]},{\"@type\":\"WebSite\",\"@id\":\"https:\/\/skrav.fr\/alag\/#website\",\"url\":\"https:\/\/skrav.fr\/alag\/\",\"name\":\"Au large avec GIMP\",\"description\":\"Lib\u00e9rer votre cr\u00e9ativit\u00e9 avec GIMP\",\"publisher\":{\"@id\":\"https:\/\/skrav.fr\/alag\/#organization\"},\"potentialAction\":[{\"@type\":\"SearchAction\",\"target\":{\"@type\":\"EntryPoint\",\"urlTemplate\":\"https:\/\/skrav.fr\/alag\/?s={search_term_string}\"},\"query-input\":{\"@type\":\"PropertyValueSpecification\",\"valueRequired\":true,\"valueName\":\"search_term_string\"}}],\"inLanguage\":\"fr-FR\"},{\"@type\":\"Organization\",\"@id\":\"https:\/\/skrav.fr\/alag\/#organization\",\"name\":\"Au large avec GIMP\",\"url\":\"https:\/\/skrav.fr\/alag\/\",\"logo\":{\"@type\":\"ImageObject\",\"inLanguage\":\"fr-FR\",\"@id\":\"https:\/\/skrav.fr\/alag\/#\/schema\/logo\/image\/\",\"url\":\"https:\/\/i0.wp.com\/skrav.fr\/alag\/wp-content\/uploads\/2024\/04\/Logo-sterne.png?fit=200%2C209&ssl=1\",\"contentUrl\":\"https:\/\/i0.wp.com\/skrav.fr\/alag\/wp-content\/uploads\/2024\/04\/Logo-sterne.png?fit=200%2C209&ssl=1\",\"width\":200,\"height\":209,\"caption\":\"Au large avec GIMP\"},\"image\":{\"@id\":\"https:\/\/skrav.fr\/alag\/#\/schema\/logo\/image\/\"}}]}<\/script>\n<!-- \/ Yoast SEO plugin. -->","yoast_head_json":{"title":"FastStone Image Viewer - Au large avec GIMP","robots":{"index":"index","follow":"follow","max-snippet":"max-snippet:-1","max-image-preview":"max-image-preview:large","max-video-preview":"max-video-preview:-1"},"canonical":"https:\/\/skrav.fr\/alag\/faststone-image-viewer\/","og_locale":"fr_FR","og_type":"article","og_title":"FastStone Image Viewer - Au large avec GIMP","og_description":"FastStone Image Viewer FSIV est une visionneuse tr\u00e8s performante qui affiche tous les formats d&rsquo;image y compris les RAW. Elle permet en outre de r\u00e9aliser rapidement les r\u00e9glages courants comme le redressement, le recadrage, le redimensionnement et m\u00eame la suppression de petits d\u00e9fauts. Un petit tuto d&rsquo;initiation de deux pages vous initie \u00e0 ce petit [&hellip;]","og_url":"https:\/\/skrav.fr\/alag\/faststone-image-viewer\/","og_site_name":"Au large avec GIMP","article_modified_time":"2024-04-26T15:23:52+00:00","twitter_card":"summary_large_image","twitter_misc":{"Dur\u00e9e de lecture estim\u00e9e":"1 minute"},"schema":{"@context":"https:\/\/schema.org","@graph":[{"@type":"WebPage","@id":"https:\/\/skrav.fr\/alag\/faststone-image-viewer\/","url":"https:\/\/skrav.fr\/alag\/faststone-image-viewer\/","name":"FastStone Image Viewer - Au large avec GIMP","isPartOf":{"@id":"https:\/\/skrav.fr\/alag\/#website"},"datePublished":"2020-05-25T15:22:43+00:00","dateModified":"2024-04-26T15:23:52+00:00","breadcrumb":{"@id":"https:\/\/skrav.fr\/alag\/faststone-image-viewer\/#breadcrumb"},"inLanguage":"fr-FR","potentialAction":[{"@type":"ReadAction","target":["https:\/\/skrav.fr\/alag\/faststone-image-viewer\/"]}]},{"@type":"BreadcrumbList","@id":"https:\/\/skrav.fr\/alag\/faststone-image-viewer\/#breadcrumb","itemListElement":[{"@type":"ListItem","position":1,"name":"Accueil","item":"https:\/\/skrav.fr\/alag\/"},{"@type":"ListItem","position":2,"name":"FastStone Image Viewer"}]},{"@type":"WebSite","@id":"https:\/\/skrav.fr\/alag\/#website","url":"https:\/\/skrav.fr\/alag\/","name":"Au large avec GIMP","description":"Lib\u00e9rer votre cr\u00e9ativit\u00e9 avec GIMP","publisher":{"@id":"https:\/\/skrav.fr\/alag\/#organization"},"potentialAction":[{"@type":"SearchAction","target":{"@type":"EntryPoint","urlTemplate":"https:\/\/skrav.fr\/alag\/?s={search_term_string}"},"query-input":{"@type":"PropertyValueSpecification","valueRequired":true,"valueName":"search_term_string"}}],"inLanguage":"fr-FR"},{"@type":"Organization","@id":"https:\/\/skrav.fr\/alag\/#organization","name":"Au large avec GIMP","url":"https:\/\/skrav.fr\/alag\/","logo":{"@type":"ImageObject","inLanguage":"fr-FR","@id":"https:\/\/skrav.fr\/alag\/#\/schema\/logo\/image\/","url":"https:\/\/i0.wp.com\/skrav.fr\/alag\/wp-content\/uploads\/2024\/04\/Logo-sterne.png?fit=200%2C209&ssl=1","contentUrl":"https:\/\/i0.wp.com\/skrav.fr\/alag\/wp-content\/uploads\/2024\/04\/Logo-sterne.png?fit=200%2C209&ssl=1","width":200,"height":209,"caption":"Au large avec GIMP"},"image":{"@id":"https:\/\/skrav.fr\/alag\/#\/schema\/logo\/image\/"}}]}},"uagb_featured_image_src":{"full":false,"thumbnail":false,"medium":false,"medium_large":false,"large":false,"1536x1536":false,"2048x2048":false},"uagb_author_info":{"display_name":"pierre","author_link":"https:\/\/skrav.fr\/alag\/author\/pierre\/"},"uagb_comment_info":0,"uagb_excerpt":"FastStone Image Viewer FSIV est une visionneuse tr\u00e8s performante qui affiche tous les formats d&rsquo;image y compris les RAW. Elle permet en outre de r\u00e9aliser rapidement les r\u00e9glages courants comme le redressement, le recadrage, le redimensionnement et m\u00eame la suppression de petits d\u00e9fauts. Un petit tuto d&rsquo;initiation de deux pages vous initie \u00e0 ce petit\u2026","_links":{"self":[{"href":"https:\/\/skrav.fr\/alag\/wp-json\/wp\/v2\/pages\/474"}],"collection":[{"href":"https:\/\/skrav.fr\/alag\/wp-json\/wp\/v2\/pages"}],"about":[{"href":"https:\/\/skrav.fr\/alag\/wp-json\/wp\/v2\/types\/page"}],"author":[{"embeddable":true,"href":"https:\/\/skrav.fr\/alag\/wp-json\/wp\/v2\/users\/1"}],"replies":[{"embeddable":true,"href":"https:\/\/skrav.fr\/alag\/wp-json\/wp\/v2\/comments?post=474"}],"version-history":[{"count":19,"href":"https:\/\/skrav.fr\/alag\/wp-json\/wp\/v2\/pages\/474\/revisions"}],"predecessor-version":[{"id":2750,"href":"https:\/\/skrav.fr\/alag\/wp-json\/wp\/v2\/pages\/474\/revisions\/2750"}],"wp:attachment":[{"href":"https:\/\/skrav.fr\/alag\/wp-json\/wp\/v2\/media?parent=474"}],"curies":[{"name":"wp","href":"https:\/\/api.w.org\/{rel}","templated":true}]}}