{"id":476,"date":"2020-05-25T17:24:13","date_gmt":"2020-05-25T15:24:13","guid":{"rendered":"https:\/\/skrav.fr\/aularge-wp\/?p=476"},"modified":"2024-10-15T11:36:04","modified_gmt":"2024-10-15T09:36:04","slug":"scribus","status":"publish","type":"page","link":"https:\/\/skrav.fr\/alag\/scribus\/","title":{"rendered":"Scribus"},"content":{"rendered":"\n<h2 class=\"wp-block-heading has-text-align-center has-base-2-color has-accent-2-background-color has-text-color has-background has-link-color has-xx-large-font-size wp-elements-d98c2f83a2411259a7c2702105a91e4e\" style=\"margin-top:var(--wp--preset--spacing--10);margin-bottom:var(--wp--preset--spacing--10);padding-top:var(--wp--preset--spacing--20);padding-right:var(--wp--preset--spacing--20);padding-bottom:var(--wp--preset--spacing--20);padding-left:var(--wp--preset--spacing--20)\">Scribus<\/h2>\n\n\n\n<div class=\"wp-block-group has-contrast-color has-accent-4-background-color has-text-color has-background has-link-color wp-elements-dd6cc4867040a43dc8e30e8713b89eeb has-global-padding is-layout-constrained wp-container-core-group-is-layout-1 wp-block-group-is-layout-constrained\" style=\"padding-top:0;padding-right:var(--wp--preset--spacing--20);padding-bottom:0;padding-left:var(--wp--preset--spacing--20)\">\n<p class=\"has-medium-font-size\">Scribus est un super logiciel libre et gratuit qui permet de r\u00e9aliser des mises en pages professionnelles. Nous l&rsquo;utilisons dans notre association pour r\u00e9aliser nos publications qui sont imprim\u00e9es \u00e0 plus de 2000 exemplaires deux fois par an. Je l&rsquo;utilise plus modestement pour cr\u00e9er tous mes tutos au format PDF, notamment le tuto d&rsquo;initiation ci-joint :\u00a0 <strong><a href=\"https:\/\/skrav.fr\/alag\/wp-content\/uploads\/2024\/10\/Debuter-avec-Scribus2024.pdf\" target=\"_blank\" rel=\"noreferrer noopener\">D\u00e9buter avec Scribus<\/a><\/strong><\/p>\n<\/div>\n\n\n\n<p><\/p>\n","protected":false},"excerpt":{"rendered":"<p>Scribus Scribus est un super logiciel libre et gratuit qui permet de r\u00e9aliser des mises en pages professionnelles. Nous l&rsquo;utilisons dans notre association pour r\u00e9aliser nos publications qui sont imprim\u00e9es \u00e0 plus de 2000 exemplaires deux fois par an. Je l&rsquo;utilise plus modestement pour cr\u00e9er tous mes tutos au format PDF, notamment le tuto d&rsquo;initiation [&hellip;]<\/p>\n","protected":false},"author":1,"featured_media":0,"parent":0,"menu_order":0,"comment_status":"closed","ping_status":"open","template":"","meta":{"_uag_custom_page_level_css":"","footnotes":""},"class_list":["post-476","page","type-page","status-publish","hentry"],"yoast_head":"<!-- This site is optimized with the Yoast SEO plugin v25.6 - https:\/\/yoast.com\/wordpress\/plugins\/seo\/ -->\n<title>Scribus - Au large avec GIMP<\/title>\n<meta name=\"robots\" content=\"index, follow, max-snippet:-1, max-image-preview:large, max-video-preview:-1\" \/>\n<link rel=\"canonical\" href=\"https:\/\/skrav.fr\/alag\/scribus\/\" \/>\n<meta property=\"og:locale\" content=\"fr_FR\" \/>\n<meta property=\"og:type\" content=\"article\" \/>\n<meta property=\"og:title\" content=\"Scribus - Au large avec GIMP\" \/>\n<meta property=\"og:description\" content=\"Scribus Scribus est un super logiciel libre et gratuit qui permet de r\u00e9aliser des mises en pages professionnelles. Nous l&rsquo;utilisons dans notre association pour r\u00e9aliser nos publications qui sont imprim\u00e9es \u00e0 plus de 2000 exemplaires deux fois par an. Je l&rsquo;utilise plus modestement pour cr\u00e9er tous mes tutos au format PDF, notamment le tuto d&rsquo;initiation [&hellip;]\" \/>\n<meta property=\"og:url\" content=\"https:\/\/skrav.fr\/alag\/scribus\/\" \/>\n<meta property=\"og:site_name\" content=\"Au large avec GIMP\" \/>\n<meta property=\"article:modified_time\" content=\"2024-10-15T09:36:04+00:00\" \/>\n<meta name=\"twitter:card\" content=\"summary_large_image\" \/>\n<meta name=\"twitter:label1\" content=\"Dur\u00e9e de lecture estim\u00e9e\" \/>\n\t<meta name=\"twitter:data1\" content=\"1 minute\" \/>\n<script type=\"application\/ld+json\" class=\"yoast-schema-graph\">{\"@context\":\"https:\/\/schema.org\",\"@graph\":[{\"@type\":\"WebPage\",\"@id\":\"https:\/\/skrav.fr\/alag\/scribus\/\",\"url\":\"https:\/\/skrav.fr\/alag\/scribus\/\",\"name\":\"Scribus - Au large avec GIMP\",\"isPartOf\":{\"@id\":\"https:\/\/skrav.fr\/alag\/#website\"},\"datePublished\":\"2020-05-25T15:24:13+00:00\",\"dateModified\":\"2024-10-15T09:36:04+00:00\",\"breadcrumb\":{\"@id\":\"https:\/\/skrav.fr\/alag\/scribus\/#breadcrumb\"},\"inLanguage\":\"fr-FR\",\"potentialAction\":[{\"@type\":\"ReadAction\",\"target\":[\"https:\/\/skrav.fr\/alag\/scribus\/\"]}]},{\"@type\":\"BreadcrumbList\",\"@id\":\"https:\/\/skrav.fr\/alag\/scribus\/#breadcrumb\",\"itemListElement\":[{\"@type\":\"ListItem\",\"position\":1,\"name\":\"Accueil\",\"item\":\"https:\/\/skrav.fr\/alag\/\"},{\"@type\":\"ListItem\",\"position\":2,\"name\":\"Scribus\"}]},{\"@type\":\"WebSite\",\"@id\":\"https:\/\/skrav.fr\/alag\/#website\",\"url\":\"https:\/\/skrav.fr\/alag\/\",\"name\":\"Au large avec GIMP\",\"description\":\"Lib\u00e9rer votre cr\u00e9ativit\u00e9 avec GIMP\",\"publisher\":{\"@id\":\"https:\/\/skrav.fr\/alag\/#organization\"},\"potentialAction\":[{\"@type\":\"SearchAction\",\"target\":{\"@type\":\"EntryPoint\",\"urlTemplate\":\"https:\/\/skrav.fr\/alag\/?s={search_term_string}\"},\"query-input\":{\"@type\":\"PropertyValueSpecification\",\"valueRequired\":true,\"valueName\":\"search_term_string\"}}],\"inLanguage\":\"fr-FR\"},{\"@type\":\"Organization\",\"@id\":\"https:\/\/skrav.fr\/alag\/#organization\",\"name\":\"Au large avec GIMP\",\"url\":\"https:\/\/skrav.fr\/alag\/\",\"logo\":{\"@type\":\"ImageObject\",\"inLanguage\":\"fr-FR\",\"@id\":\"https:\/\/skrav.fr\/alag\/#\/schema\/logo\/image\/\",\"url\":\"https:\/\/i0.wp.com\/skrav.fr\/alag\/wp-content\/uploads\/2024\/04\/Logo-sterne.png?fit=200%2C209&ssl=1\",\"contentUrl\":\"https:\/\/i0.wp.com\/skrav.fr\/alag\/wp-content\/uploads\/2024\/04\/Logo-sterne.png?fit=200%2C209&ssl=1\",\"width\":200,\"height\":209,\"caption\":\"Au large avec GIMP\"},\"image\":{\"@id\":\"https:\/\/skrav.fr\/alag\/#\/schema\/logo\/image\/\"}}]}<\/script>\n<!-- \/ Yoast SEO plugin. -->","yoast_head_json":{"title":"Scribus - Au large avec GIMP","robots":{"index":"index","follow":"follow","max-snippet":"max-snippet:-1","max-image-preview":"max-image-preview:large","max-video-preview":"max-video-preview:-1"},"canonical":"https:\/\/skrav.fr\/alag\/scribus\/","og_locale":"fr_FR","og_type":"article","og_title":"Scribus - Au large avec GIMP","og_description":"Scribus Scribus est un super logiciel libre et gratuit qui permet de r\u00e9aliser des mises en pages professionnelles. Nous l&rsquo;utilisons dans notre association pour r\u00e9aliser nos publications qui sont imprim\u00e9es \u00e0 plus de 2000 exemplaires deux fois par an. Je l&rsquo;utilise plus modestement pour cr\u00e9er tous mes tutos au format PDF, notamment le tuto d&rsquo;initiation [&hellip;]","og_url":"https:\/\/skrav.fr\/alag\/scribus\/","og_site_name":"Au large avec GIMP","article_modified_time":"2024-10-15T09:36:04+00:00","twitter_card":"summary_large_image","twitter_misc":{"Dur\u00e9e de lecture estim\u00e9e":"1 minute"},"schema":{"@context":"https:\/\/schema.org","@graph":[{"@type":"WebPage","@id":"https:\/\/skrav.fr\/alag\/scribus\/","url":"https:\/\/skrav.fr\/alag\/scribus\/","name":"Scribus - Au large avec GIMP","isPartOf":{"@id":"https:\/\/skrav.fr\/alag\/#website"},"datePublished":"2020-05-25T15:24:13+00:00","dateModified":"2024-10-15T09:36:04+00:00","breadcrumb":{"@id":"https:\/\/skrav.fr\/alag\/scribus\/#breadcrumb"},"inLanguage":"fr-FR","potentialAction":[{"@type":"ReadAction","target":["https:\/\/skrav.fr\/alag\/scribus\/"]}]},{"@type":"BreadcrumbList","@id":"https:\/\/skrav.fr\/alag\/scribus\/#breadcrumb","itemListElement":[{"@type":"ListItem","position":1,"name":"Accueil","item":"https:\/\/skrav.fr\/alag\/"},{"@type":"ListItem","position":2,"name":"Scribus"}]},{"@type":"WebSite","@id":"https:\/\/skrav.fr\/alag\/#website","url":"https:\/\/skrav.fr\/alag\/","name":"Au large avec GIMP","description":"Lib\u00e9rer votre cr\u00e9ativit\u00e9 avec GIMP","publisher":{"@id":"https:\/\/skrav.fr\/alag\/#organization"},"potentialAction":[{"@type":"SearchAction","target":{"@type":"EntryPoint","urlTemplate":"https:\/\/skrav.fr\/alag\/?s={search_term_string}"},"query-input":{"@type":"PropertyValueSpecification","valueRequired":true,"valueName":"search_term_string"}}],"inLanguage":"fr-FR"},{"@type":"Organization","@id":"https:\/\/skrav.fr\/alag\/#organization","name":"Au large avec GIMP","url":"https:\/\/skrav.fr\/alag\/","logo":{"@type":"ImageObject","inLanguage":"fr-FR","@id":"https:\/\/skrav.fr\/alag\/#\/schema\/logo\/image\/","url":"https:\/\/i0.wp.com\/skrav.fr\/alag\/wp-content\/uploads\/2024\/04\/Logo-sterne.png?fit=200%2C209&ssl=1","contentUrl":"https:\/\/i0.wp.com\/skrav.fr\/alag\/wp-content\/uploads\/2024\/04\/Logo-sterne.png?fit=200%2C209&ssl=1","width":200,"height":209,"caption":"Au large avec GIMP"},"image":{"@id":"https:\/\/skrav.fr\/alag\/#\/schema\/logo\/image\/"}}]}},"uagb_featured_image_src":{"full":false,"thumbnail":false,"medium":false,"medium_large":false,"large":false,"1536x1536":false,"2048x2048":false},"uagb_author_info":{"display_name":"pierre","author_link":"https:\/\/skrav.fr\/alag\/author\/pierre\/"},"uagb_comment_info":0,"uagb_excerpt":"Scribus Scribus est un super logiciel libre et gratuit qui permet de r\u00e9aliser des mises en pages professionnelles. Nous l&rsquo;utilisons dans notre association pour r\u00e9aliser nos publications qui sont imprim\u00e9es \u00e0 plus de 2000 exemplaires deux fois par an. Je l&rsquo;utilise plus modestement pour cr\u00e9er tous mes tutos au format PDF, notamment le tuto d&rsquo;initiation\u2026","_links":{"self":[{"href":"https:\/\/skrav.fr\/alag\/wp-json\/wp\/v2\/pages\/476"}],"collection":[{"href":"https:\/\/skrav.fr\/alag\/wp-json\/wp\/v2\/pages"}],"about":[{"href":"https:\/\/skrav.fr\/alag\/wp-json\/wp\/v2\/types\/page"}],"author":[{"embeddable":true,"href":"https:\/\/skrav.fr\/alag\/wp-json\/wp\/v2\/users\/1"}],"replies":[{"embeddable":true,"href":"https:\/\/skrav.fr\/alag\/wp-json\/wp\/v2\/comments?post=476"}],"version-history":[{"count":12,"href":"https:\/\/skrav.fr\/alag\/wp-json\/wp\/v2\/pages\/476\/revisions"}],"predecessor-version":[{"id":3079,"href":"https:\/\/skrav.fr\/alag\/wp-json\/wp\/v2\/pages\/476\/revisions\/3079"}],"wp:attachment":[{"href":"https:\/\/skrav.fr\/alag\/wp-json\/wp\/v2\/media?parent=476"}],"curies":[{"name":"wp","href":"https:\/\/api.w.org\/{rel}","templated":true}]}}