{"id":631,"date":"2020-09-08T16:57:06","date_gmt":"2020-09-08T14:57:06","guid":{"rendered":"https:\/\/skrav.fr\/aularge-wp\/?p=631"},"modified":"2024-04-25T16:47:00","modified_gmt":"2024-04-25T14:47:00","slug":"animation-3","status":"publish","type":"page","link":"https:\/\/skrav.fr\/alag\/animation-3\/","title":{"rendered":"Animations"},"content":{"rendered":"\n<h2 class=\"wp-block-heading has-text-align-center has-base-2-color has-accent-2-background-color has-text-color has-background has-link-color wp-elements-c28eebbecf8d358819ed11049c841957\" style=\"margin-top:var(--wp--preset--spacing--10);margin-bottom:var(--wp--preset--spacing--10);padding-top:var(--wp--preset--spacing--10);padding-right:var(--wp--preset--spacing--10);padding-bottom:var(--wp--preset--spacing--10);padding-left:var(--wp--preset--spacing--10)\">Animations<\/h2>\n\n\n\n<div class=\"wp-block-group has-accent-4-background-color has-background has-global-padding is-layout-constrained wp-container-core-group-is-layout-1 wp-block-group-is-layout-constrained\" style=\"padding-top:var(--wp--preset--spacing--10);padding-right:var(--wp--preset--spacing--10);padding-bottom:var(--wp--preset--spacing--10);padding-left:var(--wp--preset--spacing--10)\">\n<p>Ces petites animations ont \u00e9t\u00e9 cr\u00e9\u00e9es par le logiciel gratuit Wink, elles permettent de comprendre comment faire certaines manipulations un peu complexes. <\/p>\n\n\n\n<p>Du fait de la disparition du logiciel Adobe flash player, ces animations ne fonctionnent plus mais sont remplac\u00e9es par des pages PDF. <\/p>\n\n\n\n<p>Bonne lecture. <\/p>\n<\/div>\n\n\n\n<figure class=\"wp-block-table is-style-regular\"><table class=\"has-accent-4-background-color has-background has-fixed-layout\"><tbody><tr><td class=\"has-text-align-left\" data-align=\"left\"><a href=\"https:\/\/skrav.fr\/alag\/wp-content\/uploads\/2021\/01\/Loutil-chemin.pdf\" target=\"_blank\" rel=\"noreferrer noopener\">Initiation \u00e0 l&rsquo;outil chemin<\/a><\/td><td class=\"has-text-align-left\" data-align=\"left\"><a href=\"https:\/\/skrav.fr\/alag\/wp-content\/uploads\/2021\/01\/Ciseaux.pdf\" target=\"_blank\" rel=\"noreferrer noopener\">Utiliser les ciseaux intelligents<\/a><\/td><\/tr><tr><td class=\"has-text-align-left\" data-align=\"left\"><a rel=\"noreferrer noopener\" href=\"https:\/\/skrav.fr\/alag\/wp-content\/uploads\/2021\/01\/Coeur.pdf\" target=\"_blank\">Dessiner un c\u0153<\/a><a href=\"https:\/\/skrav.fr\/alag\/wp-content\/uploads\/2021\/01\/Coeur.pdf\" target=\"_blank\" rel=\"noreferrer noopener\">ur<\/a><\/td><td class=\"has-text-align-left\" data-align=\"left\"><a rel=\"noreferrer noopener\" href=\"https:\/\/skrav.fr\/alag\/wp-content\/uploads\/2021\/01\/PremierPlan.pdf\" target=\"_blank\">Extraction du premier plan<\/a><\/td><\/tr><tr><td class=\"has-text-align-left\" data-align=\"left\"><a href=\"https:\/\/skrav.fr\/alag\/wp-content\/uploads\/2021\/01\/Bulle.pdf\" target=\"_blank\" rel=\"noreferrer noopener\">Cr\u00e9er une bulle (phylact\u00e8re)<\/a><\/td><td class=\"has-text-align-left\" data-align=\"left\"> <a rel=\"noreferrer noopener\" href=\"https:\/\/skrav.fr\/alag\/wp-content\/uploads\/2012\/04\/Envoi4.pdf\" target=\"_blank\">R\u00e9\u00e9chantillonnage pour envoi sur internet<\/a> <\/td><\/tr><tr><td class=\"has-text-align-left\" data-align=\"left\"><a rel=\"noreferrer noopener\" href=\"https:\/\/skrav.fr\/alag\/wp-content\/uploads\/2021\/01\/Funambule.pdf\" target=\"_blank\">Exemple de rapi\u00e9\u00e7age &#8211; Funambule<\/a><\/td><td class=\"has-text-align-left\" data-align=\"left\"><a href=\"https:\/\/skrav.fr\/alag\/wp-content\/uploads\/2021\/01\/Masque1.pdf\" target=\"_blank\" rel=\"noreferrer noopener\">Changer un ciel en d\u00e9taillant une partie<\/a><\/td><\/tr><tr><td class=\"has-text-align-left\" data-align=\"left\"><a rel=\"noreferrer noopener\" href=\"https:\/\/skrav.fr\/alag\/wp-content\/uploads\/2021\/01\/Rapiecage.pdf\" target=\"_blank\">Exemple de rapi\u00e9\u00e7age &#8211; Arcades th\u00e9\u00e2tre<\/a><\/td><td class=\"has-text-align-left\" data-align=\"left\"><a href=\"https:\/\/skrav.fr\/alag\/wp-content\/uploads\/2021\/01\/Arbre1-1.pdf\" target=\"_blank\" rel=\"noreferrer noopener\">Compl\u00e9ter un d\u00e9tail d&rsquo;un masque de calque<\/a><\/td><\/tr><tr><td class=\"has-text-align-left\" data-align=\"left\"><a href=\"https:\/\/skrav.fr\/alag\/wp-content\/uploads\/2021\/01\/XNView.pdf\" data-type=\"URL\" target=\"_blank\" rel=\"noreferrer noopener\">Traitement par lot avec XnView<\/a><\/td><td class=\"has-text-align-left\" data-align=\"left\"><a href=\"https:\/\/skrav.fr\/alag\/wp-content\/uploads\/2021\/01\/Redresser.pdf\" target=\"_blank\" rel=\"noreferrer noopener\">Redresser l&rsquo;horizon avec l&rsquo;outil de Mesure<\/a><\/td><\/tr><\/tbody><\/table><\/figure>\n","protected":false},"excerpt":{"rendered":"<p>Animations Ces petites animations ont \u00e9t\u00e9 cr\u00e9\u00e9es par le logiciel gratuit Wink, elles permettent de comprendre comment faire certaines manipulations un peu complexes. Du fait de la disparition du logiciel Adobe flash player, ces animations ne fonctionnent plus mais sont remplac\u00e9es par des pages PDF. Bonne lecture. Initiation \u00e0 l&rsquo;outil chemin Utiliser les ciseaux intelligents [&hellip;]<\/p>\n","protected":false},"author":1,"featured_media":0,"parent":0,"menu_order":0,"comment_status":"closed","ping_status":"open","template":"","meta":{"_uag_custom_page_level_css":"","footnotes":""},"class_list":["post-631","page","type-page","status-publish","hentry"],"yoast_head":"<!-- This site is optimized with the Yoast SEO plugin v25.6 - https:\/\/yoast.com\/wordpress\/plugins\/seo\/ -->\n<title>Animations - Au large avec GIMP<\/title>\n<meta name=\"robots\" content=\"index, follow, max-snippet:-1, max-image-preview:large, max-video-preview:-1\" \/>\n<link rel=\"canonical\" href=\"https:\/\/skrav.fr\/alag\/animation-3\/\" \/>\n<meta property=\"og:locale\" content=\"fr_FR\" \/>\n<meta property=\"og:type\" content=\"article\" \/>\n<meta property=\"og:title\" content=\"Animations - Au large avec GIMP\" \/>\n<meta property=\"og:description\" content=\"Animations Ces petites animations ont \u00e9t\u00e9 cr\u00e9\u00e9es par le logiciel gratuit Wink, elles permettent de comprendre comment faire certaines manipulations un peu complexes. Du fait de la disparition du logiciel Adobe flash player, ces animations ne fonctionnent plus mais sont remplac\u00e9es par des pages PDF. Bonne lecture. Initiation \u00e0 l&rsquo;outil chemin Utiliser les ciseaux intelligents [&hellip;]\" \/>\n<meta property=\"og:url\" content=\"https:\/\/skrav.fr\/alag\/animation-3\/\" \/>\n<meta property=\"og:site_name\" content=\"Au large avec GIMP\" \/>\n<meta property=\"article:modified_time\" content=\"2024-04-25T14:47:00+00:00\" \/>\n<meta name=\"twitter:card\" content=\"summary_large_image\" \/>\n<meta name=\"twitter:label1\" content=\"Dur\u00e9e de lecture estim\u00e9e\" \/>\n\t<meta name=\"twitter:data1\" content=\"1 minute\" \/>\n<script type=\"application\/ld+json\" class=\"yoast-schema-graph\">{\"@context\":\"https:\/\/schema.org\",\"@graph\":[{\"@type\":\"WebPage\",\"@id\":\"https:\/\/skrav.fr\/alag\/animation-3\/\",\"url\":\"https:\/\/skrav.fr\/alag\/animation-3\/\",\"name\":\"Animations - Au large avec GIMP\",\"isPartOf\":{\"@id\":\"https:\/\/skrav.fr\/alag\/#website\"},\"datePublished\":\"2020-09-08T14:57:06+00:00\",\"dateModified\":\"2024-04-25T14:47:00+00:00\",\"breadcrumb\":{\"@id\":\"https:\/\/skrav.fr\/alag\/animation-3\/#breadcrumb\"},\"inLanguage\":\"fr-FR\",\"potentialAction\":[{\"@type\":\"ReadAction\",\"target\":[\"https:\/\/skrav.fr\/alag\/animation-3\/\"]}]},{\"@type\":\"BreadcrumbList\",\"@id\":\"https:\/\/skrav.fr\/alag\/animation-3\/#breadcrumb\",\"itemListElement\":[{\"@type\":\"ListItem\",\"position\":1,\"name\":\"Accueil\",\"item\":\"https:\/\/skrav.fr\/alag\/\"},{\"@type\":\"ListItem\",\"position\":2,\"name\":\"Animations\"}]},{\"@type\":\"WebSite\",\"@id\":\"https:\/\/skrav.fr\/alag\/#website\",\"url\":\"https:\/\/skrav.fr\/alag\/\",\"name\":\"Au large avec GIMP\",\"description\":\"Lib\u00e9rer votre cr\u00e9ativit\u00e9 avec GIMP\",\"publisher\":{\"@id\":\"https:\/\/skrav.fr\/alag\/#organization\"},\"potentialAction\":[{\"@type\":\"SearchAction\",\"target\":{\"@type\":\"EntryPoint\",\"urlTemplate\":\"https:\/\/skrav.fr\/alag\/?s={search_term_string}\"},\"query-input\":{\"@type\":\"PropertyValueSpecification\",\"valueRequired\":true,\"valueName\":\"search_term_string\"}}],\"inLanguage\":\"fr-FR\"},{\"@type\":\"Organization\",\"@id\":\"https:\/\/skrav.fr\/alag\/#organization\",\"name\":\"Au large avec GIMP\",\"url\":\"https:\/\/skrav.fr\/alag\/\",\"logo\":{\"@type\":\"ImageObject\",\"inLanguage\":\"fr-FR\",\"@id\":\"https:\/\/skrav.fr\/alag\/#\/schema\/logo\/image\/\",\"url\":\"https:\/\/i0.wp.com\/skrav.fr\/alag\/wp-content\/uploads\/2024\/04\/Logo-sterne.png?fit=200%2C209&ssl=1\",\"contentUrl\":\"https:\/\/i0.wp.com\/skrav.fr\/alag\/wp-content\/uploads\/2024\/04\/Logo-sterne.png?fit=200%2C209&ssl=1\",\"width\":200,\"height\":209,\"caption\":\"Au large avec GIMP\"},\"image\":{\"@id\":\"https:\/\/skrav.fr\/alag\/#\/schema\/logo\/image\/\"}}]}<\/script>\n<!-- \/ Yoast SEO plugin. -->","yoast_head_json":{"title":"Animations - Au large avec GIMP","robots":{"index":"index","follow":"follow","max-snippet":"max-snippet:-1","max-image-preview":"max-image-preview:large","max-video-preview":"max-video-preview:-1"},"canonical":"https:\/\/skrav.fr\/alag\/animation-3\/","og_locale":"fr_FR","og_type":"article","og_title":"Animations - Au large avec GIMP","og_description":"Animations Ces petites animations ont \u00e9t\u00e9 cr\u00e9\u00e9es par le logiciel gratuit Wink, elles permettent de comprendre comment faire certaines manipulations un peu complexes. Du fait de la disparition du logiciel Adobe flash player, ces animations ne fonctionnent plus mais sont remplac\u00e9es par des pages PDF. Bonne lecture. Initiation \u00e0 l&rsquo;outil chemin Utiliser les ciseaux intelligents [&hellip;]","og_url":"https:\/\/skrav.fr\/alag\/animation-3\/","og_site_name":"Au large avec GIMP","article_modified_time":"2024-04-25T14:47:00+00:00","twitter_card":"summary_large_image","twitter_misc":{"Dur\u00e9e de lecture estim\u00e9e":"1 minute"},"schema":{"@context":"https:\/\/schema.org","@graph":[{"@type":"WebPage","@id":"https:\/\/skrav.fr\/alag\/animation-3\/","url":"https:\/\/skrav.fr\/alag\/animation-3\/","name":"Animations - Au large avec GIMP","isPartOf":{"@id":"https:\/\/skrav.fr\/alag\/#website"},"datePublished":"2020-09-08T14:57:06+00:00","dateModified":"2024-04-25T14:47:00+00:00","breadcrumb":{"@id":"https:\/\/skrav.fr\/alag\/animation-3\/#breadcrumb"},"inLanguage":"fr-FR","potentialAction":[{"@type":"ReadAction","target":["https:\/\/skrav.fr\/alag\/animation-3\/"]}]},{"@type":"BreadcrumbList","@id":"https:\/\/skrav.fr\/alag\/animation-3\/#breadcrumb","itemListElement":[{"@type":"ListItem","position":1,"name":"Accueil","item":"https:\/\/skrav.fr\/alag\/"},{"@type":"ListItem","position":2,"name":"Animations"}]},{"@type":"WebSite","@id":"https:\/\/skrav.fr\/alag\/#website","url":"https:\/\/skrav.fr\/alag\/","name":"Au large avec GIMP","description":"Lib\u00e9rer votre cr\u00e9ativit\u00e9 avec GIMP","publisher":{"@id":"https:\/\/skrav.fr\/alag\/#organization"},"potentialAction":[{"@type":"SearchAction","target":{"@type":"EntryPoint","urlTemplate":"https:\/\/skrav.fr\/alag\/?s={search_term_string}"},"query-input":{"@type":"PropertyValueSpecification","valueRequired":true,"valueName":"search_term_string"}}],"inLanguage":"fr-FR"},{"@type":"Organization","@id":"https:\/\/skrav.fr\/alag\/#organization","name":"Au large avec GIMP","url":"https:\/\/skrav.fr\/alag\/","logo":{"@type":"ImageObject","inLanguage":"fr-FR","@id":"https:\/\/skrav.fr\/alag\/#\/schema\/logo\/image\/","url":"https:\/\/i0.wp.com\/skrav.fr\/alag\/wp-content\/uploads\/2024\/04\/Logo-sterne.png?fit=200%2C209&ssl=1","contentUrl":"https:\/\/i0.wp.com\/skrav.fr\/alag\/wp-content\/uploads\/2024\/04\/Logo-sterne.png?fit=200%2C209&ssl=1","width":200,"height":209,"caption":"Au large avec GIMP"},"image":{"@id":"https:\/\/skrav.fr\/alag\/#\/schema\/logo\/image\/"}}]}},"uagb_featured_image_src":{"full":false,"thumbnail":false,"medium":false,"medium_large":false,"large":false,"1536x1536":false,"2048x2048":false},"uagb_author_info":{"display_name":"pierre","author_link":"https:\/\/skrav.fr\/alag\/author\/pierre\/"},"uagb_comment_info":0,"uagb_excerpt":"Animations Ces petites animations ont \u00e9t\u00e9 cr\u00e9\u00e9es par le logiciel gratuit Wink, elles permettent de comprendre comment faire certaines manipulations un peu complexes. Du fait de la disparition du logiciel Adobe flash player, ces animations ne fonctionnent plus mais sont remplac\u00e9es par des pages PDF. Bonne lecture. Initiation \u00e0 l&rsquo;outil chemin Utiliser les ciseaux intelligents\u2026","_links":{"self":[{"href":"https:\/\/skrav.fr\/alag\/wp-json\/wp\/v2\/pages\/631"}],"collection":[{"href":"https:\/\/skrav.fr\/alag\/wp-json\/wp\/v2\/pages"}],"about":[{"href":"https:\/\/skrav.fr\/alag\/wp-json\/wp\/v2\/types\/page"}],"author":[{"embeddable":true,"href":"https:\/\/skrav.fr\/alag\/wp-json\/wp\/v2\/users\/1"}],"replies":[{"embeddable":true,"href":"https:\/\/skrav.fr\/alag\/wp-json\/wp\/v2\/comments?post=631"}],"version-history":[{"count":35,"href":"https:\/\/skrav.fr\/alag\/wp-json\/wp\/v2\/pages\/631\/revisions"}],"predecessor-version":[{"id":2689,"href":"https:\/\/skrav.fr\/alag\/wp-json\/wp\/v2\/pages\/631\/revisions\/2689"}],"wp:attachment":[{"href":"https:\/\/skrav.fr\/alag\/wp-json\/wp\/v2\/media?parent=631"}],"curies":[{"name":"wp","href":"https:\/\/api.w.org\/{rel}","templated":true}]}}