{"id":973,"date":"2021-08-05T19:24:21","date_gmt":"2021-08-05T17:24:21","guid":{"rendered":"https:\/\/skrav.fr\/aularge-wp\/?page_id=973"},"modified":"2024-05-13T11:23:31","modified_gmt":"2024-05-13T09:23:31","slug":"darktable","status":"publish","type":"page","link":"https:\/\/skrav.fr\/alag\/darktable\/","title":{"rendered":"Darktable"},"content":{"rendered":"\n<div class=\"wp-block-group is-nowrap is-layout-flex wp-container-core-group-is-layout-1 wp-block-group-is-layout-flex\" style=\"padding-top:var(--wp--preset--spacing--10);padding-bottom:var(--wp--preset--spacing--10)\">\n<figure class=\"wp-block-image aligncenter size-full is-resized\"><img data-recalc-dims=\"1\" loading=\"lazy\" decoding=\"async\" width=\"768\" height=\"768\" src=\"https:\/\/i0.wp.com\/skrav.fr\/alag\/wp-content\/uploads\/2024\/03\/Darktable_icon-768x768-1.png?resize=768%2C768&#038;ssl=1\" alt=\"\" class=\"wp-image-2266\" style=\"width:122px;height:auto\" srcset=\"https:\/\/i0.wp.com\/skrav.fr\/alag\/wp-content\/uploads\/2024\/03\/Darktable_icon-768x768-1.png?w=768&amp;ssl=1 768w, https:\/\/i0.wp.com\/skrav.fr\/alag\/wp-content\/uploads\/2024\/03\/Darktable_icon-768x768-1.png?resize=300%2C300&amp;ssl=1 300w, https:\/\/i0.wp.com\/skrav.fr\/alag\/wp-content\/uploads\/2024\/03\/Darktable_icon-768x768-1.png?resize=150%2C150&amp;ssl=1 150w\" sizes=\"(max-width: 768px) 100vw, 768px\" \/><\/figure>\n\n\n<h1 class=\"wp-block-post-title\">Darktable<\/h1><\/div>\n\n\n\n<div class=\"wp-block-query alignwide is-layout-flow wp-block-query-is-layout-flow\"><ul class=\"has-link-color columns-3 wp-elements-df37ce988714deb83303c63fbeb44145 wp-block-post-template is-layout-grid wp-container-core-post-template-is-layout-1 wp-block-post-template-is-layout-grid\"><li class=\"wp-block-post post-213 post type-post status-publish format-standard hentry category-darktable\">\n<h2 style=\"padding-right:var(--wp--preset--spacing--10);padding-left:var(--wp--preset--spacing--10);\" class=\"wp-block-post-title wp-elements-df37ce988714deb83303c63fbeb44145\"><a href=\"https:\/\/skrav.fr\/alag\/intoduction-a-darktable\/\" target=\"_self\" >Introduction \u00e0 DarkTable<\/a><\/h2>\n\n<div class=\"has-text-align-center wp-block-post-date\"><time datetime=\"2019-08-01T09:49:41+02:00\">1 ao\u00fbt 2019<\/time><\/div>\n\n<div style=\"padding-right:var(--wp--preset--spacing--10);padding-left:var(--wp--preset--spacing--10);\" class=\"wp-block-post-excerpt\"><p class=\"wp-block-post-excerpt__excerpt\">Depuis quelque temps, il m&rsquo;\u00e9tait demand\u00e9 dans la formation \u00e0 GIMP s&rsquo;il pouvait traiter les photos RAW (brutes). La r\u00e9ponse \u00e9tait non, car GIMP n&rsquo;est pas un D\u00e9rawtiseur. Il existait bien le logiciel Rawtherapee qui permettait ce travail et qui faisait l&rsquo;objet d&rsquo;une formation au sein de notre atelier, mais elle n&rsquo;avait aucun lien avec\u2026 <\/p><\/div>\n<\/li><li class=\"wp-block-post post-796 post type-post status-publish format-standard hentry category-darktable\">\n<h2 style=\"padding-right:var(--wp--preset--spacing--10);padding-left:var(--wp--preset--spacing--10);\" class=\"wp-block-post-title wp-elements-df37ce988714deb83303c63fbeb44145\"><a href=\"https:\/\/skrav.fr\/alag\/introduction-a-darktable-3-4\/\" target=\"_self\" >Introduction \u00e0 Darktable 3.4 (vid\u00e9o)<\/a><\/h2>\n\n<div class=\"has-text-align-center wp-block-post-date\"><time datetime=\"2021-02-08T23:17:01+01:00\">8 f\u00e9vrier 2021<\/time><\/div>\n\n<div style=\"padding-right:var(--wp--preset--spacing--10);padding-left:var(--wp--preset--spacing--10);\" class=\"wp-block-post-excerpt\"><p class=\"wp-block-post-excerpt__excerpt\">Une nouvelle version de Darktable est sortie en d\u00e9cembre 2020, la version 3.4 et celle-ci diff\u00e8re sensiblement des versions pr\u00e9c\u00e9dentes. Pour vous pr\u00e9senter ce logiciel libre et gratuit, j&rsquo;ai r\u00e9alis\u00e9 une vid\u00e9o qui montre comment le t\u00e9l\u00e9charger et l&rsquo;installer sur votre ordinateur. Ensuite je vous fais visiter ses deux parties essentielles : la table lumineuse\u2026 <\/p><\/div>\n<\/li><li class=\"wp-block-post post-799 post type-post status-publish format-standard hentry category-darktable\">\n<h2 style=\"padding-right:var(--wp--preset--spacing--10);padding-left:var(--wp--preset--spacing--10);\" class=\"wp-block-post-title wp-elements-df37ce988714deb83303c63fbeb44145\"><a href=\"https:\/\/skrav.fr\/alag\/catalogage-dans-darktable\/\" target=\"_self\" >Catalogage dans Darktable<\/a><\/h2>\n\n<div class=\"has-text-align-center wp-block-post-date\"><time datetime=\"2021-02-08T23:25:55+01:00\">8 f\u00e9vrier 2021<\/time><\/div>\n\n<div style=\"padding-right:var(--wp--preset--spacing--10);padding-left:var(--wp--preset--spacing--10);\" class=\"wp-block-post-excerpt\"><p class=\"wp-block-post-excerpt__excerpt\">Une des fonctions importante de Darktable est le catalogage. Dans le tuto suivant je vous montre l&rsquo;utilisation d&rsquo;une partie des outils qui permettent de trier, ranger, cr\u00e9er des collections dans Darktable. Tuto catalogage Dossier images : Finist\u00e8re <\/p><\/div>\n<\/li><li class=\"wp-block-post post-791 post type-post status-publish format-standard hentry category-darktable\">\n<h2 style=\"padding-right:var(--wp--preset--spacing--10);padding-left:var(--wp--preset--spacing--10);\" class=\"wp-block-post-title wp-elements-df37ce988714deb83303c63fbeb44145\"><a href=\"https:\/\/skrav.fr\/alag\/creer-un-prereglage-de-modules-dans-darktable\/\" target=\"_self\" >Cr\u00e9er une liste de modules favoris dans Darktable (vid\u00e9o)<\/a><\/h2>\n\n<div class=\"has-text-align-center wp-block-post-date\"><time datetime=\"2021-02-08T23:28:00+01:00\">8 f\u00e9vrier 2021<\/time><\/div>\n\n<div style=\"padding-right:var(--wp--preset--spacing--10);padding-left:var(--wp--preset--spacing--10);\" class=\"wp-block-post-excerpt\"><p class=\"wp-block-post-excerpt__excerpt\">J&rsquo;ai enregistr\u00e9 une petite vid\u00e9o expliquant comment rajouter un pr\u00e9r\u00e9glage de liste de modules favoris dans la chambre noire. Cette vid\u00e9o se trouve ici : Pr\u00e9r\u00e9glage en vid\u00e9o <\/p><\/div>\n<\/li><li class=\"wp-block-post post-804 post type-post status-publish format-standard hentry category-darktable\">\n<h2 style=\"padding-right:var(--wp--preset--spacing--10);padding-left:var(--wp--preset--spacing--10);\" class=\"wp-block-post-title wp-elements-df37ce988714deb83303c63fbeb44145\"><a href=\"https:\/\/skrav.fr\/alag\/premiers-developpements-avec-darktable\/\" target=\"_self\" >Premiers d\u00e9veloppements avec Darktable<\/a><\/h2>\n\n<div class=\"has-text-align-center wp-block-post-date\"><time datetime=\"2021-02-09T10:53:12+01:00\">9 f\u00e9vrier 2021<\/time><\/div>\n\n<div style=\"padding-right:var(--wp--preset--spacing--10);padding-left:var(--wp--preset--spacing--10);\" class=\"wp-block-post-excerpt\"><p class=\"wp-block-post-excerpt__excerpt\">Dans le pdf Cours DT3, , je vous explique l&rsquo;utilisation de quelques modules de base \u00e0 travers quelques exemples. Les images des exemples sont dans ce document : Images cours DT <\/p><\/div>\n<\/li><li class=\"wp-block-post post-814 post type-post status-publish format-standard hentry category-darktable\">\n<h2 style=\"padding-right:var(--wp--preset--spacing--10);padding-left:var(--wp--preset--spacing--10);\" class=\"wp-block-post-title wp-elements-df37ce988714deb83303c63fbeb44145\"><a href=\"https:\/\/skrav.fr\/alag\/faire-murir-une-tomate\/\" target=\"_self\" >DT-Faire m\u00fbrir une tomate (vid\u00e9o)<\/a><\/h2>\n\n<div class=\"has-text-align-center wp-block-post-date\"><time datetime=\"2021-03-11T12:23:37+01:00\">11 mars 2021<\/time><\/div>\n\n<div style=\"padding-right:var(--wp--preset--spacing--10);padding-left:var(--wp--preset--spacing--10);\" class=\"wp-block-post-excerpt\"><p class=\"wp-block-post-excerpt__excerpt\">Dans cette petite vid\u00e9o, je vous montre comment faire m\u00fbrir rapidement une tomate en utilisant le module Zones de couleurs. Ce module permet \u00e9galement de modifier la clart\u00e9 et la saturation sur des zones particuli\u00e8res et sur des \u00e9l\u00e9ments en utilisant les masques. Vid\u00e9o : zones de couleurs Pour plus de pr\u00e9cisions sur ce module\u2026 <\/p><\/div>\n<\/li><li class=\"wp-block-post post-819 post type-post status-publish format-standard hentry category-darktable\">\n<h2 style=\"padding-right:var(--wp--preset--spacing--10);padding-left:var(--wp--preset--spacing--10);\" class=\"wp-block-post-title wp-elements-df37ce988714deb83303c63fbeb44145\"><a href=\"https:\/\/skrav.fr\/alag\/masques-dessines\/\" target=\"_self\" >DT-Masques dessin\u00e9s et param\u00e9triques<\/a><\/h2>\n\n<div class=\"has-text-align-center wp-block-post-date\"><time datetime=\"2021-03-17T15:29:41+01:00\">17 mars 2021<\/time><\/div>\n\n<div style=\"padding-right:var(--wp--preset--spacing--10);padding-left:var(--wp--preset--spacing--10);\" class=\"wp-block-post-excerpt\"><p class=\"wp-block-post-excerpt__excerpt\">Dans le document suivant, je vous explique la m\u00e9thode utilis\u00e9e par DT pour combiner ses masques et comment utiliser efficacement la combinaison masque param\u00e9trique et masque dessin\u00e9 pour appliquer un module \u00e0 une partie de l&rsquo;image. La combinaison des masques Dans cette vid\u00e9o, je vous montre comment utiliser les masques dessin\u00e9s et param\u00e9triques de DT\u2026 <\/p><\/div>\n<\/li><li class=\"wp-block-post post-825 post type-post status-publish format-standard hentry category-darktable\">\n<h2 style=\"padding-right:var(--wp--preset--spacing--10);padding-left:var(--wp--preset--spacing--10);\" class=\"wp-block-post-title wp-elements-df37ce988714deb83303c63fbeb44145\"><a href=\"https:\/\/skrav.fr\/alag\/egaliseur-de-ton\/\" target=\"_self\" >DT-\u00c9galiseur de ton (vid\u00e9o)<\/a><\/h2>\n\n<div class=\"has-text-align-center wp-block-post-date\"><time datetime=\"2021-03-17T15:43:09+01:00\">17 mars 2021<\/time><\/div>\n\n<div style=\"padding-right:var(--wp--preset--spacing--10);padding-left:var(--wp--preset--spacing--10);\" class=\"wp-block-post-excerpt\"><p class=\"wp-block-post-excerpt__excerpt\">Une petite vid\u00e9o qui vous permet de voir l&rsquo;utilisation du module \u00e9galiseur de ton de DT pour modifier des zones particuli\u00e8res de l&rsquo;image. En suppl\u00e9ment, une petite application du module retouche pour supprimer des \u00e9l\u00e9ments g\u00eanants restant sur une image. Vid\u00e9o \u00c9galiseur <\/p><\/div>\n<\/li><li class=\"wp-block-post post-1834 post type-post status-publish format-standard hentry category-darktable\">\n<h2 style=\"padding-right:var(--wp--preset--spacing--10);padding-left:var(--wp--preset--spacing--10);\" class=\"wp-block-post-title wp-elements-df37ce988714deb83303c63fbeb44145\"><a href=\"https:\/\/skrav.fr\/alag\/darktable-4-01\/\" target=\"_self\" >Darktable 4.4.1<\/a><\/h2>\n\n<div class=\"has-text-align-center wp-block-post-date\"><time datetime=\"2024-03-03T18:23:24+01:00\">3 mars 2024<\/time><\/div>\n\n<div style=\"padding-right:var(--wp--preset--spacing--10);padding-left:var(--wp--preset--spacing--10);\" class=\"wp-block-post-excerpt\"><p class=\"wp-block-post-excerpt__excerpt\">Bonjour \u00e0 tous, je viens de mettre en ligne une actualisation des tutos d&rsquo;initiation au logiciel darktable dans sa derni\u00e8re version la 4.4.1 sortie en d\u00e9cembre 2023. Vous trouverez tous les documents \u00e0 cette adresse : Initiation \u00e0 Dartable <\/p><\/div>\n<\/li><\/ul>\n\n\n<div style=\"height:35px\" aria-hidden=\"true\" class=\"wp-block-spacer\"><\/div>\n\n\n\n\n<\/div>\n\n\n\n<div style=\"height:20px\" aria-hidden=\"true\" class=\"wp-block-spacer\"><\/div>\n\n\n\n<h2 class=\"wp-block-heading has-text-align-center has-accent-4-background-color has-background has-x-large-font-size\" style=\"margin-top:var(--wp--preset--spacing--10);margin-right:0;margin-bottom:var(--wp--preset--spacing--10);margin-left:0;padding-top:0;padding-right:var(--wp--preset--spacing--50);padding-bottom:0;padding-left:var(--wp--preset--spacing--50)\">Liste<\/h2>\n\n\n\n<div class=\"wp-block-group has-accent-4-background-color has-background has-global-padding is-layout-constrained wp-block-group-is-layout-constrained\">\n<p class=\"has-accent-4-background-color has-background\" style=\"padding-top:var(--wp--preset--spacing--10);padding-right:var(--wp--preset--spacing--10);padding-bottom:var(--wp--preset--spacing--10);padding-left:var(--wp--preset--spacing--10)\"> <ul class=\"lcp_catlist\" id=\"lcp_instance_0\"><li><a href=\"https:\/\/skrav.fr\/alag\/intoduction-a-darktable\/\">Introduction \u00e0 DarkTable<\/a><\/li><li><a href=\"https:\/\/skrav.fr\/alag\/introduction-a-darktable-3-4\/\">Introduction \u00e0 Darktable 3.4 (vid\u00e9o)<\/a><\/li><li><a href=\"https:\/\/skrav.fr\/alag\/catalogage-dans-darktable\/\">Catalogage dans Darktable<\/a><\/li><li><a href=\"https:\/\/skrav.fr\/alag\/creer-un-prereglage-de-modules-dans-darktable\/\">Cr\u00e9er une liste de modules favoris dans Darktable (vid\u00e9o)<\/a><\/li><li><a href=\"https:\/\/skrav.fr\/alag\/premiers-developpements-avec-darktable\/\">Premiers d\u00e9veloppements avec Darktable<\/a><\/li><li><a href=\"https:\/\/skrav.fr\/alag\/faire-murir-une-tomate\/\">DT-Faire m\u00fbrir une tomate (vid\u00e9o)<\/a><\/li><li><a href=\"https:\/\/skrav.fr\/alag\/masques-dessines\/\">DT-Masques dessin\u00e9s et param\u00e9triques<\/a><\/li><li><a href=\"https:\/\/skrav.fr\/alag\/egaliseur-de-ton\/\">DT-\u00c9galiseur de ton (vid\u00e9o)<\/a><\/li><li><a href=\"https:\/\/skrav.fr\/alag\/darktable-4-01\/\">Darktable 4.4.1<\/a><\/li><\/ul> <\/p>\n<\/div>\n","protected":false},"excerpt":{"rendered":"<p>Liste<\/p>\n","protected":false},"author":1,"featured_media":0,"parent":0,"menu_order":0,"comment_status":"closed","ping_status":"closed","template":"","meta":{"_uag_custom_page_level_css":"","footnotes":""},"class_list":["post-973","page","type-page","status-publish","hentry"],"yoast_head":"<!-- This site is optimized with the Yoast SEO plugin v25.6 - https:\/\/yoast.com\/wordpress\/plugins\/seo\/ -->\n<title>Darktable - Au large avec GIMP<\/title>\n<meta name=\"robots\" content=\"index, follow, max-snippet:-1, max-image-preview:large, max-video-preview:-1\" \/>\n<link rel=\"canonical\" href=\"https:\/\/skrav.fr\/alag\/darktable\/\" \/>\n<meta property=\"og:locale\" content=\"fr_FR\" \/>\n<meta property=\"og:type\" content=\"article\" \/>\n<meta property=\"og:title\" content=\"Darktable - Au large avec GIMP\" \/>\n<meta property=\"og:description\" content=\"Liste\" \/>\n<meta property=\"og:url\" content=\"https:\/\/skrav.fr\/alag\/darktable\/\" \/>\n<meta property=\"og:site_name\" content=\"Au large avec GIMP\" \/>\n<meta property=\"article:modified_time\" content=\"2024-05-13T09:23:31+00:00\" \/>\n<meta property=\"og:image\" content=\"https:\/\/skrav.fr\/alag\/wp-content\/uploads\/2024\/03\/Darktable_icon-768x768-1.png\" \/>\n<meta name=\"twitter:card\" content=\"summary_large_image\" \/>\n<meta name=\"twitter:label1\" content=\"Dur\u00e9e de lecture estim\u00e9e\" \/>\n\t<meta name=\"twitter:data1\" content=\"1 minute\" \/>\n<script type=\"application\/ld+json\" class=\"yoast-schema-graph\">{\"@context\":\"https:\/\/schema.org\",\"@graph\":[{\"@type\":\"WebPage\",\"@id\":\"https:\/\/skrav.fr\/alag\/darktable\/\",\"url\":\"https:\/\/skrav.fr\/alag\/darktable\/\",\"name\":\"Darktable - Au large avec GIMP\",\"isPartOf\":{\"@id\":\"https:\/\/skrav.fr\/alag\/#website\"},\"primaryImageOfPage\":{\"@id\":\"https:\/\/skrav.fr\/alag\/darktable\/#primaryimage\"},\"image\":{\"@id\":\"https:\/\/skrav.fr\/alag\/darktable\/#primaryimage\"},\"thumbnailUrl\":\"https:\/\/skrav.fr\/alag\/wp-content\/uploads\/2024\/03\/Darktable_icon-768x768-1.png\",\"datePublished\":\"2021-08-05T17:24:21+00:00\",\"dateModified\":\"2024-05-13T09:23:31+00:00\",\"breadcrumb\":{\"@id\":\"https:\/\/skrav.fr\/alag\/darktable\/#breadcrumb\"},\"inLanguage\":\"fr-FR\",\"potentialAction\":[{\"@type\":\"ReadAction\",\"target\":[\"https:\/\/skrav.fr\/alag\/darktable\/\"]}]},{\"@type\":\"ImageObject\",\"inLanguage\":\"fr-FR\",\"@id\":\"https:\/\/skrav.fr\/alag\/darktable\/#primaryimage\",\"url\":\"https:\/\/i0.wp.com\/skrav.fr\/alag\/wp-content\/uploads\/2024\/03\/Darktable_icon-768x768-1.png?fit=768%2C768&ssl=1\",\"contentUrl\":\"https:\/\/i0.wp.com\/skrav.fr\/alag\/wp-content\/uploads\/2024\/03\/Darktable_icon-768x768-1.png?fit=768%2C768&ssl=1\",\"width\":768,\"height\":768},{\"@type\":\"BreadcrumbList\",\"@id\":\"https:\/\/skrav.fr\/alag\/darktable\/#breadcrumb\",\"itemListElement\":[{\"@type\":\"ListItem\",\"position\":1,\"name\":\"Accueil\",\"item\":\"https:\/\/skrav.fr\/alag\/\"},{\"@type\":\"ListItem\",\"position\":2,\"name\":\"Darktable\"}]},{\"@type\":\"WebSite\",\"@id\":\"https:\/\/skrav.fr\/alag\/#website\",\"url\":\"https:\/\/skrav.fr\/alag\/\",\"name\":\"Au large avec GIMP\",\"description\":\"Lib\u00e9rer votre cr\u00e9ativit\u00e9 avec GIMP\",\"publisher\":{\"@id\":\"https:\/\/skrav.fr\/alag\/#organization\"},\"potentialAction\":[{\"@type\":\"SearchAction\",\"target\":{\"@type\":\"EntryPoint\",\"urlTemplate\":\"https:\/\/skrav.fr\/alag\/?s={search_term_string}\"},\"query-input\":{\"@type\":\"PropertyValueSpecification\",\"valueRequired\":true,\"valueName\":\"search_term_string\"}}],\"inLanguage\":\"fr-FR\"},{\"@type\":\"Organization\",\"@id\":\"https:\/\/skrav.fr\/alag\/#organization\",\"name\":\"Au large avec GIMP\",\"url\":\"https:\/\/skrav.fr\/alag\/\",\"logo\":{\"@type\":\"ImageObject\",\"inLanguage\":\"fr-FR\",\"@id\":\"https:\/\/skrav.fr\/alag\/#\/schema\/logo\/image\/\",\"url\":\"https:\/\/i0.wp.com\/skrav.fr\/alag\/wp-content\/uploads\/2024\/04\/Logo-sterne.png?fit=200%2C209&ssl=1\",\"contentUrl\":\"https:\/\/i0.wp.com\/skrav.fr\/alag\/wp-content\/uploads\/2024\/04\/Logo-sterne.png?fit=200%2C209&ssl=1\",\"width\":200,\"height\":209,\"caption\":\"Au large avec GIMP\"},\"image\":{\"@id\":\"https:\/\/skrav.fr\/alag\/#\/schema\/logo\/image\/\"}}]}<\/script>\n<!-- \/ Yoast SEO plugin. -->","yoast_head_json":{"title":"Darktable - Au large avec GIMP","robots":{"index":"index","follow":"follow","max-snippet":"max-snippet:-1","max-image-preview":"max-image-preview:large","max-video-preview":"max-video-preview:-1"},"canonical":"https:\/\/skrav.fr\/alag\/darktable\/","og_locale":"fr_FR","og_type":"article","og_title":"Darktable - Au large avec GIMP","og_description":"Liste","og_url":"https:\/\/skrav.fr\/alag\/darktable\/","og_site_name":"Au large avec GIMP","article_modified_time":"2024-05-13T09:23:31+00:00","og_image":[{"url":"https:\/\/skrav.fr\/alag\/wp-content\/uploads\/2024\/03\/Darktable_icon-768x768-1.png","type":"","width":"","height":""}],"twitter_card":"summary_large_image","twitter_misc":{"Dur\u00e9e de lecture estim\u00e9e":"1 minute"},"schema":{"@context":"https:\/\/schema.org","@graph":[{"@type":"WebPage","@id":"https:\/\/skrav.fr\/alag\/darktable\/","url":"https:\/\/skrav.fr\/alag\/darktable\/","name":"Darktable - Au large avec GIMP","isPartOf":{"@id":"https:\/\/skrav.fr\/alag\/#website"},"primaryImageOfPage":{"@id":"https:\/\/skrav.fr\/alag\/darktable\/#primaryimage"},"image":{"@id":"https:\/\/skrav.fr\/alag\/darktable\/#primaryimage"},"thumbnailUrl":"https:\/\/skrav.fr\/alag\/wp-content\/uploads\/2024\/03\/Darktable_icon-768x768-1.png","datePublished":"2021-08-05T17:24:21+00:00","dateModified":"2024-05-13T09:23:31+00:00","breadcrumb":{"@id":"https:\/\/skrav.fr\/alag\/darktable\/#breadcrumb"},"inLanguage":"fr-FR","potentialAction":[{"@type":"ReadAction","target":["https:\/\/skrav.fr\/alag\/darktable\/"]}]},{"@type":"ImageObject","inLanguage":"fr-FR","@id":"https:\/\/skrav.fr\/alag\/darktable\/#primaryimage","url":"https:\/\/i0.wp.com\/skrav.fr\/alag\/wp-content\/uploads\/2024\/03\/Darktable_icon-768x768-1.png?fit=768%2C768&ssl=1","contentUrl":"https:\/\/i0.wp.com\/skrav.fr\/alag\/wp-content\/uploads\/2024\/03\/Darktable_icon-768x768-1.png?fit=768%2C768&ssl=1","width":768,"height":768},{"@type":"BreadcrumbList","@id":"https:\/\/skrav.fr\/alag\/darktable\/#breadcrumb","itemListElement":[{"@type":"ListItem","position":1,"name":"Accueil","item":"https:\/\/skrav.fr\/alag\/"},{"@type":"ListItem","position":2,"name":"Darktable"}]},{"@type":"WebSite","@id":"https:\/\/skrav.fr\/alag\/#website","url":"https:\/\/skrav.fr\/alag\/","name":"Au large avec GIMP","description":"Lib\u00e9rer votre cr\u00e9ativit\u00e9 avec GIMP","publisher":{"@id":"https:\/\/skrav.fr\/alag\/#organization"},"potentialAction":[{"@type":"SearchAction","target":{"@type":"EntryPoint","urlTemplate":"https:\/\/skrav.fr\/alag\/?s={search_term_string}"},"query-input":{"@type":"PropertyValueSpecification","valueRequired":true,"valueName":"search_term_string"}}],"inLanguage":"fr-FR"},{"@type":"Organization","@id":"https:\/\/skrav.fr\/alag\/#organization","name":"Au large avec GIMP","url":"https:\/\/skrav.fr\/alag\/","logo":{"@type":"ImageObject","inLanguage":"fr-FR","@id":"https:\/\/skrav.fr\/alag\/#\/schema\/logo\/image\/","url":"https:\/\/i0.wp.com\/skrav.fr\/alag\/wp-content\/uploads\/2024\/04\/Logo-sterne.png?fit=200%2C209&ssl=1","contentUrl":"https:\/\/i0.wp.com\/skrav.fr\/alag\/wp-content\/uploads\/2024\/04\/Logo-sterne.png?fit=200%2C209&ssl=1","width":200,"height":209,"caption":"Au large avec GIMP"},"image":{"@id":"https:\/\/skrav.fr\/alag\/#\/schema\/logo\/image\/"}}]}},"uagb_featured_image_src":{"full":false,"thumbnail":false,"medium":false,"medium_large":false,"large":false,"1536x1536":false,"2048x2048":false},"uagb_author_info":{"display_name":"pierre","author_link":"https:\/\/skrav.fr\/alag\/author\/pierre\/"},"uagb_comment_info":0,"uagb_excerpt":"Liste","_links":{"self":[{"href":"https:\/\/skrav.fr\/alag\/wp-json\/wp\/v2\/pages\/973"}],"collection":[{"href":"https:\/\/skrav.fr\/alag\/wp-json\/wp\/v2\/pages"}],"about":[{"href":"https:\/\/skrav.fr\/alag\/wp-json\/wp\/v2\/types\/page"}],"author":[{"embeddable":true,"href":"https:\/\/skrav.fr\/alag\/wp-json\/wp\/v2\/users\/1"}],"replies":[{"embeddable":true,"href":"https:\/\/skrav.fr\/alag\/wp-json\/wp\/v2\/comments?post=973"}],"version-history":[{"count":86,"href":"https:\/\/skrav.fr\/alag\/wp-json\/wp\/v2\/pages\/973\/revisions"}],"predecessor-version":[{"id":3041,"href":"https:\/\/skrav.fr\/alag\/wp-json\/wp\/v2\/pages\/973\/revisions\/3041"}],"wp:attachment":[{"href":"https:\/\/skrav.fr\/alag\/wp-json\/wp\/v2\/media?parent=973"}],"curies":[{"name":"wp","href":"https:\/\/api.w.org\/{rel}","templated":true}]}}